{"id":1496,"date":"2018-09-17T17:07:36","date_gmt":"2018-09-17T17:07:36","guid":{"rendered":"https:\/\/albunorte.pt\/?page_id=1496"},"modified":"2020-07-28T08:38:37","modified_gmt":"2020-07-28T08:38:37","slug":"albuns-digitais","status":"publish","type":"page","link":"https:\/\/albunorte.pt\/en\/produtos\/albuns-digitais\/","title":{"rendered":"Digital Albums"},"content":{"rendered":"<div id=\"page-header-776247793\" class=\"page-header-wrapper\">\n  <div class=\"page-title dark featured-title\">\n\n    \n    <div class=\"page-title-inner container align-center flex-row medium-flex-wrap\" >\n              <div class=\"title-wrapper uppercase flex-col text-left medium-text-center\">\n          <h1 class=\"entry-title mb-0\">\n            Digital Albums          <\/h1>\n        <\/div>\n                    <div class=\"title-content flex-col flex-right text-right medium-text-center\">\n        <div class=\"title-breadcrumbs pb-half pt-half\"><nav class=\"woocommerce-breadcrumb breadcrumbs uppercase\" data-no-translation=\"\" data-trp-gettext=\"\">Home<\/nav><\/div>      <\/div>\n    <\/div>\n\n     \n<style>\n#page-header-776247793 {\n  margin-bottom: 75px;\n}\n#page-header-776247793 .title-overlay {\n  background-color: rgb(100, 166, 255);\n}\n<\/style>\n  <\/div>\n    <\/div>\n  \n\n<div class=\"digital-content has-block tooltipstered\"><a href=\"https:\/\/albunorte.pt\/en\/colecao-clare\/\" class=\"album-block\"><\/p>\n<div class=\"image\"><img decoding=\"async\" data-src=\"https:\/\/albunorte.pt\/wp-content\/uploads\/2020\/04\/claremadeiratamgrandee-1.jpg\" src=\"data:image\/svg+xml;base64,PHN2ZyB3aWR0aD0iMSIgaGVpZ2h0PSIxIiB4bWxucz0iaHR0cDovL3d3dy53My5vcmcvMjAwMC9zdmciPjwvc3ZnPg==\" class=\"lazyload\" style=\"--smush-placeholder-width: 600px; --smush-placeholder-aspect-ratio: 600\/400;\"><\/p>\n<div class=\"description\">Tendo como foco principal a categoria de casamentos, esta cole\u00e7\u00e3o com aplica\u00e7\u00e3o de renda na capa do \u00e1lbum dar\u00e1 um toque mais ousado e requintado.<\/div>\n<\/p>\n<\/div>\n<div class=\"title\">\n<h1>CLARE<\/h1>\n<\/div>\n<p><\/a><br \/><a href=\"https:\/\/albunorte.pt\/en\/categoria\/album-digital\/clare\/\" class=\"album-block\"><\/p>\n<div class=\"image\"><img decoding=\"async\" data-src=\"https:\/\/albunorte.pt\/wp-content\/uploads\/2020\/06\/flower.jpg\" src=\"data:image\/svg+xml;base64,PHN2ZyB3aWR0aD0iMSIgaGVpZ2h0PSIxIiB4bWxucz0iaHR0cDovL3d3dy53My5vcmcvMjAwMC9zdmciPjwvc3ZnPg==\" class=\"lazyload\" style=\"--smush-placeholder-width: 600px; --smush-placeholder-aspect-ratio: 600\/400;\"><\/p>\n<div class=\"description\">Capa elaborada com flores secas criando um panorama floral.<\/div>\n<\/p>\n<\/div>\n<div class=\"title\">\n<h1>FLOWER<\/h1>\n<\/div>\n<p><\/a><br \/><a href=\"https:\/\/albunorte.pt\/en\/categoria\/album-digital\/bond\/\" class=\"album-block\"><\/p>\n<div class=\"image\"><img decoding=\"async\" data-src=\"https:\/\/albunorte.pt\/wp-content\/uploads\/2020\/05\/BONDtamgrande.jpg\" src=\"data:image\/svg+xml;base64,PHN2ZyB3aWR0aD0iMSIgaGVpZ2h0PSIxIiB4bWxucz0iaHR0cDovL3d3dy53My5vcmcvMjAwMC9zdmciPjwvc3ZnPg==\" class=\"lazyload\" style=\"--smush-placeholder-width: 600px; --smush-placeholder-aspect-ratio: 600\/400;\"><\/p>\n<div class=\"description\">Uma cole\u00e7\u00e3o trendy e divertida para \u00e1buns em que ningu\u00e9m ficar\u00e1 indiferente.<\/div>\n<\/p>\n<\/div>\n<div class=\"title\">\n<h1>BOND<\/h1>\n<\/div>\n<p><\/a><br \/><a href=\"https:\/\/albunorte.pt\/en\/categoria\/album-digital\/wing\/\" class=\"album-block\"><\/p>\n<div class=\"image\"><img decoding=\"async\" data-src=\"https:\/\/albunorte.pt\/wp-content\/uploads\/2020\/05\/IMG_6583-2-scaled.jpg\" src=\"data:image\/svg+xml;base64,PHN2ZyB3aWR0aD0iMSIgaGVpZ2h0PSIxIiB4bWxucz0iaHR0cDovL3d3dy53My5vcmcvMjAwMC9zdmciPjwvc3ZnPg==\" class=\"lazyload\" style=\"--smush-placeholder-width: 1440px; --smush-placeholder-aspect-ratio: 1440\/960;\"><\/p>\n<div class=\"description\">\u00c1lbum multifacetado envolvido por 2 fitas .<\/div>\n<\/p>\n<\/div>\n<div class=\"title\">\n<h1>WING<\/h1>\n<\/div>\n<p><\/a><br \/><a href=\"https:\/\/albunorte.pt\/en\/categoria\/album-digital\/acrylics\/\" class=\"album-block\"><\/p>\n<div class=\"image\"><img decoding=\"async\" data-src=\"https:\/\/albunorte.pt\/wp-content\/uploads\/2020\/02\/IMG_3887-1.jpg\" src=\"data:image\/svg+xml;base64,PHN2ZyB3aWR0aD0iMSIgaGVpZ2h0PSIxIiB4bWxucz0iaHR0cDovL3d3dy53My5vcmcvMjAwMC9zdmciPjwvc3ZnPg==\" class=\"lazyload\" style=\"--smush-placeholder-width: 600px; --smush-placeholder-aspect-ratio: 600\/400;\"><\/p>\n<div class=\"description\">Capa com impress\u00e3o direta no acr\u00edlico e com v\u00e1rias possibilidades de recorte no acr\u00edlico. A contra capa \u00e9 feita com uma das v\u00e1rias texturas dispon\u00edveis no nosso cat\u00e1logo.<\/div>\n<\/p>\n<\/div>\n<div class=\"title\">\n<h1>ACRYLLICS<\/h1>\n<\/div>\n<p><\/a><br \/><a href=\"https:\/\/albunorte.pt\/en\/categoria\/album-digital\/aluminum\/\" class=\"album-block\"><\/p>\n<div class=\"image\"><img decoding=\"async\" data-src=\"https:\/\/albunorte.pt\/wp-content\/uploads\/2019\/02\/album-digital-Aluminum-1.jpg\" src=\"data:image\/svg+xml;base64,PHN2ZyB3aWR0aD0iMSIgaGVpZ2h0PSIxIiB4bWxucz0iaHR0cDovL3d3dy53My5vcmcvMjAwMC9zdmciPjwvc3ZnPg==\" class=\"lazyload\" style=\"--smush-placeholder-width: 600px; --smush-placeholder-aspect-ratio: 600\/400;\"><\/p>\n<div class=\"description\">Uma capa com utiliza\u00e7\u00e3o de alum\u00ednio escovado gravado a laser ou com impress\u00e3o uv direta.<\/div>\n<\/p>\n<\/div>\n<div class=\"title\">\n<h1>ALUMINUM<\/h1>\n<\/div>\n<p><\/a><br \/><a href=\"https:\/\/albunorte.pt\/en\/colecao-art-laser\/\" class=\"album-block\"><\/p>\n<div class=\"image\"><img decoding=\"async\" data-src=\"https:\/\/albunorte.pt\/wp-content\/uploads\/2020\/03\/laser.jpg\" src=\"data:image\/svg+xml;base64,PHN2ZyB3aWR0aD0iMSIgaGVpZ2h0PSIxIiB4bWxucz0iaHR0cDovL3d3dy53My5vcmcvMjAwMC9zdmciPjwvc3ZnPg==\" class=\"lazyload\" style=\"--smush-placeholder-width: 600px; --smush-placeholder-aspect-ratio: 600\/400;\"><\/p>\n<div class=\"description\">Uma cole\u00e7\u00e3o para os amantes da diferen\u00e7a, pois com este \u00e1lbum tem acesso a uma variedade imensa de layouts dispon\u00edveis para realizar a grava\u00e7\u00e3o a laser e marcar sempre o seu toque.<\/div>\n<\/p>\n<\/div>\n<div class=\"title\">\n<h1>ART (laser)<\/h1>\n<\/div>\n<p><\/a><br \/><a href=\"https:\/\/albunorte.pt\/en\/categoria\/album-digital\/custom-personalizado\/\" class=\"album-block\"><\/p>\n<div class=\"image\"><img decoding=\"async\" data-src=\"https:\/\/albunorte.pt\/wp-content\/uploads\/2019\/02\/Album-Digital-Personalizado.jpg\" src=\"data:image\/svg+xml;base64,PHN2ZyB3aWR0aD0iMSIgaGVpZ2h0PSIxIiB4bWxucz0iaHR0cDovL3d3dy53My5vcmcvMjAwMC9zdmciPjwvc3ZnPg==\" class=\"lazyload\" style=\"--smush-placeholder-width: 600px; --smush-placeholder-aspect-ratio: 600\/440;\"><\/p>\n<div class=\"description\">\u00c1lbum com capa personalizada e contracapa com textura.<\/div>\n<\/p>\n<\/div>\n<div class=\"title\">\n<h1>PERSONALIZADO<\/h1>\n<\/div>\n<p><\/a><br \/><a href=\"https:\/\/albunorte.pt\/en\/categoria\/album-digital\/classic\/\" class=\"album-block\"><\/p>\n<div class=\"image\"><img decoding=\"async\" data-src=\"https:\/\/albunorte.pt\/wp-content\/uploads\/2020\/06\/classic.jpg\" src=\"data:image\/svg+xml;base64,PHN2ZyB3aWR0aD0iMSIgaGVpZ2h0PSIxIiB4bWxucz0iaHR0cDovL3d3dy53My5vcmcvMjAwMC9zdmciPjwvc3ZnPg==\" class=\"lazyload\" style=\"--smush-placeholder-width: 600px; --smush-placeholder-aspect-ratio: 600\/400;\"><\/p>\n<div class=\"description\">Uma cole\u00e7\u00e3o b\u00e1sica e ao mesmo tempo subtil. Este \u00e1lbum possui uma capa lisa com apenas uma textura e sem qualquer abertura ou acabamento.<\/div>\n<\/p>\n<\/div>\n<div class=\"title\">\n<h1>CLASSIC<\/h1>\n<\/div>\n<p><\/a><br \/><a href=\"https:\/\/albunorte.pt\/en\/categoria\/album-digital\/embossing\/\" class=\"album-block\"><\/p>\n<div class=\"image\"><img decoding=\"async\" data-src=\"https:\/\/albunorte.pt\/wp-content\/uploads\/2020\/03\/emboss.jpg\" src=\"data:image\/svg+xml;base64,PHN2ZyB3aWR0aD0iMSIgaGVpZ2h0PSIxIiB4bWxucz0iaHR0cDovL3d3dy53My5vcmcvMjAwMC9zdmciPjwvc3ZnPg==\" class=\"lazyload\" style=\"--smush-placeholder-width: 600px; --smush-placeholder-aspect-ratio: 600\/400;\"><\/p>\n<div class=\"description\">Com a cole\u00e7\u00e3o Embossing tem uma op\u00e7\u00e3o de baixo relevo com 5 Variantes e possibilidade de 2 linhas de texto ou uma data especial.<\/div>\n<\/p>\n<\/div>\n<div class=\"title\">\n<h1>EMBOSSING<\/h1>\n<\/div>\n<p><\/a><br \/><a href=\"https:\/\/albunorte.pt\/en\/categoria\/album-digital\/gliter\/\" class=\"album-block\"><\/p>\n<div class=\"image\"><img decoding=\"async\" data-src=\"https:\/\/albunorte.pt\/wp-content\/uploads\/2018\/11\/albumC_05-1-e1542286624937-1.jpg\" src=\"data:image\/svg+xml;base64,PHN2ZyB3aWR0aD0iMSIgaGVpZ2h0PSIxIiB4bWxucz0iaHR0cDovL3d3dy53My5vcmcvMjAwMC9zdmciPjwvc3ZnPg==\" class=\"lazyload\" style=\"--smush-placeholder-width: 1000px; --smush-placeholder-aspect-ratio: 1000\/720;\"><\/p>\n<div class=\"description\">Mem\u00f3rias de um dia especial devem ser espelhadas num produto cintilante como este, onde todos os detalhes da capa s\u00e3o colocados de forma artesanal e \u00fanica no seu \u00e1lbum.<\/div>\n<\/p>\n<\/div>\n<div class=\"title\">\n<h1>GLITER<\/h1>\n<\/div>\n<p><\/a><br \/><a href=\"https:\/\/albunorte.pt\/en\/categoria\/album-digital\/metal\/\" class=\"album-block\"><\/p>\n<div class=\"image\"><img decoding=\"async\" data-src=\"https:\/\/albunorte.pt\/wp-content\/uploads\/2018\/11\/22-2.png\" src=\"data:image\/svg+xml;base64,PHN2ZyB3aWR0aD0iMSIgaGVpZ2h0PSIxIiB4bWxucz0iaHR0cDovL3d3dy53My5vcmcvMjAwMC9zdmciPjwvc3ZnPg==\" class=\"lazyload\" style=\"--smush-placeholder-width: 1147px; --smush-placeholder-aspect-ratio: 1147\/1170;\"><\/p>\n<div class=\"description\">Pequenos detalhes em alum\u00ednio escovado dourado ou prata como as iniciais ou uma data podem ser colcados na capa do seu \u00e1lbum.<\/div>\n<\/p>\n<\/div>\n<div class=\"title\">\n<h1>METAL<\/h1>\n<\/div>\n<p><\/a><br \/><a href=\"https:\/\/albunorte.pt\/en\/colecao-photobook\/\" class=\"album-block\"><\/p>\n<div class=\"image\"><img decoding=\"async\" data-src=\"https:\/\/albunorte.pt\/wp-content\/uploads\/2020\/06\/photobook.jpg\" src=\"data:image\/svg+xml;base64,PHN2ZyB3aWR0aD0iMSIgaGVpZ2h0PSIxIiB4bWxucz0iaHR0cDovL3d3dy53My5vcmcvMjAwMC9zdmciPjwvc3ZnPg==\" class=\"lazyload\" style=\"--smush-placeholder-width: 600px; --smush-placeholder-aspect-ratio: 600\/400;\"><\/p>\n<div class=\"description\">Capa totalmente personalizada e impressa em papel fotogr\u00e1fico laminado.<\/div>\n<\/p>\n<\/div>\n<div class=\"title\">\n<h1>PHOTOBOOK<\/h1>\n<\/div>\n<p><\/a><br \/><a href=\"https:\/\/albunorte.pt\/en\/categoria\/album-digital\/soft-book-capa-rapada\/\" class=\"album-block\"><\/p>\n<div class=\"image\"><img decoding=\"async\" data-src=\"https:\/\/albunorte.pt\/wp-content\/uploads\/2020\/06\/soft-book.jpg\" src=\"data:image\/svg+xml;base64,PHN2ZyB3aWR0aD0iMSIgaGVpZ2h0PSIxIiB4bWxucz0iaHR0cDovL3d3dy53My5vcmcvMjAwMC9zdmciPjwvc3ZnPg==\" class=\"lazyload\" style=\"--smush-placeholder-width: 600px; --smush-placeholder-aspect-ratio: 600\/400;\"><\/p>\n<div class=\"description\">\u00c1lbum minimalista e econ\u00f3mico com capa dura e rapada, ideal para mini sess\u00f5es de est\u00fadio.<\/div>\n<\/p>\n<\/div>\n<div class=\"title\">\n<h1>SOFT BOOK (Capa rapada)<\/h1>\n<\/div>\n<p><\/a><br \/><a href=\"https:\/\/albunorte.pt\/en\/categoria\/album-digital\/seam\/\" class=\"album-block\"><\/p>\n<div class=\"image\"><img decoding=\"async\" data-src=\"https:\/\/albunorte.pt\/wp-content\/uploads\/2020\/06\/bordado-1.jpg\" src=\"data:image\/svg+xml;base64,PHN2ZyB3aWR0aD0iMSIgaGVpZ2h0PSIxIiB4bWxucz0iaHR0cDovL3d3dy53My5vcmcvMjAwMC9zdmciPjwvc3ZnPg==\" class=\"lazyload\" style=\"--smush-placeholder-width: 600px; --smush-placeholder-aspect-ratio: 600\/400;\"><\/p>\n<div class=\"description\">Uma alternativa aos \u00e1lbuns convencionais. A capa \u00e9 apresentada com um bordado dispon\u00edvel em v\u00e1rios cores.<\/div>\n<\/p>\n<\/div>\n<div class=\"title\">\n<h1>SEAM<\/h1>\n<\/div>\n<p><\/a><br \/><a href=\"https:\/\/albunorte.pt\/en\/categoria\/album-digital\/tile\/\" class=\"album-block\"><\/p>\n<div class=\"image\"><img decoding=\"async\" data-src=\"https:\/\/albunorte.pt\/wp-content\/uploads\/2020\/06\/tile.jpg\" src=\"data:image\/svg+xml;base64,PHN2ZyB3aWR0aD0iMSIgaGVpZ2h0PSIxIiB4bWxucz0iaHR0cDovL3d3dy53My5vcmcvMjAwMC9zdmciPjwvc3ZnPg==\" class=\"lazyload\" style=\"--smush-placeholder-width: 600px; --smush-placeholder-aspect-ratio: 600\/400;\"><\/p>\n<div class=\"description\">Uma cole\u00e7\u00e3o com hist\u00f3ria inspirada nos azulejos tipicamente portugueses.<\/div>\n<\/p>\n<\/div>\n<div class=\"title\">\n<h1>TILE<\/h1>\n<\/div>\n<p><\/a><br \/><a href=\"https:\/\/albunorte.pt\/en\/colecao-uvprint\/\" class=\"album-block\"><\/p>\n<div class=\"image\"><img decoding=\"async\" data-src=\"https:\/\/albunorte.pt\/wp-content\/uploads\/2020\/03\/uv.jpg\" src=\"data:image\/svg+xml;base64,PHN2ZyB3aWR0aD0iMSIgaGVpZ2h0PSIxIiB4bWxucz0iaHR0cDovL3d3dy53My5vcmcvMjAwMC9zdmciPjwvc3ZnPg==\" class=\"lazyload\" style=\"--smush-placeholder-width: 600px; --smush-placeholder-aspect-ratio: 600\/400;\"><\/p>\n<div class=\"description\">Deixe-se apaixonar por esta elegante cole\u00e7\u00e3o que alia a tecnologia da impress\u00e3o uv com a subtileza dos layouts dispon\u00edveis.<\/div>\n<\/p>\n<\/div>\n<div class=\"title\">\n<h1>UV PRINT<\/h1>\n<\/div>\n<p><\/a><br \/><a href=\"https:\/\/albunorte.pt\/en\/categoria\/album-digital\/uv-print-dourado-prata-verniz\/\" class=\"album-block\"><\/p>\n<div class=\"image\"><img decoding=\"async\" data-src=\"https:\/\/albunorte.pt\/wp-content\/uploads\/2018\/11\/83-1.png\" src=\"data:image\/svg+xml;base64,PHN2ZyB3aWR0aD0iMSIgaGVpZ2h0PSIxIiB4bWxucz0iaHR0cDovL3d3dy53My5vcmcvMjAwMC9zdmciPjwvc3ZnPg==\" class=\"lazyload\" style=\"--smush-placeholder-width: 741px; --smush-placeholder-aspect-ratio: 741\/1080;\"><\/p>\n<div class=\"description\">Deixe-se apaixonar por esta elegante cole\u00e7\u00e3o que alia a tecnologia da impress\u00e3o uv com a subtileza dos layouts dispon\u00edveis.<\/div>\n<\/p>\n<\/div>\n<div class=\"title\">\n<h1>UV PRINT DOURADO\/PRATA\/VERNIZ<\/h1>\n<\/div>\n<p><\/a><br \/><a href=\"https:\/\/albunorte.pt\/en\/colecao-vivalto\/\" class=\"album-block\"><\/p>\n<div class=\"image\"><img decoding=\"async\" data-src=\"https:\/\/albunorte.pt\/wp-content\/uploads\/2020\/02\/Sem-T\u00edtulo-3.jpg\" src=\"data:image\/svg+xml;base64,PHN2ZyB3aWR0aD0iMSIgaGVpZ2h0PSIxIiB4bWxucz0iaHR0cDovL3d3dy53My5vcmcvMjAwMC9zdmciPjwvc3ZnPg==\" class=\"lazyload\" style=\"--smush-placeholder-width: 600px; --smush-placeholder-aspect-ratio: 600\/400;\"><\/p>\n<div class=\"description\">Uma infinidade de op\u00e7\u00f5es podem ser usadas na capa do seu \u00e1lbum com mais ou menos aberturas para as suas fotos e uma conjuga\u00e7\u00e3o imensa de materiais a escolher no nosso cat\u00e1logo.<\/div>\n<\/p>\n<\/div>\n<div class=\"title\">\n<h1>VIVALTO<\/h1>\n<\/div>\n<p><\/a><br \/><a href=\"https:\/\/albunorte.pt\/en\/colecao-vintage\/\" class=\"album-block\"><\/p>\n<div class=\"image\"><img decoding=\"async\" data-src=\"https:\/\/albunorte.pt\/wp-content\/uploads\/2020\/03\/vintage.jpg\" src=\"data:image\/svg+xml;base64,PHN2ZyB3aWR0aD0iMSIgaGVpZ2h0PSIxIiB4bWxucz0iaHR0cDovL3d3dy53My5vcmcvMjAwMC9zdmciPjwvc3ZnPg==\" class=\"lazyload\" style=\"--smush-placeholder-width: 600px; --smush-placeholder-aspect-ratio: 600\/400;\"><\/p>\n<div class=\"description\">Cole\u00e7\u00e3o mais adequada para reportagens de crian\u00e7as devido aos padr\u00f5es dispon\u00edveis que podem ser utilizados na contracapa. Capa pode ter uma grava\u00e7\u00e3o UV, laser ou abertura para foto.<\/div>\n<\/p>\n<\/div>\n<div class=\"title\">\n<h1>VINTAGE<\/h1>\n<\/div>\n<p><\/a><br \/><a href=\"https:\/\/albunorte.pt\/en\/colecao-wood\/\" class=\"album-block\"><\/p>\n<div class=\"image\"><img decoding=\"async\" data-src=\"https:\/\/albunorte.pt\/wp-content\/uploads\/2020\/06\/wood-1.jpg\" src=\"data:image\/svg+xml;base64,PHN2ZyB3aWR0aD0iMSIgaGVpZ2h0PSIxIiB4bWxucz0iaHR0cDovL3d3dy53My5vcmcvMjAwMC9zdmciPjwvc3ZnPg==\" class=\"lazyload\" style=\"--smush-placeholder-width: 600px; --smush-placeholder-aspect-ratio: 600\/400;\"><\/p>\n<div class=\"description\">Sempre a par das novas tend\u00eancias n\u00e3o nos pod\u00edamos esquecer da madeira que aliada a uma textura apresentar\u00e1 um trabalho \u00fanico e arrebatador para o seu cliente. Utilize a nossa wood box para guardar o seu \u00e1lbum.<\/div>\n<\/p>\n<\/div>\n<div class=\"title\">\n<h1>WOOD<\/h1>\n<\/div>\n<p><\/a><\/p>\n<\/div>","protected":false},"excerpt":{"rendered":"","protected":false},"author":1,"featured_media":0,"parent":563,"menu_order":0,"comment_status":"closed","ping_status":"closed","template":"page-blank.php","meta":{"footnotes":""},"class_list":["post-1496","page","type-page","status-publish","hentry"],"yoast_head":"<!-- This site is optimized with the Yoast SEO plugin v27.3 - https:\/\/yoast.com\/product\/yoast-seo-wordpress\/ -->\n<title>\u00c1lbuns Digitais - Albunorte<\/title>\n<meta name=\"description\" content=\"Os nossos \u00e1lbuns digitais destacam-se pela beleza, qualidade dos materiais utilizados, funcionalidade, simplicidade e diferencia\u00e7\u00e3o, dado que todos eles s\u00e3o criados de forma artesanal.\" \/>\n<meta name=\"robots\" content=\"index, follow, max-snippet:-1, max-image-preview:large, max-video-preview:-1\" \/>\n<link rel=\"canonical\" href=\"https:\/\/albunorte.pt\/en\/produtos\/albuns-digitais\/\" \/>\n<meta property=\"og:locale\" content=\"en_GB\" \/>\n<meta property=\"og:type\" content=\"article\" \/>\n<meta property=\"og:title\" content=\"\u00c1lbuns Digitais - Albunorte\" \/>\n<meta property=\"og:description\" content=\"Os nossos \u00e1lbuns digitais destacam-se pela beleza, qualidade dos materiais utilizados, funcionalidade, simplicidade e diferencia\u00e7\u00e3o, dado que todos eles s\u00e3o criados de forma artesanal.\" \/>\n<meta property=\"og:url\" content=\"https:\/\/albunorte.pt\/en\/produtos\/albuns-digitais\/\" \/>\n<meta property=\"og:site_name\" content=\"Albunorte\" \/>\n<meta property=\"article:modified_time\" content=\"2020-07-28T08:38:37+00:00\" \/>\n<meta property=\"og:image\" content=\"https:\/\/albunorte.pt\/wp-content\/uploads\/2018\/10\/Album-Digital-Varnish-2.png\" \/>\n\t<meta property=\"og:image:width\" content=\"1515\" \/>\n\t<meta property=\"og:image:height\" content=\"1198\" \/>\n\t<meta property=\"og:image:type\" content=\"image\/png\" \/>\n<meta name=\"twitter:card\" content=\"summary_large_image\" \/>\n<script type=\"application\/ld+json\" class=\"yoast-schema-graph\">{\"@context\":\"https:\\\/\\\/schema.org\",\"@graph\":[{\"@type\":\"WebPage\",\"@id\":\"https:\\\/\\\/albunorte.pt\\\/produtos\\\/albuns-digitais\\\/\",\"url\":\"https:\\\/\\\/albunorte.pt\\\/produtos\\\/albuns-digitais\\\/\",\"name\":\"\u00c1lbuns Digitais - Albunorte\",\"isPartOf\":{\"@id\":\"https:\\\/\\\/albunorte.pt\\\/#website\"},\"datePublished\":\"2018-09-17T17:07:36+00:00\",\"dateModified\":\"2020-07-28T08:38:37+00:00\",\"description\":\"Os nossos \u00e1lbuns digitais destacam-se pela beleza, qualidade dos materiais utilizados, funcionalidade, simplicidade e diferencia\u00e7\u00e3o, dado que todos eles s\u00e3o criados de forma artesanal.\",\"breadcrumb\":{\"@id\":\"https:\\\/\\\/albunorte.pt\\\/produtos\\\/albuns-digitais\\\/#breadcrumb\"},\"inLanguage\":\"en-GB\",\"potentialAction\":[{\"@type\":\"ReadAction\",\"target\":[\"https:\\\/\\\/albunorte.pt\\\/produtos\\\/albuns-digitais\\\/\"]}]},{\"@type\":\"BreadcrumbList\",\"@id\":\"https:\\\/\\\/albunorte.pt\\\/produtos\\\/albuns-digitais\\\/#breadcrumb\",\"itemListElement\":[{\"@type\":\"ListItem\",\"position\":1,\"name\":\"In\u00edcio\",\"item\":\"https:\\\/\\\/albunorte.pt\\\/\"},{\"@type\":\"ListItem\",\"position\":2,\"name\":\"Produtos\",\"item\":\"https:\\\/\\\/albunorte.pt\\\/produtos\\\/\"},{\"@type\":\"ListItem\",\"position\":3,\"name\":\"\u00c1lbuns Digitais\"}]},{\"@type\":\"WebSite\",\"@id\":\"https:\\\/\\\/albunorte.pt\\\/#website\",\"url\":\"https:\\\/\\\/albunorte.pt\\\/\",\"name\":\"Albunorte\",\"description\":\"Albuns Digitais\",\"potentialAction\":[{\"@type\":\"SearchAction\",\"target\":{\"@type\":\"EntryPoint\",\"urlTemplate\":\"https:\\\/\\\/albunorte.pt\\\/?s={search_term_string}\"},\"query-input\":{\"@type\":\"PropertyValueSpecification\",\"valueRequired\":true,\"valueName\":\"search_term_string\"}}],\"inLanguage\":\"en-GB\"}]}<\/script>\n<!-- \/ Yoast SEO plugin. -->","yoast_head_json":{"title":"\u00c1lbuns Digitais - Albunorte","description":"Os nossos \u00e1lbuns digitais destacam-se pela beleza, qualidade dos materiais utilizados, funcionalidade, simplicidade e diferencia\u00e7\u00e3o, dado que todos eles s\u00e3o criados de forma artesanal.","robots":{"index":"index","follow":"follow","max-snippet":"max-snippet:-1","max-image-preview":"max-image-preview:large","max-video-preview":"max-video-preview:-1"},"canonical":"https:\/\/albunorte.pt\/en\/produtos\/albuns-digitais\/","og_locale":"en_GB","og_type":"article","og_title":"\u00c1lbuns Digitais - Albunorte","og_description":"Os nossos \u00e1lbuns digitais destacam-se pela beleza, qualidade dos materiais utilizados, funcionalidade, simplicidade e diferencia\u00e7\u00e3o, dado que todos eles s\u00e3o criados de forma artesanal.","og_url":"https:\/\/albunorte.pt\/en\/produtos\/albuns-digitais\/","og_site_name":"Albunorte","article_modified_time":"2020-07-28T08:38:37+00:00","og_image":[{"width":1515,"height":1198,"url":"https:\/\/albunorte.pt\/wp-content\/uploads\/2018\/10\/Album-Digital-Varnish-2.png","type":"image\/png"}],"twitter_card":"summary_large_image","schema":{"@context":"https:\/\/schema.org","@graph":[{"@type":"WebPage","@id":"https:\/\/albunorte.pt\/produtos\/albuns-digitais\/","url":"https:\/\/albunorte.pt\/produtos\/albuns-digitais\/","name":"\u00c1lbuns Digitais - Albunorte","isPartOf":{"@id":"https:\/\/albunorte.pt\/#website"},"datePublished":"2018-09-17T17:07:36+00:00","dateModified":"2020-07-28T08:38:37+00:00","description":"Os nossos \u00e1lbuns digitais destacam-se pela beleza, qualidade dos materiais utilizados, funcionalidade, simplicidade e diferencia\u00e7\u00e3o, dado que todos eles s\u00e3o criados de forma artesanal.","breadcrumb":{"@id":"https:\/\/albunorte.pt\/produtos\/albuns-digitais\/#breadcrumb"},"inLanguage":"en-GB","potentialAction":[{"@type":"ReadAction","target":["https:\/\/albunorte.pt\/produtos\/albuns-digitais\/"]}]},{"@type":"BreadcrumbList","@id":"https:\/\/albunorte.pt\/produtos\/albuns-digitais\/#breadcrumb","itemListElement":[{"@type":"ListItem","position":1,"name":"In\u00edcio","item":"https:\/\/albunorte.pt\/"},{"@type":"ListItem","position":2,"name":"Produtos","item":"https:\/\/albunorte.pt\/produtos\/"},{"@type":"ListItem","position":3,"name":"\u00c1lbuns Digitais"}]},{"@type":"WebSite","@id":"https:\/\/albunorte.pt\/#website","url":"https:\/\/albunorte.pt\/","name":"Albunorte","description":"Albuns Digitais","potentialAction":[{"@type":"SearchAction","target":{"@type":"EntryPoint","urlTemplate":"https:\/\/albunorte.pt\/?s={search_term_string}"},"query-input":{"@type":"PropertyValueSpecification","valueRequired":true,"valueName":"search_term_string"}}],"inLanguage":"en-GB"}]}},"_links":{"self":[{"href":"https:\/\/albunorte.pt\/en\/wp-json\/wp\/v2\/pages\/1496","targetHints":{"allow":["GET"]}}],"collection":[{"href":"https:\/\/albunorte.pt\/en\/wp-json\/wp\/v2\/pages"}],"about":[{"href":"https:\/\/albunorte.pt\/en\/wp-json\/wp\/v2\/types\/page"}],"author":[{"embeddable":true,"href":"https:\/\/albunorte.pt\/en\/wp-json\/wp\/v2\/users\/1"}],"replies":[{"embeddable":true,"href":"https:\/\/albunorte.pt\/en\/wp-json\/wp\/v2\/comments?post=1496"}],"version-history":[{"count":0,"href":"https:\/\/albunorte.pt\/en\/wp-json\/wp\/v2\/pages\/1496\/revisions"}],"up":[{"embeddable":true,"href":"https:\/\/albunorte.pt\/en\/wp-json\/wp\/v2\/pages\/563"}],"wp:attachment":[{"href":"https:\/\/albunorte.pt\/en\/wp-json\/wp\/v2\/media?parent=1496"}],"curies":[{"name":"wp","href":"https:\/\/api.w.org\/{rel}","templated":true}]}}