{"id":17856,"date":"2019-01-15T02:03:51","date_gmt":"2019-01-15T02:03:51","guid":{"rendered":"https:\/\/albunorte.pt\/?page_id=17856"},"modified":"2022-06-14T15:07:04","modified_gmt":"2022-06-14T15:07:04","slug":"condicoes-de-envio-portes","status":"publish","type":"page","link":"https:\/\/albunorte.pt\/en\/condicoes-de-envio-portes\/","title":{"rendered":"Shipping Conditions\/ Fees"},"content":{"rendered":"<div id=\"page-header-777116549\" class=\"page-header-wrapper\">\n  <div class=\"page-title dark featured-title\">\n\n    \n    <div class=\"page-title-inner container align-center flex-row medium-flex-wrap\" >\n              <div class=\"title-wrapper uppercase flex-col text-left medium-text-center\">\n          <h1 class=\"entry-title mb-0\">\n            Shipping Conditions\/ Fees          <\/h1>\n        <\/div>\n                    <div class=\"title-content flex-col flex-right text-right medium-text-center\">\n        <div class=\"title-breadcrumbs pb-half pt-half\"><nav class=\"woocommerce-breadcrumb breadcrumbs uppercase\" data-no-translation=\"\" data-trp-gettext=\"\">Home<\/nav><\/div>      <\/div>\n    <\/div>\n\n       <\/div>\n    <\/div>\n  \n\n<div class=\"row row-collapse row-full-width\"  id=\"row-458042499\">\n\n\n\t<div id=\"col-1005530872\" class=\"col medium-2 large-2\"  >\n\t\t\t\t<div class=\"col-inner\"  >\n\t\t\t\n\t\t\t\n\n\n\t\t<\/div>\n\t\t\t\t\t<\/div>\n\n\t\n\n\t<div id=\"col-1514438105\" class=\"col medium-8 large-8\"  >\n\t\t\t\t<div class=\"col-inner\"  >\n\t\t\t\n\t\t\t\n\n<h4 id=\"E391\"><span id=\"E392\">PRAZOS DE ENVIO<\/span><\/h4>\n<p id=\"E393\"><span id=\"E394\">As encomendas ser\u00e3o enviadas no prazo m\u00e1ximo de 20 dias \u00fateis ap\u00f3s a confirma\u00e7\u00e3o do pagamento, se existir stock dispon\u00edvel para tal. Qualquer atraso na entrega da Mercadoria por parte da Transportadora&nbsp;ou dos CTT \u00e9 responsabilidade da mesma, n\u00e3o podendo a Albunorte ser por esse facto responsabilizada.<\/span><\/p>\n<p id=\"E395\"><span id=\"E396\">Se estiverem esgotados os produtos encomendados ter\u00e1 de ser reconfirmado, ficando a&nbsp;encomenda pendente de confirma\u00e7\u00e3o.<\/span><\/p>\n<h4 id=\"E397\"><span id=\"E398\">M\u00c9TODO DE ENVIO<\/span><\/h4>\n<p id=\"E400\"><span id=\"E401\">Todas as encomendas s\u00e3o enviadas por uma tranportadora ou transporte efetuado pela pr\u00f3pria Albunorte.<\/span><\/p>\n<p id=\"E402\"><span id=\"E403\">Qualquer extravio de encomenda por parte da transportadora \u00e9 da responsabilidade da mesma, n\u00e3o podendo a Albunorte ser por esse facto responsabilizada.<\/span>&nbsp;<\/p>\n<h4 id=\"E404\"><span id=\"E406\"><br \/><\/span><span id=\"E407\">ENCOMENDA N\u00c3O RECECIONADA<\/span><\/h4>\n<p id=\"E408\"><span id=\"E409\">Se a encomenda n\u00e3o for entregue no prazo de um m\u00eas a contar da data de rece\u00e7\u00e3o do pedido pela Albunorte, o cliente tem 15 dias para nos informar. Em \u00faltimo caso, ou pedido \u00e9 enviado novamente sem nenhum custo adicional ou o cliente \u00e9 reembolsado.<\/span><\/p>\n<p id=\"E410\"><span id=\"E411\">Caso necessite de algum dos produtos com m\u00e1xima urg\u00eancia entre em contacto connosco via email ou telefone.<\/span><\/p>\n<h4 id=\"E412\"><span id=\"E414\"><br \/><\/span><span id=\"E415\">PORTES DE ENVIO NACIONAIS(PORTUGAL CONTINENTAL E ILHAS)<\/span><\/h4>\n<p id=\"E416\"><span id=\"E417\">No carrinho de compras ir\u00e1 ser informado dos custos de portes de envio.&nbsp;<\/span><span id=\"E419\"><br \/><\/span><span id=\"E420\">Os valores de portes de envio s\u00e3o os seguintes:<\/span><\/p>\n<p><span id=\"E420\">Portugal Continental<br \/>Normal &#8211; 5\u20ac &#8211; 2-4 Dias \u00fateis<br \/>Urgente &#8211; 7\u20ac &#8211; 24h<\/span><\/p>\n<p><span id=\"E420\">Ilhas (Madeira, A\u00e7ores)<br \/>Madeira &#8211; Pre\u00e7o sob consulta &#8211; 5-6 Dias \u00fateis<br \/>A\u00e7ores &#8211; Pre\u00e7o sob consulta &#8211; 5-6 Dias \u00fateis<\/span><\/p>\n<h4><span id=\"E496\">Portes&nbsp;GR\u00c1TIS&nbsp;&#8211;&nbsp;<\/span><span id=\"E497\">acima de 150\u20ac*<br \/>*Esta promo\u00e7\u00e3o n\u00e3o se aplica para entregas efetuadas nas ilhas da Madeira e A\u00e7ores ou outros pa\u00edses fora de Portugal.<br \/><\/span><\/h4>\n<p>\u00a0<\/p>\n<p id=\"E501\"><span id=\"E504\"><strong>Informa\u00e7\u00e3o<\/strong>:<\/span><span id=\"E505\">&nbsp;Os prazos indicados dizem respeito unicamente ao envio, n\u00e3o incluem o tempo de produ\u00e7\u00e3o da sua encomenda.<\/span><\/p>\n<p id=\"E506\"><span id=\"E507\">Todas as encomendas s\u00e3o enviadas por Transportadora ou transporte efetuado pela pr\u00f3pria Albunorte. Depois do envio ser\u00e1-lhe enviado o c\u00f3digo de rasteio para seguir a sua encomenda no site da transportadora.<\/span><\/p>\n<p id=\"E508\"><span id=\"E510\"><br \/><\/span><span id=\"E511\">A Albunorte, mediante disponibilidade de stocks, disponibiliza entregas urgentes de produtos no prazo de um dia \u00fatil.&nbsp;<\/span><span id=\"E513\"><br \/><\/span><span id=\"E514\">Basta entrar em contacto atrav\u00e9s das informa\u00e7\u00f5es na p\u00e1gina&nbsp;<\/span><a id=\"E515\" contenteditable=\"false\" href=\"https:\/\/albunorte.pt\/en\/contactos\/\" target=\"_blank\" rel=\"noopener\"><span id=\"E516\" style=\"text-decoration: underline;\">Contacto<\/span><\/a>.<\/p>\n\n\n\t\t<\/div>\n\t\t\t\t\n<style>\n#col-1514438105 > .col-inner {\n  padding: 75px 20px 50px 20px;\n}\n<\/style>\n\t<\/div>\n\n\t\n\n\t<div id=\"col-210090862\" class=\"col medium-2 large-2\"  >\n\t\t\t\t<div class=\"col-inner\"  >\n\t\t\t\n\t\t\t\n\n\n\t\t<\/div>\n\t\t\t\t\t<\/div>\n\n\t\n\n<\/div>","protected":false},"excerpt":{"rendered":"","protected":false},"author":1,"featured_media":0,"parent":0,"menu_order":0,"comment_status":"closed","ping_status":"closed","template":"page-blank.php","meta":{"footnotes":""},"class_list":["post-17856","page","type-page","status-publish","hentry"],"yoast_head":"<!-- This site is optimized with the Yoast SEO plugin v27.3 - https:\/\/yoast.com\/product\/yoast-seo-wordpress\/ -->\n<title>Condi\u00e7\u00f5es de Envio\/Portes - Albunorte<\/title>\n<meta name=\"robots\" content=\"index, follow, max-snippet:-1, max-image-preview:large, max-video-preview:-1\" \/>\n<link rel=\"canonical\" href=\"https:\/\/albunorte.pt\/en\/condicoes-de-envio-portes\/\" \/>\n<meta property=\"og:locale\" content=\"en_GB\" \/>\n<meta property=\"og:type\" content=\"article\" \/>\n<meta property=\"og:title\" content=\"Condi\u00e7\u00f5es de Envio\/Portes - Albunorte\" \/>\n<meta property=\"og:url\" content=\"https:\/\/albunorte.pt\/en\/condicoes-de-envio-portes\/\" \/>\n<meta property=\"og:site_name\" content=\"Albunorte\" \/>\n<meta property=\"article:modified_time\" content=\"2022-06-14T15:07:04+00:00\" \/>\n<meta name=\"twitter:card\" content=\"summary_large_image\" \/>\n<meta name=\"twitter:label1\" content=\"Estimated reading time\" \/>\n\t<meta name=\"twitter:data1\" content=\"2 minutes\" \/>\n<script type=\"application\/ld+json\" class=\"yoast-schema-graph\">{\"@context\":\"https:\\\/\\\/schema.org\",\"@graph\":[{\"@type\":\"WebPage\",\"@id\":\"https:\\\/\\\/albunorte.pt\\\/condicoes-de-envio-portes\\\/\",\"url\":\"https:\\\/\\\/albunorte.pt\\\/condicoes-de-envio-portes\\\/\",\"name\":\"Condi\u00e7\u00f5es de Envio\\\/Portes - Albunorte\",\"isPartOf\":{\"@id\":\"https:\\\/\\\/albunorte.pt\\\/#website\"},\"datePublished\":\"2019-01-15T02:03:51+00:00\",\"dateModified\":\"2022-06-14T15:07:04+00:00\",\"breadcrumb\":{\"@id\":\"https:\\\/\\\/albunorte.pt\\\/condicoes-de-envio-portes\\\/#breadcrumb\"},\"inLanguage\":\"en-GB\",\"potentialAction\":[{\"@type\":\"ReadAction\",\"target\":[\"https:\\\/\\\/albunorte.pt\\\/condicoes-de-envio-portes\\\/\"]}]},{\"@type\":\"BreadcrumbList\",\"@id\":\"https:\\\/\\\/albunorte.pt\\\/condicoes-de-envio-portes\\\/#breadcrumb\",\"itemListElement\":[{\"@type\":\"ListItem\",\"position\":1,\"name\":\"In\u00edcio\",\"item\":\"https:\\\/\\\/albunorte.pt\\\/\"},{\"@type\":\"ListItem\",\"position\":2,\"name\":\"Condi\u00e7\u00f5es de Envio\\\/Portes\"}]},{\"@type\":\"WebSite\",\"@id\":\"https:\\\/\\\/albunorte.pt\\\/#website\",\"url\":\"https:\\\/\\\/albunorte.pt\\\/\",\"name\":\"Albunorte\",\"description\":\"Albuns Digitais\",\"potentialAction\":[{\"@type\":\"SearchAction\",\"target\":{\"@type\":\"EntryPoint\",\"urlTemplate\":\"https:\\\/\\\/albunorte.pt\\\/?s={search_term_string}\"},\"query-input\":{\"@type\":\"PropertyValueSpecification\",\"valueRequired\":true,\"valueName\":\"search_term_string\"}}],\"inLanguage\":\"en-GB\"}]}<\/script>\n<!-- \/ Yoast SEO plugin. -->","yoast_head_json":{"title":"Condi\u00e7\u00f5es de Envio\/Portes - Albunorte","robots":{"index":"index","follow":"follow","max-snippet":"max-snippet:-1","max-image-preview":"max-image-preview:large","max-video-preview":"max-video-preview:-1"},"canonical":"https:\/\/albunorte.pt\/en\/condicoes-de-envio-portes\/","og_locale":"en_GB","og_type":"article","og_title":"Condi\u00e7\u00f5es de Envio\/Portes - Albunorte","og_url":"https:\/\/albunorte.pt\/en\/condicoes-de-envio-portes\/","og_site_name":"Albunorte","article_modified_time":"2022-06-14T15:07:04+00:00","twitter_card":"summary_large_image","twitter_misc":{"Estimated reading time":"2 minutes"},"schema":{"@context":"https:\/\/schema.org","@graph":[{"@type":"WebPage","@id":"https:\/\/albunorte.pt\/condicoes-de-envio-portes\/","url":"https:\/\/albunorte.pt\/condicoes-de-envio-portes\/","name":"Condi\u00e7\u00f5es de Envio\/Portes - Albunorte","isPartOf":{"@id":"https:\/\/albunorte.pt\/#website"},"datePublished":"2019-01-15T02:03:51+00:00","dateModified":"2022-06-14T15:07:04+00:00","breadcrumb":{"@id":"https:\/\/albunorte.pt\/condicoes-de-envio-portes\/#breadcrumb"},"inLanguage":"en-GB","potentialAction":[{"@type":"ReadAction","target":["https:\/\/albunorte.pt\/condicoes-de-envio-portes\/"]}]},{"@type":"BreadcrumbList","@id":"https:\/\/albunorte.pt\/condicoes-de-envio-portes\/#breadcrumb","itemListElement":[{"@type":"ListItem","position":1,"name":"In\u00edcio","item":"https:\/\/albunorte.pt\/"},{"@type":"ListItem","position":2,"name":"Condi\u00e7\u00f5es de Envio\/Portes"}]},{"@type":"WebSite","@id":"https:\/\/albunorte.pt\/#website","url":"https:\/\/albunorte.pt\/","name":"Albunorte","description":"Albuns Digitais","potentialAction":[{"@type":"SearchAction","target":{"@type":"EntryPoint","urlTemplate":"https:\/\/albunorte.pt\/?s={search_term_string}"},"query-input":{"@type":"PropertyValueSpecification","valueRequired":true,"valueName":"search_term_string"}}],"inLanguage":"en-GB"}]}},"_links":{"self":[{"href":"https:\/\/albunorte.pt\/en\/wp-json\/wp\/v2\/pages\/17856","targetHints":{"allow":["GET"]}}],"collection":[{"href":"https:\/\/albunorte.pt\/en\/wp-json\/wp\/v2\/pages"}],"about":[{"href":"https:\/\/albunorte.pt\/en\/wp-json\/wp\/v2\/types\/page"}],"author":[{"embeddable":true,"href":"https:\/\/albunorte.pt\/en\/wp-json\/wp\/v2\/users\/1"}],"replies":[{"embeddable":true,"href":"https:\/\/albunorte.pt\/en\/wp-json\/wp\/v2\/comments?post=17856"}],"version-history":[{"count":0,"href":"https:\/\/albunorte.pt\/en\/wp-json\/wp\/v2\/pages\/17856\/revisions"}],"wp:attachment":[{"href":"https:\/\/albunorte.pt\/en\/wp-json\/wp\/v2\/media?parent=17856"}],"curies":[{"name":"wp","href":"https:\/\/api.w.org\/{rel}","templated":true}]}}