{"id":2324,"date":"2018-09-28T01:38:27","date_gmt":"2018-09-28T01:38:27","guid":{"rendered":"https:\/\/albunorte.pt\/?page_id=2324"},"modified":"2018-09-28T02:17:00","modified_gmt":"2018-09-28T02:17:00","slug":"termos-e-condicoes","status":"publish","type":"page","link":"https:\/\/albunorte.pt\/en\/termos-e-condicoes\/","title":{"rendered":"Terms and Conditions"},"content":{"rendered":"<div id=\"page-header-1163503997\" class=\"page-header-wrapper\">\n  <div class=\"page-title dark featured-title\">\n\n    \n    <div class=\"page-title-inner container align-center flex-row medium-flex-wrap\" >\n              <div class=\"title-wrapper uppercase flex-col text-left medium-text-center\">\n          <h1 class=\"entry-title mb-0\">\n            Terms and Conditions          <\/h1>\n        <\/div>\n                    <div class=\"title-content flex-col flex-right text-right medium-text-center\">\n        <div class=\"title-breadcrumbs pb-half pt-half\"><nav class=\"woocommerce-breadcrumb breadcrumbs uppercase\" data-no-translation=\"\" data-trp-gettext=\"\">Home<\/nav><\/div>      <\/div>\n    <\/div>\n\n       <\/div>\n    <\/div>\n  \n<div class=\"row row-collapse row-full-width\"  id=\"row-862170586\">\n\n\t<div id=\"col-973945247\" class=\"col medium-2 large-2\"  >\n\t\t\t\t<div class=\"col-inner\"  >\n\t\t\t\n\t\t\t\n\t\t<\/div>\n\t\t\t\t\t<\/div>\n\n\t\n\n\t<div id=\"col-1661132024\" class=\"col medium-8 large-8\"  >\n\t\t\t\t<div class=\"col-inner\"  >\n\t\t\t\n\t\t\t\n<p style=\"text-align: left;\"><strong>Ao visitar este site, bem como ao encomendar produtos atrav\u00e9s dele, est\u00e1 a aceitar as condi\u00e7\u00f5es seguidamente apresentadas. Por favor, leia-as atentamente.<\/strong><\/p>\n<h4 style=\"text-align: left;\">FORO APLIC\u00c1VEL<\/h4>\n<p style=\"text-align: left;\">Este site \u00e9 da responsabilidade da Albunorte Lda, com sede em Portugal. Pode, no entanto, ser acedido a partir de v\u00e1rios outros pa\u00edses em todo o mundo. Uma vez que cada um destes locais possui legisla\u00e7\u00e3o pr\u00f3pria eventualmente divergente da legisla\u00e7\u00e3o em vigor em Portugal, ao aceder a este site renuncia (excepto no abaixo disposto) a quaisquer outros regulamentos ou leis que n\u00e3o os aplic\u00e1veis em Portugal, independentemente da exist\u00eancia de conflito entre princ\u00edpios legais, relativamente a qualquer quest\u00e3o resultante ou relacionada com a utiliza\u00e7\u00e3o deste site, excepto nos termos abaixo indicados. Aceita igualmente e por este meio remete a resolu\u00e7\u00e3o de tais quest\u00f5es para a compet\u00eancia exclusiva dos tribunais de Portugal. A Albunorte n\u00e3o garante que o conte\u00fado deste site seja apropriado ou se encontre dispon\u00edvel para utiliza\u00e7\u00e3o em outros locais, sendo proibido o acesso ao mesmo a partir de territ\u00f3rios em que o seu conte\u00fado seja considerado ilegal. Todos aqueles que optarem por aceder ao site a partir de outros locais, fazem-no exclusivamente por iniciativa pr\u00f3pria, sendo portanto da sua responsabilidade o cumprimento da legisla\u00e7\u00e3o local aplic\u00e1vel.<\/p>\n<h4 style=\"text-align: left;\">COMUNICA\u00c7\u00d5ES POR VIA ELECTR\u00d3NICA<\/h4>\n<p style=\"text-align: left;\">Ao visitar este site ou enviar-nos mensagens e-mail, est\u00e1 a comunicar connosco por via electr\u00f3nica e a aceitar igualmente receber mensagens da nossa parte pela mesma via. Comunicaremos consigo via e-mail ou atrav\u00e9s da coloca\u00e7\u00e3o de avisos no site. O utilizador aceita que o envio por via electr\u00f3nica de quaisquer acordos, avisos, divulga\u00e7\u00f5es ou outras comunica\u00e7\u00f5es a si dirigidos dar\u00e1 imediatamente por satisfeita qualquer exig\u00eancia legal de formaliza\u00e7\u00e3o por escrito de tais comunica\u00e7\u00f5es<\/p>\n<h4 style=\"text-align: left;\">LICEN\u00c7A E ACESSO AO SITE<\/h4>\n<p style=\"text-align: left;\">A Albunorte concede aos seus clientes um licen\u00e7a limitada que lhes permite aceder e utilizar este site a t\u00edtulo pessoal, n\u00e3o lhes conferindo todavia o direito de realizar o download do site (excepto para armazenagem de p\u00e1ginas em cache) ou de o alterar, total ou parcialmente, excepto se expressamente autorizados pela Albunorte. Esta licen\u00e7a n\u00e3o inclui quaisquer direitos de: a) revenda ou utiliza\u00e7\u00e3o comercial do site ou seus conte\u00fados,; b) compila\u00e7\u00e3o e utiliza\u00e7\u00e3o de listagens, descri\u00e7\u00f5es ou pre\u00e7os de produtos; c) utiliza\u00e7\u00e3o derivativa deste site ou dos seus conte\u00fados; d) efectuar downloads ou copiar informa\u00e7\u00e3o de contas para utiliza\u00e7\u00e3o por outro comerciante; e) utiliza\u00e7\u00e3o de data mining, robots ou outras ferramentas de recolha e extrac\u00e7\u00e3o de dados. Este site n\u00e3o pode ser total ou parcialmente reproduzido, duplicado, copiado, vendido, revendido, visitado ou por qualquer outra forma explorado para fins comerciais sem o consentimento expresso formalizado por escrito por parte da Albunorte.<\/p>\n<h4 style=\"text-align: left;\">CONTAS DE CLIENTES<\/h4>\n<p style=\"text-align: left;\">Ao utilizar este site, o utilizador assume total responsabilidade pela manuten\u00e7\u00e3o da confidencialidade da sua conta e palavra-passe, bem como pela restri\u00e7\u00e3o de acesso ao site atrav\u00e9s do seu computador, aceitando ainda a responsabilidade por quaisquer actos eventualmente exercidos utilizando a sua conta e palavra-passe.<\/p>\n\t\t<\/div>\n\t\t\t\t\n<style>\n#col-1661132024 > .col-inner {\n  padding: 75px 20px 50px 20px;\n}\n<\/style>\n\t<\/div>\n\n\t\n\n\t<div id=\"col-1386961251\" class=\"col medium-2 large-2\"  >\n\t\t\t\t<div class=\"col-inner\"  >\n\t\t\t\n\t\t\t\n\t\t<\/div>\n\t\t\t\t\t<\/div>\n\n\t\n<\/div>","protected":false},"excerpt":{"rendered":"","protected":false},"author":1,"featured_media":0,"parent":0,"menu_order":0,"comment_status":"closed","ping_status":"closed","template":"page-blank.php","meta":{"footnotes":""},"class_list":["post-2324","page","type-page","status-publish","hentry"],"yoast_head":"<!-- This site is optimized with the Yoast SEO plugin v27.3 - https:\/\/yoast.com\/product\/yoast-seo-wordpress\/ -->\n<title>Termos e Condi\u00e7\u00f5es - Albunorte<\/title>\n<meta name=\"robots\" content=\"index, follow, max-snippet:-1, max-image-preview:large, max-video-preview:-1\" \/>\n<link rel=\"canonical\" href=\"https:\/\/albunorte.pt\/en\/termos-e-condicoes\/\" \/>\n<meta property=\"og:locale\" content=\"en_GB\" \/>\n<meta property=\"og:type\" content=\"article\" \/>\n<meta property=\"og:title\" content=\"Termos e Condi\u00e7\u00f5es - Albunorte\" \/>\n<meta property=\"og:url\" content=\"https:\/\/albunorte.pt\/en\/termos-e-condicoes\/\" \/>\n<meta property=\"og:site_name\" content=\"Albunorte\" \/>\n<meta property=\"article:modified_time\" content=\"2018-09-28T02:17:00+00:00\" \/>\n<meta name=\"twitter:card\" content=\"summary_large_image\" \/>\n<meta name=\"twitter:label1\" content=\"Estimated reading time\" \/>\n\t<meta name=\"twitter:data1\" content=\"3 minutes\" \/>\n<script type=\"application\/ld+json\" class=\"yoast-schema-graph\">{\"@context\":\"https:\\\/\\\/schema.org\",\"@graph\":[{\"@type\":\"WebPage\",\"@id\":\"https:\\\/\\\/albunorte.pt\\\/termos-e-condicoes\\\/\",\"url\":\"https:\\\/\\\/albunorte.pt\\\/termos-e-condicoes\\\/\",\"name\":\"Termos e Condi\u00e7\u00f5es - Albunorte\",\"isPartOf\":{\"@id\":\"https:\\\/\\\/albunorte.pt\\\/#website\"},\"datePublished\":\"2018-09-28T01:38:27+00:00\",\"dateModified\":\"2018-09-28T02:17:00+00:00\",\"breadcrumb\":{\"@id\":\"https:\\\/\\\/albunorte.pt\\\/termos-e-condicoes\\\/#breadcrumb\"},\"inLanguage\":\"en-GB\",\"potentialAction\":[{\"@type\":\"ReadAction\",\"target\":[\"https:\\\/\\\/albunorte.pt\\\/termos-e-condicoes\\\/\"]}]},{\"@type\":\"BreadcrumbList\",\"@id\":\"https:\\\/\\\/albunorte.pt\\\/termos-e-condicoes\\\/#breadcrumb\",\"itemListElement\":[{\"@type\":\"ListItem\",\"position\":1,\"name\":\"In\u00edcio\",\"item\":\"https:\\\/\\\/albunorte.pt\\\/\"},{\"@type\":\"ListItem\",\"position\":2,\"name\":\"Termos e Condi\u00e7\u00f5es\"}]},{\"@type\":\"WebSite\",\"@id\":\"https:\\\/\\\/albunorte.pt\\\/#website\",\"url\":\"https:\\\/\\\/albunorte.pt\\\/\",\"name\":\"Albunorte\",\"description\":\"Albuns Digitais\",\"potentialAction\":[{\"@type\":\"SearchAction\",\"target\":{\"@type\":\"EntryPoint\",\"urlTemplate\":\"https:\\\/\\\/albunorte.pt\\\/?s={search_term_string}\"},\"query-input\":{\"@type\":\"PropertyValueSpecification\",\"valueRequired\":true,\"valueName\":\"search_term_string\"}}],\"inLanguage\":\"en-GB\"}]}<\/script>\n<!-- \/ Yoast SEO plugin. -->","yoast_head_json":{"title":"Termos e Condi\u00e7\u00f5es - Albunorte","robots":{"index":"index","follow":"follow","max-snippet":"max-snippet:-1","max-image-preview":"max-image-preview:large","max-video-preview":"max-video-preview:-1"},"canonical":"https:\/\/albunorte.pt\/en\/termos-e-condicoes\/","og_locale":"en_GB","og_type":"article","og_title":"Termos e Condi\u00e7\u00f5es - Albunorte","og_url":"https:\/\/albunorte.pt\/en\/termos-e-condicoes\/","og_site_name":"Albunorte","article_modified_time":"2018-09-28T02:17:00+00:00","twitter_card":"summary_large_image","twitter_misc":{"Estimated reading time":"3 minutes"},"schema":{"@context":"https:\/\/schema.org","@graph":[{"@type":"WebPage","@id":"https:\/\/albunorte.pt\/termos-e-condicoes\/","url":"https:\/\/albunorte.pt\/termos-e-condicoes\/","name":"Termos e Condi\u00e7\u00f5es - Albunorte","isPartOf":{"@id":"https:\/\/albunorte.pt\/#website"},"datePublished":"2018-09-28T01:38:27+00:00","dateModified":"2018-09-28T02:17:00+00:00","breadcrumb":{"@id":"https:\/\/albunorte.pt\/termos-e-condicoes\/#breadcrumb"},"inLanguage":"en-GB","potentialAction":[{"@type":"ReadAction","target":["https:\/\/albunorte.pt\/termos-e-condicoes\/"]}]},{"@type":"BreadcrumbList","@id":"https:\/\/albunorte.pt\/termos-e-condicoes\/#breadcrumb","itemListElement":[{"@type":"ListItem","position":1,"name":"In\u00edcio","item":"https:\/\/albunorte.pt\/"},{"@type":"ListItem","position":2,"name":"Termos e Condi\u00e7\u00f5es"}]},{"@type":"WebSite","@id":"https:\/\/albunorte.pt\/#website","url":"https:\/\/albunorte.pt\/","name":"Albunorte","description":"Albuns Digitais","potentialAction":[{"@type":"SearchAction","target":{"@type":"EntryPoint","urlTemplate":"https:\/\/albunorte.pt\/?s={search_term_string}"},"query-input":{"@type":"PropertyValueSpecification","valueRequired":true,"valueName":"search_term_string"}}],"inLanguage":"en-GB"}]}},"_links":{"self":[{"href":"https:\/\/albunorte.pt\/en\/wp-json\/wp\/v2\/pages\/2324","targetHints":{"allow":["GET"]}}],"collection":[{"href":"https:\/\/albunorte.pt\/en\/wp-json\/wp\/v2\/pages"}],"about":[{"href":"https:\/\/albunorte.pt\/en\/wp-json\/wp\/v2\/types\/page"}],"author":[{"embeddable":true,"href":"https:\/\/albunorte.pt\/en\/wp-json\/wp\/v2\/users\/1"}],"replies":[{"embeddable":true,"href":"https:\/\/albunorte.pt\/en\/wp-json\/wp\/v2\/comments?post=2324"}],"version-history":[{"count":0,"href":"https:\/\/albunorte.pt\/en\/wp-json\/wp\/v2\/pages\/2324\/revisions"}],"wp:attachment":[{"href":"https:\/\/albunorte.pt\/en\/wp-json\/wp\/v2\/media?parent=2324"}],"curies":[{"name":"wp","href":"https:\/\/api.w.org\/{rel}","templated":true}]}}