{"id":2331,"date":"2018-09-28T01:50:42","date_gmt":"2018-09-28T01:50:42","guid":{"rendered":"https:\/\/albunorte.pt\/?page_id=2331"},"modified":"2019-05-23T10:18:41","modified_gmt":"2019-05-23T10:18:41","slug":"politica-de-privacidade","status":"publish","type":"page","link":"https:\/\/albunorte.pt\/en\/politica-de-privacidade\/","title":{"rendered":"Politica de Privacidade"},"content":{"rendered":"<div id=\"page-header-682812201\" class=\"page-header-wrapper\">\n  <div class=\"page-title dark featured-title\">\n\n    \n    <div class=\"page-title-inner container align-center flex-row medium-flex-wrap\" >\n              <div class=\"title-wrapper uppercase flex-col text-left medium-text-center\">\n          <h1 class=\"entry-title mb-0\">\n            Politica de Privacidade          <\/h1>\n        <\/div>\n                    <div class=\"title-content flex-col flex-right text-right medium-text-center\">\n        <div class=\"title-breadcrumbs pb-half pt-half\"><nav class=\"woocommerce-breadcrumb breadcrumbs uppercase\" data-no-translation=\"\" data-trp-gettext=\"\">Home<\/nav><\/div>      <\/div>\n    <\/div>\n\n       <\/div>\n    <\/div>\n  \n<div class=\"row row-collapse row-full-width\"  id=\"row-1810650334\">\n\n\t<div id=\"col-1414471562\" class=\"col medium-2 large-2\"  >\n\t\t\t\t<div class=\"col-inner\"  >\n\t\t\t\n\t\t\t\n\t\t<\/div>\n\t\t\t\t\t<\/div>\n\n\t\n\n\t<div id=\"col-134657722\" class=\"col medium-8 large-8\"  >\n\t\t\t\t<div class=\"col-inner\"  >\n\t\t\t\n\t\t\t\n<h4><em>Manual Regulamento Geral de Prote\u00e7\u00e3o de Dados<\/em><\/h4>\n<p>A partir de 25 de Maio de 2018, com a implementa\u00e7\u00e3o do novo Regulamento Geral de Prote\u00e7\u00e3o de Dados (RGPD), os tratamentos de dados pessoais por parte das empresas v\u00e3o sofrer mudan\u00e7as significativas, alinhadas com o total e transparente respeito pelos direitos dos seus clientes que sempre pautou a actua\u00e7\u00e3o da ALBUNORTE LDA.<\/p>\n<h4>1. \u00c2mbito Geral<\/h4>\n<p>A ALBUNORTE, LDA, com sede na Rua Imaculado Cora\u00e7\u00e3o Maria n\u00ba130 4560-852 Urr\u00f4 Penafiel, encontra-se registada na Conservat\u00f3ria do Registo Comercial de Penafiel com o n\u00famero \u00fanico de Matr\u00edcula e NIPC (n\u00famero identifica\u00e7\u00e3o pessoa coletiva) 507 932 072, com o capital social de \u20ac 20.000,00. A ALBUNORTE \u00e9 respons\u00e1vel por este website. A presente pol\u00edtica de privacidade abrange este website, assim como outros sites que mencionem a dita pol\u00edtica. A privacidade do Utilizador \u00e9 muito importante para a ALBUNORTE. A ALBUNORTE compromete-se a respeitar a privacidade do Utilizador e a processar os seus dados pessoais de uma forma cuidadosa e confidencial, de acordo com as leis aplic\u00e1veis. Os dados n\u00e3o ser\u00e3o processados para quaisquer outros fins que n\u00e3o os aqui especificados. A ALBUNORTE reserva-se o direito de atualizar ou modificar a sua Pol\u00edtica de Privacidade a qualquer momento, nomeadamente, de forma a adapt\u00e1-la a altera\u00e7\u00f5es legislativas. O Utilizador \u00e9 assim aconselhado a visitar esta p\u00e1gina regularmente.<\/p>\n<h4>2. Consentimento<\/h4>\n<p>Ao utilizar este website, est\u00e1 a dar o seu consentimento para a recolha e utiliza\u00e7\u00e3o das informa\u00e7\u00f5es. A ALBUNORTE pode a qualquer momento modificar, adicionar ou eliminar qualquer uma das pol\u00edticas de privacidade do seu website (www.albunorte.pt) atrav\u00e9s da atualiza\u00e7\u00e3o do conte\u00fado desta p\u00e1gina.<\/p>\n<h4>3. Que tipo de dados s\u00e3o recolhidos pela Albunorte?<\/h4>\n<p>A Albunorte recolhe dados sobre as empresas que s\u00e3o suas clientes, e respetivos colaboradores, nomeadamente nome, email, cargo, morada, n\u00famero de contribuinte e telefone.<\/p>\n<h4>4. Para que fins recolhe a ALBUNORTE dados pessoas do Utilizador?<\/h4>\n<p>Os dados recolhidos no website destinam-se ao processamento das encomendas e comunica\u00e7\u00e3o com os Clientes, processamento de pedidos de informa\u00e7\u00e3o, encomendas, bem como a respetiva utiliza\u00e7\u00e3o para efeitos de marketing direto.<\/p>\n<h4>5. A ALBUNORTE utiliza os dados pessoais para Marketing Direto?<\/h4>\n<p>A ALBUNORTE poder\u00e1 utilizar os seus dados pessoais para lhe enviar qualquer correio n\u00e3o solicitado relacionado com produtos ou ofertas comerciais que possam ser do seu interesse. A ALBUNORTE n\u00e3o vende nem negoceia os seus dados. O cliente autoriza expressamente a ALBUNORTE a enviar informa\u00e7\u00e3o sobre produtos e servi\u00e7os que possam ser do seu interesse utilizando os seus dados pessoais para efeitos de marketing direto atrav\u00e9s de qualquer canal de comunica\u00e7\u00e3o, nomeadamente mediante a utiliza\u00e7\u00e3o de correio eletr\u00f3nico, telefone, SMS, MMS ou outras formas de chamada autom\u00e1tica. A ALBUNORTE n\u00e3o comercializar\u00e1 nem partilhar\u00e1 a sua base de dados de clientes com terceiros.<\/p>\n<h4>6. Quem tem acesso aos dados pessoais do Utilizador?<\/h4>\n<p>A ALBUNORTE n\u00e3o divulga a terceiros quaisquer dados pessoais dos seus Clientes e Utilizadores, sem o seu consentimento, ou (2) quando tal seja necess\u00e1rio para que os colaboradores, funcion\u00e1rios, fornecedores ou parceiros comerciais da ALBUNORTE possam fornecer um produto ou servi\u00e7o ou executar uma fun\u00e7\u00e3o em nome da ALBUNORTE, ou (3) quando tal for exigido ou permitido por lei. A ALBUNORTE adotar\u00e1 as precau\u00e7\u00f5es razo\u00e1veis para garantir que os seus funcion\u00e1rios ou colaboradores com acesso a dados pessoais recebam forma\u00e7\u00e3o adequada ao seu correto processamento, com respeito pela presente pol\u00edtica e pelas obriga\u00e7\u00f5es legais de prote\u00e7\u00e3o de dados. No caso de incumprimento, a ALBUNORTE aplicar\u00e1 san\u00e7\u00f5es disciplinares aos seus funcion\u00e1rios e colaboradores. Sempre que a ALBUNORTE divulgar os dados pessoais do Utilizador salvaguardar\u00e1 o cumprimento da Lei da Prote\u00e7\u00e3o de Dados Pessoais, nomeadamente atrav\u00e9s da previs\u00e3o de disposi\u00e7\u00f5es contratuais que garantam que o terceiro utiliza os dados recebidos somente para as finalidades especificadas, e em conformidade com os fins descritos nesta pol\u00edtica, e que faz uso de meios de seguran\u00e7a adequados, de forma a proteger os dados pessoais do Utilizador contra tratamentos ilegais ou n\u00e3o autorizados bem como contra a sua perda acidental, destrui\u00e7\u00e3o ou outras a\u00e7\u00f5es danosas.<\/p>\n<h4>7. Onde s\u00e3o guardados os dados do Utilizador?<\/h4>\n<p>A ALBUNORTE guarda os dados dos seus clientes e Utilizadores nos seus servidores localizados em Portugal. Estes servidores s\u00e3o protegidos e mantidos de acordo com standards elevados de seguran\u00e7a e por forma a respeitar as leis de privacidade aplic\u00e1veis.<\/p>\n<h4>8. Os dados do Utilizador est\u00e3o seguros com a ALBUNORTE?<\/h4>\n<p>A ALBUNORTE tomou as medidas t\u00e9cnicas e organizacionais necess\u00e1rias para proteger, de forma adequada, os seus dados relativamente a processamento e acesso n\u00e3o autorizado. A ALBUNORTE desenvolve todos os esfor\u00e7os razo\u00e1veis adequados para evitar a utiliza\u00e7\u00e3o n\u00e3o autorizada ou ilegal dos dados pessoais do Utilizador, bem como a sua perda, destrui\u00e7\u00e3o ou danifica\u00e7\u00e3o. No entanto, a ALBUNORTE n\u00e3o pode fornecer uma garantia absoluta relativamente aos dados do Utilizador. A ALBUNORTE protege a seguran\u00e7a dos dados pessoais do Utilizador atrav\u00e9s dos seguintes meios: (1) uso de encripta\u00e7\u00e3o com certificado em todas as comunica\u00e7\u00f5es do website, (2) uso de password para acesso ao website que n\u00e3o sejam f\u00e1ceis de adivinhar; (2) altere a password regularmente; e (3) n\u00e3o divulgue a password da qualquer outra pessoa.<\/p>\n<h4>9. E quando h\u00e1 links no website?<\/h4>\n<p>O website da ALBUNORTE pode conter links para outros websites e endere\u00e7os de e-mail de empresas n\u00e3o pertencentes \u00e0 ALBUNORTE. A presente pol\u00edtica de Privacidade n\u00e3o se aplica a esses websites e endere\u00e7os de e-mail.<\/p>\n\t\t<\/div>\n\t\t\t\t\n<style>\n#col-134657722 > .col-inner {\n  padding: 75px 20px 50px 20px;\n}\n<\/style>\n\t<\/div>\n\n\t\n\n\t<div id=\"col-1768319308\" class=\"col medium-2 large-2\"  >\n\t\t\t\t<div class=\"col-inner\"  >\n\t\t\t\n\t\t\t\n\t\t<\/div>\n\t\t\t\t\t<\/div>\n\n\t\n<\/div>","protected":false},"excerpt":{"rendered":"","protected":false},"author":1,"featured_media":0,"parent":0,"menu_order":0,"comment_status":"closed","ping_status":"closed","template":"page-blank.php","meta":{"footnotes":""},"class_list":["post-2331","page","type-page","status-publish","hentry"],"yoast_head":"<!-- This site is optimized with the Yoast SEO plugin v27.3 - https:\/\/yoast.com\/product\/yoast-seo-wordpress\/ -->\n<title>Politica de Privacidade - Albunorte<\/title>\n<meta name=\"robots\" content=\"index, follow, max-snippet:-1, max-image-preview:large, max-video-preview:-1\" \/>\n<link rel=\"canonical\" href=\"https:\/\/albunorte.pt\/en\/politica-de-privacidade\/\" \/>\n<meta property=\"og:locale\" content=\"en_GB\" \/>\n<meta property=\"og:type\" content=\"article\" \/>\n<meta property=\"og:title\" content=\"Politica de Privacidade - Albunorte\" \/>\n<meta property=\"og:url\" content=\"https:\/\/albunorte.pt\/en\/politica-de-privacidade\/\" \/>\n<meta property=\"og:site_name\" content=\"Albunorte\" \/>\n<meta property=\"article:modified_time\" content=\"2019-05-23T10:18:41+00:00\" \/>\n<meta name=\"twitter:card\" content=\"summary_large_image\" \/>\n<meta name=\"twitter:label1\" content=\"Estimated reading time\" \/>\n\t<meta name=\"twitter:data1\" content=\"5 minutes\" \/>\n<script type=\"application\/ld+json\" class=\"yoast-schema-graph\">{\"@context\":\"https:\\\/\\\/schema.org\",\"@graph\":[{\"@type\":\"WebPage\",\"@id\":\"https:\\\/\\\/albunorte.pt\\\/politica-de-privacidade\\\/\",\"url\":\"https:\\\/\\\/albunorte.pt\\\/politica-de-privacidade\\\/\",\"name\":\"Politica de Privacidade - Albunorte\",\"isPartOf\":{\"@id\":\"https:\\\/\\\/albunorte.pt\\\/#website\"},\"datePublished\":\"2018-09-28T01:50:42+00:00\",\"dateModified\":\"2019-05-23T10:18:41+00:00\",\"breadcrumb\":{\"@id\":\"https:\\\/\\\/albunorte.pt\\\/politica-de-privacidade\\\/#breadcrumb\"},\"inLanguage\":\"en-GB\",\"potentialAction\":[{\"@type\":\"ReadAction\",\"target\":[\"https:\\\/\\\/albunorte.pt\\\/politica-de-privacidade\\\/\"]}]},{\"@type\":\"BreadcrumbList\",\"@id\":\"https:\\\/\\\/albunorte.pt\\\/politica-de-privacidade\\\/#breadcrumb\",\"itemListElement\":[{\"@type\":\"ListItem\",\"position\":1,\"name\":\"In\u00edcio\",\"item\":\"https:\\\/\\\/albunorte.pt\\\/\"},{\"@type\":\"ListItem\",\"position\":2,\"name\":\"Politica de Privacidade\"}]},{\"@type\":\"WebSite\",\"@id\":\"https:\\\/\\\/albunorte.pt\\\/#website\",\"url\":\"https:\\\/\\\/albunorte.pt\\\/\",\"name\":\"Albunorte\",\"description\":\"Albuns Digitais\",\"potentialAction\":[{\"@type\":\"SearchAction\",\"target\":{\"@type\":\"EntryPoint\",\"urlTemplate\":\"https:\\\/\\\/albunorte.pt\\\/?s={search_term_string}\"},\"query-input\":{\"@type\":\"PropertyValueSpecification\",\"valueRequired\":true,\"valueName\":\"search_term_string\"}}],\"inLanguage\":\"en-GB\"}]}<\/script>\n<!-- \/ Yoast SEO plugin. -->","yoast_head_json":{"title":"Politica de Privacidade - Albunorte","robots":{"index":"index","follow":"follow","max-snippet":"max-snippet:-1","max-image-preview":"max-image-preview:large","max-video-preview":"max-video-preview:-1"},"canonical":"https:\/\/albunorte.pt\/en\/politica-de-privacidade\/","og_locale":"en_GB","og_type":"article","og_title":"Politica de Privacidade - Albunorte","og_url":"https:\/\/albunorte.pt\/en\/politica-de-privacidade\/","og_site_name":"Albunorte","article_modified_time":"2019-05-23T10:18:41+00:00","twitter_card":"summary_large_image","twitter_misc":{"Estimated reading time":"5 minutes"},"schema":{"@context":"https:\/\/schema.org","@graph":[{"@type":"WebPage","@id":"https:\/\/albunorte.pt\/politica-de-privacidade\/","url":"https:\/\/albunorte.pt\/politica-de-privacidade\/","name":"Politica de Privacidade - Albunorte","isPartOf":{"@id":"https:\/\/albunorte.pt\/#website"},"datePublished":"2018-09-28T01:50:42+00:00","dateModified":"2019-05-23T10:18:41+00:00","breadcrumb":{"@id":"https:\/\/albunorte.pt\/politica-de-privacidade\/#breadcrumb"},"inLanguage":"en-GB","potentialAction":[{"@type":"ReadAction","target":["https:\/\/albunorte.pt\/politica-de-privacidade\/"]}]},{"@type":"BreadcrumbList","@id":"https:\/\/albunorte.pt\/politica-de-privacidade\/#breadcrumb","itemListElement":[{"@type":"ListItem","position":1,"name":"In\u00edcio","item":"https:\/\/albunorte.pt\/"},{"@type":"ListItem","position":2,"name":"Politica de Privacidade"}]},{"@type":"WebSite","@id":"https:\/\/albunorte.pt\/#website","url":"https:\/\/albunorte.pt\/","name":"Albunorte","description":"Albuns Digitais","potentialAction":[{"@type":"SearchAction","target":{"@type":"EntryPoint","urlTemplate":"https:\/\/albunorte.pt\/?s={search_term_string}"},"query-input":{"@type":"PropertyValueSpecification","valueRequired":true,"valueName":"search_term_string"}}],"inLanguage":"en-GB"}]}},"_links":{"self":[{"href":"https:\/\/albunorte.pt\/en\/wp-json\/wp\/v2\/pages\/2331","targetHints":{"allow":["GET"]}}],"collection":[{"href":"https:\/\/albunorte.pt\/en\/wp-json\/wp\/v2\/pages"}],"about":[{"href":"https:\/\/albunorte.pt\/en\/wp-json\/wp\/v2\/types\/page"}],"author":[{"embeddable":true,"href":"https:\/\/albunorte.pt\/en\/wp-json\/wp\/v2\/users\/1"}],"replies":[{"embeddable":true,"href":"https:\/\/albunorte.pt\/en\/wp-json\/wp\/v2\/comments?post=2331"}],"version-history":[{"count":0,"href":"https:\/\/albunorte.pt\/en\/wp-json\/wp\/v2\/pages\/2331\/revisions"}],"wp:attachment":[{"href":"https:\/\/albunorte.pt\/en\/wp-json\/wp\/v2\/media?parent=2331"}],"curies":[{"name":"wp","href":"https:\/\/api.w.org\/{rel}","templated":true}]}}