{"id":2336,"date":"2018-09-28T02:05:15","date_gmt":"2018-09-28T02:05:15","guid":{"rendered":"https:\/\/albunorte.pt\/?page_id=2336"},"modified":"2018-09-28T02:10:59","modified_gmt":"2018-09-28T02:10:59","slug":"politica-de-cookies","status":"publish","type":"page","link":"https:\/\/albunorte.pt\/en\/politica-de-cookies\/","title":{"rendered":"Politica de Cookies"},"content":{"rendered":"<div id=\"page-header-73392424\" class=\"page-header-wrapper\">\n  <div class=\"page-title dark featured-title\">\n\n    \n    <div class=\"page-title-inner container align-center flex-row medium-flex-wrap\" >\n              <div class=\"title-wrapper uppercase flex-col text-left medium-text-center\">\n          <h1 class=\"entry-title mb-0\">\n            Politica de Cookies          <\/h1>\n        <\/div>\n                    <div class=\"title-content flex-col flex-right text-right medium-text-center\">\n        <div class=\"title-breadcrumbs pb-half pt-half\"><nav class=\"woocommerce-breadcrumb breadcrumbs uppercase\" data-no-translation=\"\" data-trp-gettext=\"\">Home<\/nav><\/div>      <\/div>\n    <\/div>\n\n       <\/div>\n    <\/div>\n  \n<div class=\"row row-collapse row-full-width\"  id=\"row-830283276\">\n\n\t<div id=\"col-1505545332\" class=\"col medium-2 large-2\"  >\n\t\t\t\t<div class=\"col-inner\"  >\n\t\t\t\n\t\t\t\n\t\t<\/div>\n\t\t\t\t\t<\/div>\n\n\t\n\n\t<div id=\"col-758192390\" class=\"col medium-8 large-8\"  >\n\t\t\t\t<div class=\"col-inner\"  >\n\t\t\t\n\t\t\t\n<p><strong>O site da ALBUNORTE utiliza cookies para melhorar o desempenho e a experi\u00eancia de navega\u00e7\u00e3o do utilizador, medir estat\u00edsticas de visitas, melhorar a qualidade dos conte\u00fados disponibilizados.\u00a0<\/strong><br \/><strong>Ao utilizar o nosso site est\u00e1 a consentir o uso de cookies.<\/strong><\/p>\n<h4>O que s\u00e3o?<\/h4>\n<p>Os cookies s\u00e3o pequenos ficheiros de texto que podem ser utilizados por websites para tornar a experi\u00eancia do utilizador mais eficiente. A lei diz que podemos armazenar cookies no seu dispositivo se forem estritamente necess\u00e1rios para o funcionamento do site. Para todos os outros tipos de cookies precisamos da sua permiss\u00e3o. Este site utiliza diferentes tipos de cookies. Alguns cookies s\u00e3o colocados por servi\u00e7os independentes que aparecem nas nossas p\u00e1ginas.<\/p>\n<h4>Tipo de cookies<\/h4>\n<p><strong>Cookies permanentes<\/strong>\u00a0&#8211; s\u00e3o guardados no browser nos seus equipamentos \u2013 computador, tablet ou telem\u00f3vel &#8211; e s\u00e3o utilizados sempre que faz uma nova visita ao nosso site. Permitem oferecer uma experi\u00eancia mais personalizada e adequada aos interesses do utilizador.\u00a0<\/p>\n<p><strong>Cookies de sess\u00e3o<\/strong>\u00a0\u2013 apenas se mant\u00eam no arquivo de cookies do seu browser enquanto est\u00e1 a navegar no site, sendo eliminados quando a sess\u00e3o termina. A informa\u00e7\u00e3o que estes cookies recolhem serve para analisar padr\u00f5es de tr\u00e1fego na internet, o que nos ajuda a identificar problemas e proporcionar uma melhor experiencia de navega\u00e7\u00e3o.\u00a0<\/p>\n<h4>Finalidade dos Cookies<br \/>Os cookies que usamos podem ser:\u00a0<\/h4>\n<p><strong>Necess\u00e1rios<\/strong>\u00a0&#8211; s\u00e3o essenciais ao funcionamento dos servi\u00e7os disponibilizados nos sites e, em geral, est\u00e3o ativos apenas durante a sess\u00e3o, permitindo identificar o utilizador;\u00a0<\/p>\n<p><strong>Anal\u00edticos<\/strong>\u00a0\u2013 permitem melhorar o desempenho do site, analisando a forma como \u00e9 usado pelos visitantes. Podem estar ativos apenas durante a sess\u00e3o do utilizador ou de forma persistente;<\/p>\n<p><strong>Funcionais<\/strong>\u00a0\u2013 guardam as prefer\u00eancias do visitante na utiliza\u00e7\u00e3o do site e evitam que tenha de voltar a configurar o site em cada visita. Mant\u00eam-se ativos durante a sess\u00e3o ou de forma persistente;\u00a0<\/p>\n<p><strong>De publicidade<\/strong>\u00a0\u2013 permitem recolher informa\u00e7\u00e3o sobre os h\u00e1bitos de navega\u00e7\u00e3o do utilizador, para lhe mostrar publicidade ajustada \u00e0s suas necessidades e interesses e evitar mostrar demasiadas vezes os mesmos an\u00fancios. Ficam ativos de forma persistente, por um per\u00edodo limitado.\u00a0<\/p>\n<p><strong>De terceiros<\/strong>\u00a0\u2013 medem a utiliza\u00e7\u00e3o de aplica\u00e7\u00f5es de terceiros e a efic\u00e1cia da publicidade veiculada por essas entidades, podendo tamb\u00e9m ser usados para personalizar aplica\u00e7\u00f5es do site com dados do utilizador.<\/p>\n<h4>Como desativar e\/ou eliminar?<\/h4>\n<p>Todos os browsers permitem que o utilizador aceite, recuse ou apague os cookies. Pode faz\u00ea-lo no menu \u201c<strong>prefer\u00eancias<\/strong>\u201d ou \u201c<strong>op\u00e7\u00f5es<\/strong>\u201d do browser que usa no seu computador ou equipamento m\u00f3vel. Na sec\u00e7\u00e3o de ajuda do seu browser encontra tamb\u00e9m informa\u00e7\u00f5es sobre como ativar o \u201cmodo privado\u201d ou desbloquear determinados cookies. No entanto, desativar cookies pode afetar a navega\u00e7\u00e3o no site, impedindo que alguns servi\u00e7os funcionem corretamente.\u00a0<\/p>\n<p>Na sec\u00e7\u00e3o de ajuda do seu navegador encontra mais informa\u00e7\u00f5es sobre como ativar o \u201c<strong>modo privado<\/strong>\u201d ou desbloquear determinados cookies.<\/p>\n<h4>O que recolhem?<\/h4>\n<p>Atrav\u00e9s dos cookies, recolhemos informa\u00e7\u00e3o sobre o visitante que \u00e9 guardada automaticamente em ficheiros de registo no nosso servidor. Essa informa\u00e7\u00e3o pode incluir dados sobre o browser utilizado, o sistema operativo do equipamento de acesso, o site de origem do acesso, a data e hora de acesso, o endere\u00e7o IP, o fornecedor de internet utilizado pelo visitante e outras informa\u00e7\u00f5es deste tipo.\u00a0<\/p>\n<p>Atrav\u00e9s dos cookies, a Albunorte apenas analisa dados an\u00f3nimos e informa\u00e7\u00e3o estat\u00edstica. Utilizamos esta informa\u00e7\u00e3o com o objetivo de apresentar corretamente os conte\u00fados e funcionalidades do site e para o proteger de ciberataques. Os dados an\u00f3nimos dos ficheiros de registo e os dados pessoais fornecidos pelo utilizador s\u00e3o armazenados separadamente.<\/p>\n<p>Com a aceita\u00e7\u00e3o da presente Pol\u00edtica de privacidade est\u00e1 a autorizar pr\u00e9via e expressamente a utiliza\u00e7\u00e3o de \u201ccookies\u201d.<\/p>\n\t\t<\/div>\n\t\t\t\t\n<style>\n#col-758192390 > .col-inner {\n  padding: 75px 20px 50px 20px;\n}\n<\/style>\n\t<\/div>\n\n\t\n\n\t<div id=\"col-1816355920\" class=\"col medium-2 small-12 large-2\"  >\n\t\t\t\t<div class=\"col-inner\"  >\n\t\t\t\n\t\t\t\n\t\t<\/div>\n\t\t\t\t\t<\/div>\n\n\t\n<\/div>","protected":false},"excerpt":{"rendered":"","protected":false},"author":1,"featured_media":0,"parent":0,"menu_order":0,"comment_status":"closed","ping_status":"closed","template":"page-blank.php","meta":{"footnotes":""},"class_list":["post-2336","page","type-page","status-publish","hentry"],"yoast_head":"<!-- This site is optimized with the Yoast SEO plugin v27.3 - https:\/\/yoast.com\/product\/yoast-seo-wordpress\/ -->\n<title>Politica de Cookies - Albunorte<\/title>\n<meta name=\"robots\" content=\"index, follow, max-snippet:-1, max-image-preview:large, max-video-preview:-1\" \/>\n<link rel=\"canonical\" href=\"https:\/\/albunorte.pt\/en\/politica-de-cookies\/\" \/>\n<meta property=\"og:locale\" content=\"en_GB\" \/>\n<meta property=\"og:type\" content=\"article\" \/>\n<meta property=\"og:title\" content=\"Politica de Cookies - Albunorte\" \/>\n<meta property=\"og:url\" content=\"https:\/\/albunorte.pt\/en\/politica-de-cookies\/\" \/>\n<meta property=\"og:site_name\" content=\"Albunorte\" \/>\n<meta property=\"article:modified_time\" content=\"2018-09-28T02:10:59+00:00\" \/>\n<meta name=\"twitter:card\" content=\"summary_large_image\" \/>\n<meta name=\"twitter:label1\" content=\"Estimated reading time\" \/>\n\t<meta name=\"twitter:data1\" content=\"3 minutes\" \/>\n<script type=\"application\/ld+json\" class=\"yoast-schema-graph\">{\"@context\":\"https:\\\/\\\/schema.org\",\"@graph\":[{\"@type\":\"WebPage\",\"@id\":\"https:\\\/\\\/albunorte.pt\\\/politica-de-cookies\\\/\",\"url\":\"https:\\\/\\\/albunorte.pt\\\/politica-de-cookies\\\/\",\"name\":\"Politica de Cookies - Albunorte\",\"isPartOf\":{\"@id\":\"https:\\\/\\\/albunorte.pt\\\/#website\"},\"datePublished\":\"2018-09-28T02:05:15+00:00\",\"dateModified\":\"2018-09-28T02:10:59+00:00\",\"breadcrumb\":{\"@id\":\"https:\\\/\\\/albunorte.pt\\\/politica-de-cookies\\\/#breadcrumb\"},\"inLanguage\":\"en-GB\",\"potentialAction\":[{\"@type\":\"ReadAction\",\"target\":[\"https:\\\/\\\/albunorte.pt\\\/politica-de-cookies\\\/\"]}]},{\"@type\":\"BreadcrumbList\",\"@id\":\"https:\\\/\\\/albunorte.pt\\\/politica-de-cookies\\\/#breadcrumb\",\"itemListElement\":[{\"@type\":\"ListItem\",\"position\":1,\"name\":\"In\u00edcio\",\"item\":\"https:\\\/\\\/albunorte.pt\\\/\"},{\"@type\":\"ListItem\",\"position\":2,\"name\":\"Politica de Cookies\"}]},{\"@type\":\"WebSite\",\"@id\":\"https:\\\/\\\/albunorte.pt\\\/#website\",\"url\":\"https:\\\/\\\/albunorte.pt\\\/\",\"name\":\"Albunorte\",\"description\":\"Albuns Digitais\",\"potentialAction\":[{\"@type\":\"SearchAction\",\"target\":{\"@type\":\"EntryPoint\",\"urlTemplate\":\"https:\\\/\\\/albunorte.pt\\\/?s={search_term_string}\"},\"query-input\":{\"@type\":\"PropertyValueSpecification\",\"valueRequired\":true,\"valueName\":\"search_term_string\"}}],\"inLanguage\":\"en-GB\"}]}<\/script>\n<!-- \/ Yoast SEO plugin. -->","yoast_head_json":{"title":"Politica de Cookies - Albunorte","robots":{"index":"index","follow":"follow","max-snippet":"max-snippet:-1","max-image-preview":"max-image-preview:large","max-video-preview":"max-video-preview:-1"},"canonical":"https:\/\/albunorte.pt\/en\/politica-de-cookies\/","og_locale":"en_GB","og_type":"article","og_title":"Politica de Cookies - Albunorte","og_url":"https:\/\/albunorte.pt\/en\/politica-de-cookies\/","og_site_name":"Albunorte","article_modified_time":"2018-09-28T02:10:59+00:00","twitter_card":"summary_large_image","twitter_misc":{"Estimated reading time":"3 minutes"},"schema":{"@context":"https:\/\/schema.org","@graph":[{"@type":"WebPage","@id":"https:\/\/albunorte.pt\/politica-de-cookies\/","url":"https:\/\/albunorte.pt\/politica-de-cookies\/","name":"Politica de Cookies - Albunorte","isPartOf":{"@id":"https:\/\/albunorte.pt\/#website"},"datePublished":"2018-09-28T02:05:15+00:00","dateModified":"2018-09-28T02:10:59+00:00","breadcrumb":{"@id":"https:\/\/albunorte.pt\/politica-de-cookies\/#breadcrumb"},"inLanguage":"en-GB","potentialAction":[{"@type":"ReadAction","target":["https:\/\/albunorte.pt\/politica-de-cookies\/"]}]},{"@type":"BreadcrumbList","@id":"https:\/\/albunorte.pt\/politica-de-cookies\/#breadcrumb","itemListElement":[{"@type":"ListItem","position":1,"name":"In\u00edcio","item":"https:\/\/albunorte.pt\/"},{"@type":"ListItem","position":2,"name":"Politica de Cookies"}]},{"@type":"WebSite","@id":"https:\/\/albunorte.pt\/#website","url":"https:\/\/albunorte.pt\/","name":"Albunorte","description":"Albuns Digitais","potentialAction":[{"@type":"SearchAction","target":{"@type":"EntryPoint","urlTemplate":"https:\/\/albunorte.pt\/?s={search_term_string}"},"query-input":{"@type":"PropertyValueSpecification","valueRequired":true,"valueName":"search_term_string"}}],"inLanguage":"en-GB"}]}},"_links":{"self":[{"href":"https:\/\/albunorte.pt\/en\/wp-json\/wp\/v2\/pages\/2336","targetHints":{"allow":["GET"]}}],"collection":[{"href":"https:\/\/albunorte.pt\/en\/wp-json\/wp\/v2\/pages"}],"about":[{"href":"https:\/\/albunorte.pt\/en\/wp-json\/wp\/v2\/types\/page"}],"author":[{"embeddable":true,"href":"https:\/\/albunorte.pt\/en\/wp-json\/wp\/v2\/users\/1"}],"replies":[{"embeddable":true,"href":"https:\/\/albunorte.pt\/en\/wp-json\/wp\/v2\/comments?post=2336"}],"version-history":[{"count":0,"href":"https:\/\/albunorte.pt\/en\/wp-json\/wp\/v2\/pages\/2336\/revisions"}],"wp:attachment":[{"href":"https:\/\/albunorte.pt\/en\/wp-json\/wp\/v2\/media?parent=2336"}],"curies":[{"name":"wp","href":"https:\/\/api.w.org\/{rel}","templated":true}]}}