{"id":14030,"date":"2018-10-23T21:20:42","date_gmt":"2018-10-23T21:20:42","guid":{"rendered":"https:\/\/albunorte.pt\/?post_type=product&#038;p=14030"},"modified":"2024-04-22T14:08:10","modified_gmt":"2024-04-22T14:08:10","slug":"c-299","status":"publish","type":"product","link":"https:\/\/albunorte.pt\/en\/catalogo\/album-digital\/acrylics\/c-299\/","title":{"rendered":"C-299"},"content":{"rendered":"","protected":false},"excerpt":{"rendered":"<p><strong>1.<\/strong> Escolha o modelo que mais se adequa \u00e0s suas prefer\u00eancias e fa\u00e7a o <strong>pedido de encomenda<\/strong>.<br \/>\n<strong>2.<\/strong> Fa\u00e7a o upload das suas <strong>imagens<\/strong>.<\/p>","protected":false},"featured_media":14032,"template":"","meta":[],"product_brand":[],"product_cat":[43,42,826],"product_tag":[],"class_list":{"0":"post-14030","1":"product","2":"type-product","3":"status-publish","4":"has-post-thumbnail","6":"product_cat-acrylics","7":"product_cat-album-digital","8":"product_cat-modelos-de-albuns-digitais","10":"first","11":"instock","12":"shipping-taxable","13":"purchasable","14":"product-type-variable","15":"has-default-attributes"},"yoast_head":"<!-- This site is optimized with the Yoast SEO plugin v27.3 - https:\/\/yoast.com\/product\/yoast-seo-wordpress\/ -->\n<title>C-299 - Albunorte<\/title>\n<meta name=\"robots\" content=\"index, follow, max-snippet:-1, max-image-preview:large, max-video-preview:-1\" \/>\n<link rel=\"canonical\" href=\"https:\/\/albunorte.pt\/en\/catalogo\/album-digital\/acrylics\/c-299\/\" \/>\n<meta property=\"og:locale\" content=\"en_GB\" \/>\n<meta property=\"og:type\" content=\"article\" \/>\n<meta property=\"og:title\" content=\"C-299 - Albunorte\" \/>\n<meta property=\"og:description\" content=\"1. Escolha o modelo que mais se adequa \u00e0s suas prefer\u00eancias e fa\u00e7a o pedido de encomenda. 2. Fa\u00e7a o upload das suas imagens.\" \/>\n<meta property=\"og:url\" content=\"https:\/\/albunorte.pt\/en\/catalogo\/album-digital\/acrylics\/c-299\/\" \/>\n<meta property=\"og:site_name\" content=\"Albunorte\" \/>\n<meta property=\"article:modified_time\" content=\"2024-04-22T14:08:10+00:00\" \/>\n<meta property=\"og:image\" content=\"https:\/\/albunorte.pt\/wp-content\/uploads\/2018\/10\/C299.png\" \/>\n\t<meta property=\"og:image:width\" content=\"945\" \/>\n\t<meta property=\"og:image:height\" content=\"787\" \/>\n\t<meta property=\"og:image:type\" content=\"image\/png\" \/>\n<meta name=\"twitter:card\" content=\"summary_large_image\" \/>\n<script type=\"application\/ld+json\" class=\"yoast-schema-graph\">{\"@context\":\"https:\\\/\\\/schema.org\",\"@graph\":[{\"@type\":\"WebPage\",\"@id\":\"https:\\\/\\\/albunorte.pt\\\/catalogo\\\/album-digital\\\/acrylics\\\/c-299\\\/\",\"url\":\"https:\\\/\\\/albunorte.pt\\\/catalogo\\\/album-digital\\\/acrylics\\\/c-299\\\/\",\"name\":\"C-299 - Albunorte\",\"isPartOf\":{\"@id\":\"https:\\\/\\\/albunorte.pt\\\/#website\"},\"primaryImageOfPage\":{\"@id\":\"https:\\\/\\\/albunorte.pt\\\/catalogo\\\/album-digital\\\/acrylics\\\/c-299\\\/#primaryimage\"},\"image\":{\"@id\":\"https:\\\/\\\/albunorte.pt\\\/catalogo\\\/album-digital\\\/acrylics\\\/c-299\\\/#primaryimage\"},\"thumbnailUrl\":\"https:\\\/\\\/albunorte.pt\\\/wp-content\\\/uploads\\\/2018\\\/10\\\/C299.png\",\"datePublished\":\"2018-10-23T21:20:42+00:00\",\"dateModified\":\"2024-04-22T14:08:10+00:00\",\"breadcrumb\":{\"@id\":\"https:\\\/\\\/albunorte.pt\\\/catalogo\\\/album-digital\\\/acrylics\\\/c-299\\\/#breadcrumb\"},\"inLanguage\":\"en-GB\",\"potentialAction\":[{\"@type\":\"ReadAction\",\"target\":[\"https:\\\/\\\/albunorte.pt\\\/catalogo\\\/album-digital\\\/acrylics\\\/c-299\\\/\"]}]},{\"@type\":\"ImageObject\",\"inLanguage\":\"en-GB\",\"@id\":\"https:\\\/\\\/albunorte.pt\\\/catalogo\\\/album-digital\\\/acrylics\\\/c-299\\\/#primaryimage\",\"url\":\"https:\\\/\\\/albunorte.pt\\\/wp-content\\\/uploads\\\/2018\\\/10\\\/C299.png\",\"contentUrl\":\"https:\\\/\\\/albunorte.pt\\\/wp-content\\\/uploads\\\/2018\\\/10\\\/C299.png\",\"width\":945,\"height\":787,\"caption\":\"\u00c1lbum Digital - C299\"},{\"@type\":\"BreadcrumbList\",\"@id\":\"https:\\\/\\\/albunorte.pt\\\/catalogo\\\/album-digital\\\/acrylics\\\/c-299\\\/#breadcrumb\",\"itemListElement\":[{\"@type\":\"ListItem\",\"position\":1,\"name\":\"In\u00edcio\",\"item\":\"https:\\\/\\\/albunorte.pt\\\/\"},{\"@type\":\"ListItem\",\"position\":2,\"name\":\"Produtos\",\"item\":\"https:\\\/\\\/albunorte.pt\\\/produtos\\\/\"},{\"@type\":\"ListItem\",\"position\":3,\"name\":\"C-299\"}]},{\"@type\":\"WebSite\",\"@id\":\"https:\\\/\\\/albunorte.pt\\\/#website\",\"url\":\"https:\\\/\\\/albunorte.pt\\\/\",\"name\":\"Albunorte\",\"description\":\"Albuns Digitais\",\"potentialAction\":[{\"@type\":\"SearchAction\",\"target\":{\"@type\":\"EntryPoint\",\"urlTemplate\":\"https:\\\/\\\/albunorte.pt\\\/?s={search_term_string}\"},\"query-input\":{\"@type\":\"PropertyValueSpecification\",\"valueRequired\":true,\"valueName\":\"search_term_string\"}}],\"inLanguage\":\"en-GB\"}]}<\/script>\n<!-- \/ Yoast SEO plugin. -->","yoast_head_json":{"title":"C-299 - Albunorte","robots":{"index":"index","follow":"follow","max-snippet":"max-snippet:-1","max-image-preview":"max-image-preview:large","max-video-preview":"max-video-preview:-1"},"canonical":"https:\/\/albunorte.pt\/en\/catalogo\/album-digital\/acrylics\/c-299\/","og_locale":"en_GB","og_type":"article","og_title":"C-299 - Albunorte","og_description":"1. Escolha o modelo que mais se adequa \u00e0s suas prefer\u00eancias e fa\u00e7a o pedido de encomenda. 2. Fa\u00e7a o upload das suas imagens.","og_url":"https:\/\/albunorte.pt\/en\/catalogo\/album-digital\/acrylics\/c-299\/","og_site_name":"Albunorte","article_modified_time":"2024-04-22T14:08:10+00:00","og_image":[{"width":945,"height":787,"url":"https:\/\/albunorte.pt\/wp-content\/uploads\/2018\/10\/C299.png","type":"image\/png"}],"twitter_card":"summary_large_image","schema":{"@context":"https:\/\/schema.org","@graph":[{"@type":"WebPage","@id":"https:\/\/albunorte.pt\/catalogo\/album-digital\/acrylics\/c-299\/","url":"https:\/\/albunorte.pt\/catalogo\/album-digital\/acrylics\/c-299\/","name":"C-299 - Albunorte","isPartOf":{"@id":"https:\/\/albunorte.pt\/#website"},"primaryImageOfPage":{"@id":"https:\/\/albunorte.pt\/catalogo\/album-digital\/acrylics\/c-299\/#primaryimage"},"image":{"@id":"https:\/\/albunorte.pt\/catalogo\/album-digital\/acrylics\/c-299\/#primaryimage"},"thumbnailUrl":"https:\/\/albunorte.pt\/wp-content\/uploads\/2018\/10\/C299.png","datePublished":"2018-10-23T21:20:42+00:00","dateModified":"2024-04-22T14:08:10+00:00","breadcrumb":{"@id":"https:\/\/albunorte.pt\/catalogo\/album-digital\/acrylics\/c-299\/#breadcrumb"},"inLanguage":"en-GB","potentialAction":[{"@type":"ReadAction","target":["https:\/\/albunorte.pt\/catalogo\/album-digital\/acrylics\/c-299\/"]}]},{"@type":"ImageObject","inLanguage":"en-GB","@id":"https:\/\/albunorte.pt\/catalogo\/album-digital\/acrylics\/c-299\/#primaryimage","url":"https:\/\/albunorte.pt\/wp-content\/uploads\/2018\/10\/C299.png","contentUrl":"https:\/\/albunorte.pt\/wp-content\/uploads\/2018\/10\/C299.png","width":945,"height":787,"caption":"\u00c1lbum Digital - C299"},{"@type":"BreadcrumbList","@id":"https:\/\/albunorte.pt\/catalogo\/album-digital\/acrylics\/c-299\/#breadcrumb","itemListElement":[{"@type":"ListItem","position":1,"name":"In\u00edcio","item":"https:\/\/albunorte.pt\/"},{"@type":"ListItem","position":2,"name":"Produtos","item":"https:\/\/albunorte.pt\/produtos\/"},{"@type":"ListItem","position":3,"name":"C-299"}]},{"@type":"WebSite","@id":"https:\/\/albunorte.pt\/#website","url":"https:\/\/albunorte.pt\/","name":"Albunorte","description":"Albuns Digitais","potentialAction":[{"@type":"SearchAction","target":{"@type":"EntryPoint","urlTemplate":"https:\/\/albunorte.pt\/?s={search_term_string}"},"query-input":{"@type":"PropertyValueSpecification","valueRequired":true,"valueName":"search_term_string"}}],"inLanguage":"en-GB"}]}},"_links":{"self":[{"href":"https:\/\/albunorte.pt\/en\/wp-json\/wp\/v2\/product\/14030","targetHints":{"allow":["GET"]}}],"collection":[{"href":"https:\/\/albunorte.pt\/en\/wp-json\/wp\/v2\/product"}],"about":[{"href":"https:\/\/albunorte.pt\/en\/wp-json\/wp\/v2\/types\/product"}],"wp:featuredmedia":[{"embeddable":true,"href":"https:\/\/albunorte.pt\/en\/wp-json\/wp\/v2\/media\/14032"}],"wp:attachment":[{"href":"https:\/\/albunorte.pt\/en\/wp-json\/wp\/v2\/media?parent=14030"}],"wp:term":[{"taxonomy":"product_brand","embeddable":true,"href":"https:\/\/albunorte.pt\/en\/wp-json\/wp\/v2\/product_brand?post=14030"},{"taxonomy":"product_cat","embeddable":true,"href":"https:\/\/albunorte.pt\/en\/wp-json\/wp\/v2\/product_cat?post=14030"},{"taxonomy":"product_tag","embeddable":true,"href":"https:\/\/albunorte.pt\/en\/wp-json\/wp\/v2\/product_tag?post=14030"}],"curies":[{"name":"wp","href":"https:\/\/api.w.org\/{rel}","templated":true}]}}