{"id":16845,"date":"2018-11-10T16:18:29","date_gmt":"2018-11-10T16:18:29","guid":{"rendered":"https:\/\/albunorte.pt\/?post_type=product&#038;p=16845"},"modified":"2024-04-22T13:23:05","modified_gmt":"2024-04-22T13:23:05","slug":"t-54","status":"publish","type":"product","link":"https:\/\/albunorte.pt\/en\/catalogo\/album-digital\/tile\/t-54\/","title":{"rendered":"T-54"},"content":{"rendered":"","protected":false},"excerpt":{"rendered":"<ol>\n<li>Escolha o modelo que mais se adequa \u00e0s suas prefer\u00eancias e fa\u00e7a o pedido de or\u00e7amento.<\/li>\n<li>Fa\u00e7a o upload das suas imagens. <a href=\"https:\/\/albunorte.pt\/en\/minha-conta\/\" target=\"_blank\" rel=\"noopener\">Aceda a sua conta<\/a> para gerir as encomendas e pedidos de or\u00e7amento.<\/li>\n<\/ol>","protected":false},"featured_media":16847,"template":"","meta":[],"product_brand":[],"product_cat":[42,826,404],"product_tag":[],"class_list":{"0":"post-16845","1":"product","2":"type-product","3":"status-publish","4":"has-post-thumbnail","6":"product_cat-album-digital","7":"product_cat-modelos-de-albuns-digitais","8":"product_cat-tile","10":"first","11":"instock","12":"shipping-taxable","13":"purchasable","14":"product-type-variable","15":"has-default-attributes"},"yoast_head":"<!-- This site is optimized with the Yoast SEO plugin v27.3 - https:\/\/yoast.com\/product\/yoast-seo-wordpress\/ -->\n<title>T-54 - Albunorte<\/title>\n<meta name=\"robots\" content=\"index, follow, max-snippet:-1, max-image-preview:large, max-video-preview:-1\" \/>\n<link rel=\"canonical\" href=\"https:\/\/albunorte.pt\/en\/catalogo\/album-digital\/tile\/t-54\/\" \/>\n<meta property=\"og:locale\" content=\"en_GB\" \/>\n<meta property=\"og:type\" content=\"article\" \/>\n<meta property=\"og:title\" content=\"T-54 - Albunorte\" \/>\n<meta property=\"og:description\" content=\"Escolha o modelo que mais se adequa \u00e0s suas prefer\u00eancias e fa\u00e7a o pedido de or\u00e7amento.  Fa\u00e7a o upload das suas imagens. Aceda a sua conta para gerir as encomendas e pedidos de or\u00e7amento.\" \/>\n<meta property=\"og:url\" content=\"https:\/\/albunorte.pt\/en\/catalogo\/album-digital\/tile\/t-54\/\" \/>\n<meta property=\"og:site_name\" content=\"Albunorte\" \/>\n<meta property=\"article:modified_time\" content=\"2024-04-22T13:23:05+00:00\" \/>\n<meta property=\"og:image\" content=\"https:\/\/albunorte.pt\/wp-content\/uploads\/2018\/11\/54-1.png\" \/>\n\t<meta property=\"og:image:width\" content=\"1080\" \/>\n\t<meta property=\"og:image:height\" content=\"1063\" \/>\n\t<meta property=\"og:image:type\" content=\"image\/png\" \/>\n<meta name=\"twitter:card\" content=\"summary_large_image\" \/>\n<meta name=\"twitter:label1\" content=\"Estimated reading time\" \/>\n\t<meta name=\"twitter:data1\" content=\"1 minute\" \/>\n<script type=\"application\/ld+json\" class=\"yoast-schema-graph\">{\"@context\":\"https:\\\/\\\/schema.org\",\"@graph\":[{\"@type\":\"WebPage\",\"@id\":\"https:\\\/\\\/albunorte.pt\\\/catalogo\\\/album-digital\\\/tile\\\/t-54\\\/\",\"url\":\"https:\\\/\\\/albunorte.pt\\\/catalogo\\\/album-digital\\\/tile\\\/t-54\\\/\",\"name\":\"T-54 - Albunorte\",\"isPartOf\":{\"@id\":\"https:\\\/\\\/albunorte.pt\\\/#website\"},\"primaryImageOfPage\":{\"@id\":\"https:\\\/\\\/albunorte.pt\\\/catalogo\\\/album-digital\\\/tile\\\/t-54\\\/#primaryimage\"},\"image\":{\"@id\":\"https:\\\/\\\/albunorte.pt\\\/catalogo\\\/album-digital\\\/tile\\\/t-54\\\/#primaryimage\"},\"thumbnailUrl\":\"https:\\\/\\\/albunorte.pt\\\/wp-content\\\/uploads\\\/2018\\\/11\\\/54-1.png\",\"datePublished\":\"2018-11-10T16:18:29+00:00\",\"dateModified\":\"2024-04-22T13:23:05+00:00\",\"breadcrumb\":{\"@id\":\"https:\\\/\\\/albunorte.pt\\\/catalogo\\\/album-digital\\\/tile\\\/t-54\\\/#breadcrumb\"},\"inLanguage\":\"en-GB\",\"potentialAction\":[{\"@type\":\"ReadAction\",\"target\":[\"https:\\\/\\\/albunorte.pt\\\/catalogo\\\/album-digital\\\/tile\\\/t-54\\\/\"]}]},{\"@type\":\"ImageObject\",\"inLanguage\":\"en-GB\",\"@id\":\"https:\\\/\\\/albunorte.pt\\\/catalogo\\\/album-digital\\\/tile\\\/t-54\\\/#primaryimage\",\"url\":\"https:\\\/\\\/albunorte.pt\\\/wp-content\\\/uploads\\\/2018\\\/11\\\/54-1.png\",\"contentUrl\":\"https:\\\/\\\/albunorte.pt\\\/wp-content\\\/uploads\\\/2018\\\/11\\\/54-1.png\",\"width\":1080,\"height\":1063,\"caption\":\"Tile - 54\"},{\"@type\":\"BreadcrumbList\",\"@id\":\"https:\\\/\\\/albunorte.pt\\\/catalogo\\\/album-digital\\\/tile\\\/t-54\\\/#breadcrumb\",\"itemListElement\":[{\"@type\":\"ListItem\",\"position\":1,\"name\":\"In\u00edcio\",\"item\":\"https:\\\/\\\/albunorte.pt\\\/\"},{\"@type\":\"ListItem\",\"position\":2,\"name\":\"Produtos\",\"item\":\"https:\\\/\\\/albunorte.pt\\\/produtos\\\/\"},{\"@type\":\"ListItem\",\"position\":3,\"name\":\"T-54\"}]},{\"@type\":\"WebSite\",\"@id\":\"https:\\\/\\\/albunorte.pt\\\/#website\",\"url\":\"https:\\\/\\\/albunorte.pt\\\/\",\"name\":\"Albunorte\",\"description\":\"Albuns Digitais\",\"potentialAction\":[{\"@type\":\"SearchAction\",\"target\":{\"@type\":\"EntryPoint\",\"urlTemplate\":\"https:\\\/\\\/albunorte.pt\\\/?s={search_term_string}\"},\"query-input\":{\"@type\":\"PropertyValueSpecification\",\"valueRequired\":true,\"valueName\":\"search_term_string\"}}],\"inLanguage\":\"en-GB\"}]}<\/script>\n<!-- \/ Yoast SEO plugin. -->","yoast_head_json":{"title":"T-54 - Albunorte","robots":{"index":"index","follow":"follow","max-snippet":"max-snippet:-1","max-image-preview":"max-image-preview:large","max-video-preview":"max-video-preview:-1"},"canonical":"https:\/\/albunorte.pt\/en\/catalogo\/album-digital\/tile\/t-54\/","og_locale":"en_GB","og_type":"article","og_title":"T-54 - Albunorte","og_description":"Escolha o modelo que mais se adequa \u00e0s suas prefer\u00eancias e fa\u00e7a o pedido de or\u00e7amento.  Fa\u00e7a o upload das suas imagens. Aceda a sua conta para gerir as encomendas e pedidos de or\u00e7amento.","og_url":"https:\/\/albunorte.pt\/en\/catalogo\/album-digital\/tile\/t-54\/","og_site_name":"Albunorte","article_modified_time":"2024-04-22T13:23:05+00:00","og_image":[{"width":1080,"height":1063,"url":"https:\/\/albunorte.pt\/wp-content\/uploads\/2018\/11\/54-1.png","type":"image\/png"}],"twitter_card":"summary_large_image","twitter_misc":{"Estimated reading time":"1 minute"},"schema":{"@context":"https:\/\/schema.org","@graph":[{"@type":"WebPage","@id":"https:\/\/albunorte.pt\/catalogo\/album-digital\/tile\/t-54\/","url":"https:\/\/albunorte.pt\/catalogo\/album-digital\/tile\/t-54\/","name":"T-54 - Albunorte","isPartOf":{"@id":"https:\/\/albunorte.pt\/#website"},"primaryImageOfPage":{"@id":"https:\/\/albunorte.pt\/catalogo\/album-digital\/tile\/t-54\/#primaryimage"},"image":{"@id":"https:\/\/albunorte.pt\/catalogo\/album-digital\/tile\/t-54\/#primaryimage"},"thumbnailUrl":"https:\/\/albunorte.pt\/wp-content\/uploads\/2018\/11\/54-1.png","datePublished":"2018-11-10T16:18:29+00:00","dateModified":"2024-04-22T13:23:05+00:00","breadcrumb":{"@id":"https:\/\/albunorte.pt\/catalogo\/album-digital\/tile\/t-54\/#breadcrumb"},"inLanguage":"en-GB","potentialAction":[{"@type":"ReadAction","target":["https:\/\/albunorte.pt\/catalogo\/album-digital\/tile\/t-54\/"]}]},{"@type":"ImageObject","inLanguage":"en-GB","@id":"https:\/\/albunorte.pt\/catalogo\/album-digital\/tile\/t-54\/#primaryimage","url":"https:\/\/albunorte.pt\/wp-content\/uploads\/2018\/11\/54-1.png","contentUrl":"https:\/\/albunorte.pt\/wp-content\/uploads\/2018\/11\/54-1.png","width":1080,"height":1063,"caption":"Tile - 54"},{"@type":"BreadcrumbList","@id":"https:\/\/albunorte.pt\/catalogo\/album-digital\/tile\/t-54\/#breadcrumb","itemListElement":[{"@type":"ListItem","position":1,"name":"In\u00edcio","item":"https:\/\/albunorte.pt\/"},{"@type":"ListItem","position":2,"name":"Produtos","item":"https:\/\/albunorte.pt\/produtos\/"},{"@type":"ListItem","position":3,"name":"T-54"}]},{"@type":"WebSite","@id":"https:\/\/albunorte.pt\/#website","url":"https:\/\/albunorte.pt\/","name":"Albunorte","description":"Albuns Digitais","potentialAction":[{"@type":"SearchAction","target":{"@type":"EntryPoint","urlTemplate":"https:\/\/albunorte.pt\/?s={search_term_string}"},"query-input":{"@type":"PropertyValueSpecification","valueRequired":true,"valueName":"search_term_string"}}],"inLanguage":"en-GB"}]}},"_links":{"self":[{"href":"https:\/\/albunorte.pt\/en\/wp-json\/wp\/v2\/product\/16845","targetHints":{"allow":["GET"]}}],"collection":[{"href":"https:\/\/albunorte.pt\/en\/wp-json\/wp\/v2\/product"}],"about":[{"href":"https:\/\/albunorte.pt\/en\/wp-json\/wp\/v2\/types\/product"}],"wp:featuredmedia":[{"embeddable":true,"href":"https:\/\/albunorte.pt\/en\/wp-json\/wp\/v2\/media\/16847"}],"wp:attachment":[{"href":"https:\/\/albunorte.pt\/en\/wp-json\/wp\/v2\/media?parent=16845"}],"wp:term":[{"taxonomy":"product_brand","embeddable":true,"href":"https:\/\/albunorte.pt\/en\/wp-json\/wp\/v2\/product_brand?post=16845"},{"taxonomy":"product_cat","embeddable":true,"href":"https:\/\/albunorte.pt\/en\/wp-json\/wp\/v2\/product_cat?post=16845"},{"taxonomy":"product_tag","embeddable":true,"href":"https:\/\/albunorte.pt\/en\/wp-json\/wp\/v2\/product_tag?post=16845"}],"curies":[{"name":"wp","href":"https:\/\/api.w.org\/{rel}","templated":true}]}}