{"id":17479,"date":"2018-12-05T18:58:46","date_gmt":"2018-12-05T18:58:46","guid":{"rendered":"https:\/\/albunorte.pt\/?post_type=product&#038;p=17479"},"modified":"2022-06-01T08:21:52","modified_gmt":"2022-06-01T08:21:52","slug":"almofada-nuvem-pelo","status":"publish","type":"product","link":"https:\/\/albunorte.pt\/en\/catalogo\/uncategorized\/almofada-nuvem-pelo\/","title":{"rendered":"Almofada Nuvem P\u00ealo"},"content":{"rendered":"<p><strong>Medidas:<\/strong>\u00a060x34cm<\/p>\n<p>Frente personalizada em tecido poli\u00e9ster. Atr\u00e1s com p\u00ealo p\u00e9rola<\/p>","protected":false},"excerpt":{"rendered":"<p>Medidas:\u00a060x34cm Frente personalizada em tecido poli\u00e9ster. Atr\u00e1s com p\u00ealo p\u00e9rola<\/p>","protected":false},"featured_media":17489,"template":"","meta":[],"product_brand":[],"product_cat":[15],"product_tag":[],"class_list":{"0":"post-17479","1":"product","2":"type-product","3":"status-publish","4":"has-post-thumbnail","6":"product_cat-uncategorized","8":"first","9":"instock","10":"shipping-taxable","11":"purchasable","12":"product-type-simple"},"yoast_head":"<!-- This site is optimized with the Yoast SEO plugin v27.3 - https:\/\/yoast.com\/product\/yoast-seo-wordpress\/ -->\n<title>Almofada Nuvem P\u00ealo - Albunorte<\/title>\n<meta name=\"robots\" content=\"index, follow, max-snippet:-1, max-image-preview:large, max-video-preview:-1\" \/>\n<link rel=\"canonical\" href=\"https:\/\/albunorte.pt\/en\/catalogo\/produtos-personalizados\/almofadas-mantas\/almofada-nuvem-pelo\/\" \/>\n<meta property=\"og:locale\" content=\"en_GB\" \/>\n<meta property=\"og:type\" content=\"article\" \/>\n<meta property=\"og:title\" content=\"Almofada Nuvem P\u00ealo - Albunorte\" \/>\n<meta property=\"og:description\" content=\"Medidas:\u00a060x34cm Frente personalizada em tecido poli\u00e9ster. Atr\u00e1s com p\u00ealo p\u00e9rola\" \/>\n<meta property=\"og:url\" content=\"https:\/\/albunorte.pt\/en\/catalogo\/produtos-personalizados\/almofadas-mantas\/almofada-nuvem-pelo\/\" \/>\n<meta property=\"og:site_name\" content=\"Albunorte\" \/>\n<meta property=\"article:modified_time\" content=\"2022-06-01T08:21:52+00:00\" \/>\n<meta property=\"og:image\" content=\"https:\/\/albunorte.pt\/wp-content\/uploads\/2018\/12\/IMG_4013-cortada.jpg\" \/>\n\t<meta property=\"og:image:width\" content=\"600\" \/>\n\t<meta property=\"og:image:height\" content=\"720\" \/>\n\t<meta property=\"og:image:type\" content=\"image\/jpeg\" \/>\n<meta name=\"twitter:card\" content=\"summary_large_image\" \/>\n<script type=\"application\/ld+json\" class=\"yoast-schema-graph\">{\"@context\":\"https:\\\/\\\/schema.org\",\"@graph\":[{\"@type\":\"WebPage\",\"@id\":\"https:\\\/\\\/albunorte.pt\\\/catalogo\\\/produtos-personalizados\\\/almofadas-mantas\\\/almofada-nuvem-pelo\\\/\",\"url\":\"https:\\\/\\\/albunorte.pt\\\/catalogo\\\/produtos-personalizados\\\/almofadas-mantas\\\/almofada-nuvem-pelo\\\/\",\"name\":\"Almofada Nuvem P\u00ealo - Albunorte\",\"isPartOf\":{\"@id\":\"https:\\\/\\\/albunorte.pt\\\/#website\"},\"primaryImageOfPage\":{\"@id\":\"https:\\\/\\\/albunorte.pt\\\/catalogo\\\/produtos-personalizados\\\/almofadas-mantas\\\/almofada-nuvem-pelo\\\/#primaryimage\"},\"image\":{\"@id\":\"https:\\\/\\\/albunorte.pt\\\/catalogo\\\/produtos-personalizados\\\/almofadas-mantas\\\/almofada-nuvem-pelo\\\/#primaryimage\"},\"thumbnailUrl\":\"https:\\\/\\\/albunorte.pt\\\/wp-content\\\/uploads\\\/2018\\\/12\\\/IMG_4013-cortada.jpg\",\"datePublished\":\"2018-12-05T18:58:46+00:00\",\"dateModified\":\"2022-06-01T08:21:52+00:00\",\"breadcrumb\":{\"@id\":\"https:\\\/\\\/albunorte.pt\\\/catalogo\\\/produtos-personalizados\\\/almofadas-mantas\\\/almofada-nuvem-pelo\\\/#breadcrumb\"},\"inLanguage\":\"en-GB\",\"potentialAction\":[{\"@type\":\"ReadAction\",\"target\":[\"https:\\\/\\\/albunorte.pt\\\/catalogo\\\/produtos-personalizados\\\/almofadas-mantas\\\/almofada-nuvem-pelo\\\/\"]}]},{\"@type\":\"ImageObject\",\"inLanguage\":\"en-GB\",\"@id\":\"https:\\\/\\\/albunorte.pt\\\/catalogo\\\/produtos-personalizados\\\/almofadas-mantas\\\/almofada-nuvem-pelo\\\/#primaryimage\",\"url\":\"https:\\\/\\\/albunorte.pt\\\/wp-content\\\/uploads\\\/2018\\\/12\\\/IMG_4013-cortada.jpg\",\"contentUrl\":\"https:\\\/\\\/albunorte.pt\\\/wp-content\\\/uploads\\\/2018\\\/12\\\/IMG_4013-cortada.jpg\",\"width\":600,\"height\":720},{\"@type\":\"BreadcrumbList\",\"@id\":\"https:\\\/\\\/albunorte.pt\\\/catalogo\\\/produtos-personalizados\\\/almofadas-mantas\\\/almofada-nuvem-pelo\\\/#breadcrumb\",\"itemListElement\":[{\"@type\":\"ListItem\",\"position\":1,\"name\":\"In\u00edcio\",\"item\":\"https:\\\/\\\/albunorte.pt\\\/\"},{\"@type\":\"ListItem\",\"position\":2,\"name\":\"Produtos\",\"item\":\"https:\\\/\\\/albunorte.pt\\\/produtos\\\/\"},{\"@type\":\"ListItem\",\"position\":3,\"name\":\"Almofada Nuvem P\u00ealo\"}]},{\"@type\":\"WebSite\",\"@id\":\"https:\\\/\\\/albunorte.pt\\\/#website\",\"url\":\"https:\\\/\\\/albunorte.pt\\\/\",\"name\":\"Albunorte\",\"description\":\"Albuns Digitais\",\"potentialAction\":[{\"@type\":\"SearchAction\",\"target\":{\"@type\":\"EntryPoint\",\"urlTemplate\":\"https:\\\/\\\/albunorte.pt\\\/?s={search_term_string}\"},\"query-input\":{\"@type\":\"PropertyValueSpecification\",\"valueRequired\":true,\"valueName\":\"search_term_string\"}}],\"inLanguage\":\"en-GB\"}]}<\/script>\n<!-- \/ Yoast SEO plugin. -->","yoast_head_json":{"title":"Almofada Nuvem P\u00ealo - Albunorte","robots":{"index":"index","follow":"follow","max-snippet":"max-snippet:-1","max-image-preview":"max-image-preview:large","max-video-preview":"max-video-preview:-1"},"canonical":"https:\/\/albunorte.pt\/en\/catalogo\/produtos-personalizados\/almofadas-mantas\/almofada-nuvem-pelo\/","og_locale":"en_GB","og_type":"article","og_title":"Almofada Nuvem P\u00ealo - Albunorte","og_description":"Medidas:\u00a060x34cm Frente personalizada em tecido poli\u00e9ster. Atr\u00e1s com p\u00ealo p\u00e9rola","og_url":"https:\/\/albunorte.pt\/en\/catalogo\/produtos-personalizados\/almofadas-mantas\/almofada-nuvem-pelo\/","og_site_name":"Albunorte","article_modified_time":"2022-06-01T08:21:52+00:00","og_image":[{"width":600,"height":720,"url":"https:\/\/albunorte.pt\/wp-content\/uploads\/2018\/12\/IMG_4013-cortada.jpg","type":"image\/jpeg"}],"twitter_card":"summary_large_image","schema":{"@context":"https:\/\/schema.org","@graph":[{"@type":"WebPage","@id":"https:\/\/albunorte.pt\/catalogo\/produtos-personalizados\/almofadas-mantas\/almofada-nuvem-pelo\/","url":"https:\/\/albunorte.pt\/catalogo\/produtos-personalizados\/almofadas-mantas\/almofada-nuvem-pelo\/","name":"Almofada Nuvem P\u00ealo - Albunorte","isPartOf":{"@id":"https:\/\/albunorte.pt\/#website"},"primaryImageOfPage":{"@id":"https:\/\/albunorte.pt\/catalogo\/produtos-personalizados\/almofadas-mantas\/almofada-nuvem-pelo\/#primaryimage"},"image":{"@id":"https:\/\/albunorte.pt\/catalogo\/produtos-personalizados\/almofadas-mantas\/almofada-nuvem-pelo\/#primaryimage"},"thumbnailUrl":"https:\/\/albunorte.pt\/wp-content\/uploads\/2018\/12\/IMG_4013-cortada.jpg","datePublished":"2018-12-05T18:58:46+00:00","dateModified":"2022-06-01T08:21:52+00:00","breadcrumb":{"@id":"https:\/\/albunorte.pt\/catalogo\/produtos-personalizados\/almofadas-mantas\/almofada-nuvem-pelo\/#breadcrumb"},"inLanguage":"en-GB","potentialAction":[{"@type":"ReadAction","target":["https:\/\/albunorte.pt\/catalogo\/produtos-personalizados\/almofadas-mantas\/almofada-nuvem-pelo\/"]}]},{"@type":"ImageObject","inLanguage":"en-GB","@id":"https:\/\/albunorte.pt\/catalogo\/produtos-personalizados\/almofadas-mantas\/almofada-nuvem-pelo\/#primaryimage","url":"https:\/\/albunorte.pt\/wp-content\/uploads\/2018\/12\/IMG_4013-cortada.jpg","contentUrl":"https:\/\/albunorte.pt\/wp-content\/uploads\/2018\/12\/IMG_4013-cortada.jpg","width":600,"height":720},{"@type":"BreadcrumbList","@id":"https:\/\/albunorte.pt\/catalogo\/produtos-personalizados\/almofadas-mantas\/almofada-nuvem-pelo\/#breadcrumb","itemListElement":[{"@type":"ListItem","position":1,"name":"In\u00edcio","item":"https:\/\/albunorte.pt\/"},{"@type":"ListItem","position":2,"name":"Produtos","item":"https:\/\/albunorte.pt\/produtos\/"},{"@type":"ListItem","position":3,"name":"Almofada Nuvem P\u00ealo"}]},{"@type":"WebSite","@id":"https:\/\/albunorte.pt\/#website","url":"https:\/\/albunorte.pt\/","name":"Albunorte","description":"Albuns Digitais","potentialAction":[{"@type":"SearchAction","target":{"@type":"EntryPoint","urlTemplate":"https:\/\/albunorte.pt\/?s={search_term_string}"},"query-input":{"@type":"PropertyValueSpecification","valueRequired":true,"valueName":"search_term_string"}}],"inLanguage":"en-GB"}]}},"_links":{"self":[{"href":"https:\/\/albunorte.pt\/en\/wp-json\/wp\/v2\/product\/17479","targetHints":{"allow":["GET"]}}],"collection":[{"href":"https:\/\/albunorte.pt\/en\/wp-json\/wp\/v2\/product"}],"about":[{"href":"https:\/\/albunorte.pt\/en\/wp-json\/wp\/v2\/types\/product"}],"wp:featuredmedia":[{"embeddable":true,"href":"https:\/\/albunorte.pt\/en\/wp-json\/wp\/v2\/media\/17489"}],"wp:attachment":[{"href":"https:\/\/albunorte.pt\/en\/wp-json\/wp\/v2\/media?parent=17479"}],"wp:term":[{"taxonomy":"product_brand","embeddable":true,"href":"https:\/\/albunorte.pt\/en\/wp-json\/wp\/v2\/product_brand?post=17479"},{"taxonomy":"product_cat","embeddable":true,"href":"https:\/\/albunorte.pt\/en\/wp-json\/wp\/v2\/product_cat?post=17479"},{"taxonomy":"product_tag","embeddable":true,"href":"https:\/\/albunorte.pt\/en\/wp-json\/wp\/v2\/product_tag?post=17479"}],"curies":[{"name":"wp","href":"https:\/\/api.w.org\/{rel}","templated":true}]}}