{"id":17586,"date":"2018-12-11T09:33:38","date_gmt":"2018-12-11T09:33:38","guid":{"rendered":"https:\/\/albunorte.pt\/?post_type=product&#038;p=17586"},"modified":"2024-04-22T14:33:00","modified_gmt":"2024-04-22T14:33:00","slug":"cart-book","status":"publish","type":"product","link":"https:\/\/albunorte.pt\/en\/catalogo\/albuns-off-set\/modelos-albuns-off-set\/cart-book\/","title":{"rendered":"Cart Book"},"content":{"rendered":"","protected":false},"excerpt":{"rendered":"<ol>\n<li>Escolha o modelo que mais se adequa \u00e0s suas prefer\u00eancias e fa\u00e7a o pedido de or\u00e7amento.<\/li>\n<li>Fa\u00e7a o upload das suas imagens. <a href=\"https:\/\/albunorte.pt\/en\/minha-conta\/\" target=\"_blank\" rel=\"noopener\">Aceda a sua conta<\/a> para gerir as encomendas e pedidos de or\u00e7amento.<\/li>\n<\/ol>\n<p>Impresso em papel off-set.<\/p>\n<p>Capa personalizada tipo photobook<\/p>\n<p class=\"uppercase\"><em><strong>Os \u00e1lbuns devem ser enviados p\u00e1gina a p\u00e1gina. A PAGINA\u00c7\u00c3O DA folha deve vir cortada a meio.<\/strong><\/em><\/p>\n<p>Se escolher &#8220;sem Guardas&#8221; o Cart Book come\u00e7a e termina com a primeira e \u00faltima folha da sua pagina\u00e7\u00e3o.<\/p>","protected":false},"featured_media":17588,"template":"","meta":[],"product_brand":[],"product_cat":[42,479,827],"product_tag":[],"class_list":{"0":"post-17586","1":"product","2":"type-product","3":"status-publish","4":"has-post-thumbnail","6":"product_cat-album-digital","7":"product_cat-albuns-off-set","8":"product_cat-modelos-albuns-off-set","10":"first","11":"instock","12":"shipping-taxable","13":"purchasable","14":"product-type-variable"},"yoast_head":"<!-- This site is optimized with the Yoast SEO plugin v27.3 - https:\/\/yoast.com\/product\/yoast-seo-wordpress\/ -->\n<title>Cart Book - Albunorte<\/title>\n<meta name=\"robots\" content=\"index, follow, max-snippet:-1, max-image-preview:large, max-video-preview:-1\" \/>\n<link rel=\"canonical\" href=\"https:\/\/albunorte.pt\/en\/catalogo\/albuns-off-set\/modelos-albuns-off-set\/cart-book\/\" \/>\n<meta property=\"og:locale\" content=\"en_GB\" \/>\n<meta property=\"og:type\" content=\"article\" \/>\n<meta property=\"og:title\" content=\"Cart Book - Albunorte\" \/>\n<meta property=\"og:description\" content=\"Escolha o modelo que mais se adequa \u00e0s suas prefer\u00eancias e fa\u00e7a o pedido de or\u00e7amento.  Fa\u00e7a o upload das suas imagens. Aceda a sua conta para gerir as encomendas e pedidos de or\u00e7amento.  Impresso em papel off-set.  Capa personalizada tipo photobook Os \u00e1lbuns devem ser enviados p\u00e1gina a p\u00e1gina. A PAGINA\u00c7\u00c3O DA folha deve vir cortada a meio. Se escolher &quot;sem Guardas&quot; o Cart Book come\u00e7a e termina com a primeira e \u00faltima folha da sua pagina\u00e7\u00e3o.\" \/>\n<meta property=\"og:url\" content=\"https:\/\/albunorte.pt\/en\/catalogo\/albuns-off-set\/modelos-albuns-off-set\/cart-book\/\" \/>\n<meta property=\"og:site_name\" content=\"Albunorte\" \/>\n<meta property=\"article:modified_time\" content=\"2024-04-22T14:33:00+00:00\" \/>\n<meta property=\"og:image\" content=\"https:\/\/albunorte.pt\/wp-content\/uploads\/2018\/12\/Es-1000x600.jpg\" \/>\n\t<meta property=\"og:image:width\" content=\"620\" \/>\n\t<meta property=\"og:image:height\" content=\"372\" \/>\n\t<meta property=\"og:image:type\" content=\"image\/jpeg\" \/>\n<meta name=\"twitter:card\" content=\"summary_large_image\" \/>\n<meta name=\"twitter:label1\" content=\"Estimated reading time\" \/>\n\t<meta name=\"twitter:data1\" content=\"1 minute\" \/>\n<script type=\"application\/ld+json\" class=\"yoast-schema-graph\">{\"@context\":\"https:\\\/\\\/schema.org\",\"@graph\":[{\"@type\":\"WebPage\",\"@id\":\"https:\\\/\\\/albunorte.pt\\\/catalogo\\\/albuns-off-set\\\/modelos-albuns-off-set\\\/cart-book\\\/\",\"url\":\"https:\\\/\\\/albunorte.pt\\\/catalogo\\\/albuns-off-set\\\/modelos-albuns-off-set\\\/cart-book\\\/\",\"name\":\"Cart Book - Albunorte\",\"isPartOf\":{\"@id\":\"https:\\\/\\\/albunorte.pt\\\/#website\"},\"primaryImageOfPage\":{\"@id\":\"https:\\\/\\\/albunorte.pt\\\/catalogo\\\/albuns-off-set\\\/modelos-albuns-off-set\\\/cart-book\\\/#primaryimage\"},\"image\":{\"@id\":\"https:\\\/\\\/albunorte.pt\\\/catalogo\\\/albuns-off-set\\\/modelos-albuns-off-set\\\/cart-book\\\/#primaryimage\"},\"thumbnailUrl\":\"https:\\\/\\\/albunorte.pt\\\/wp-content\\\/uploads\\\/2018\\\/12\\\/Es-1000x600.jpg\",\"datePublished\":\"2018-12-11T09:33:38+00:00\",\"dateModified\":\"2024-04-22T14:33:00+00:00\",\"breadcrumb\":{\"@id\":\"https:\\\/\\\/albunorte.pt\\\/catalogo\\\/albuns-off-set\\\/modelos-albuns-off-set\\\/cart-book\\\/#breadcrumb\"},\"inLanguage\":\"en-GB\",\"potentialAction\":[{\"@type\":\"ReadAction\",\"target\":[\"https:\\\/\\\/albunorte.pt\\\/catalogo\\\/albuns-off-set\\\/modelos-albuns-off-set\\\/cart-book\\\/\"]}]},{\"@type\":\"ImageObject\",\"inLanguage\":\"en-GB\",\"@id\":\"https:\\\/\\\/albunorte.pt\\\/catalogo\\\/albuns-off-set\\\/modelos-albuns-off-set\\\/cart-book\\\/#primaryimage\",\"url\":\"https:\\\/\\\/albunorte.pt\\\/wp-content\\\/uploads\\\/2018\\\/12\\\/Es-1000x600.jpg\",\"contentUrl\":\"https:\\\/\\\/albunorte.pt\\\/wp-content\\\/uploads\\\/2018\\\/12\\\/Es-1000x600.jpg\",\"width\":620,\"height\":372},{\"@type\":\"BreadcrumbList\",\"@id\":\"https:\\\/\\\/albunorte.pt\\\/catalogo\\\/albuns-off-set\\\/modelos-albuns-off-set\\\/cart-book\\\/#breadcrumb\",\"itemListElement\":[{\"@type\":\"ListItem\",\"position\":1,\"name\":\"In\u00edcio\",\"item\":\"https:\\\/\\\/albunorte.pt\\\/\"},{\"@type\":\"ListItem\",\"position\":2,\"name\":\"Produtos\",\"item\":\"https:\\\/\\\/albunorte.pt\\\/produtos\\\/\"},{\"@type\":\"ListItem\",\"position\":3,\"name\":\"Cart Book\"}]},{\"@type\":\"WebSite\",\"@id\":\"https:\\\/\\\/albunorte.pt\\\/#website\",\"url\":\"https:\\\/\\\/albunorte.pt\\\/\",\"name\":\"Albunorte\",\"description\":\"Albuns Digitais\",\"potentialAction\":[{\"@type\":\"SearchAction\",\"target\":{\"@type\":\"EntryPoint\",\"urlTemplate\":\"https:\\\/\\\/albunorte.pt\\\/?s={search_term_string}\"},\"query-input\":{\"@type\":\"PropertyValueSpecification\",\"valueRequired\":true,\"valueName\":\"search_term_string\"}}],\"inLanguage\":\"en-GB\"}]}<\/script>\n<!-- \/ Yoast SEO plugin. -->","yoast_head_json":{"title":"Cart Book - Albunorte","robots":{"index":"index","follow":"follow","max-snippet":"max-snippet:-1","max-image-preview":"max-image-preview:large","max-video-preview":"max-video-preview:-1"},"canonical":"https:\/\/albunorte.pt\/en\/catalogo\/albuns-off-set\/modelos-albuns-off-set\/cart-book\/","og_locale":"en_GB","og_type":"article","og_title":"Cart Book - Albunorte","og_description":"Escolha o modelo que mais se adequa \u00e0s suas prefer\u00eancias e fa\u00e7a o pedido de or\u00e7amento.  Fa\u00e7a o upload das suas imagens. Aceda a sua conta para gerir as encomendas e pedidos de or\u00e7amento.  Impresso em papel off-set.  Capa personalizada tipo photobook Os \u00e1lbuns devem ser enviados p\u00e1gina a p\u00e1gina. A PAGINA\u00c7\u00c3O DA folha deve vir cortada a meio. Se escolher \"sem Guardas\" o Cart Book come\u00e7a e termina com a primeira e \u00faltima folha da sua pagina\u00e7\u00e3o.","og_url":"https:\/\/albunorte.pt\/en\/catalogo\/albuns-off-set\/modelos-albuns-off-set\/cart-book\/","og_site_name":"Albunorte","article_modified_time":"2024-04-22T14:33:00+00:00","og_image":[{"width":620,"height":372,"url":"https:\/\/albunorte.pt\/wp-content\/uploads\/2018\/12\/Es-1000x600.jpg","type":"image\/jpeg"}],"twitter_card":"summary_large_image","twitter_misc":{"Estimated reading time":"1 minute"},"schema":{"@context":"https:\/\/schema.org","@graph":[{"@type":"WebPage","@id":"https:\/\/albunorte.pt\/catalogo\/albuns-off-set\/modelos-albuns-off-set\/cart-book\/","url":"https:\/\/albunorte.pt\/catalogo\/albuns-off-set\/modelos-albuns-off-set\/cart-book\/","name":"Cart Book - Albunorte","isPartOf":{"@id":"https:\/\/albunorte.pt\/#website"},"primaryImageOfPage":{"@id":"https:\/\/albunorte.pt\/catalogo\/albuns-off-set\/modelos-albuns-off-set\/cart-book\/#primaryimage"},"image":{"@id":"https:\/\/albunorte.pt\/catalogo\/albuns-off-set\/modelos-albuns-off-set\/cart-book\/#primaryimage"},"thumbnailUrl":"https:\/\/albunorte.pt\/wp-content\/uploads\/2018\/12\/Es-1000x600.jpg","datePublished":"2018-12-11T09:33:38+00:00","dateModified":"2024-04-22T14:33:00+00:00","breadcrumb":{"@id":"https:\/\/albunorte.pt\/catalogo\/albuns-off-set\/modelos-albuns-off-set\/cart-book\/#breadcrumb"},"inLanguage":"en-GB","potentialAction":[{"@type":"ReadAction","target":["https:\/\/albunorte.pt\/catalogo\/albuns-off-set\/modelos-albuns-off-set\/cart-book\/"]}]},{"@type":"ImageObject","inLanguage":"en-GB","@id":"https:\/\/albunorte.pt\/catalogo\/albuns-off-set\/modelos-albuns-off-set\/cart-book\/#primaryimage","url":"https:\/\/albunorte.pt\/wp-content\/uploads\/2018\/12\/Es-1000x600.jpg","contentUrl":"https:\/\/albunorte.pt\/wp-content\/uploads\/2018\/12\/Es-1000x600.jpg","width":620,"height":372},{"@type":"BreadcrumbList","@id":"https:\/\/albunorte.pt\/catalogo\/albuns-off-set\/modelos-albuns-off-set\/cart-book\/#breadcrumb","itemListElement":[{"@type":"ListItem","position":1,"name":"In\u00edcio","item":"https:\/\/albunorte.pt\/"},{"@type":"ListItem","position":2,"name":"Produtos","item":"https:\/\/albunorte.pt\/produtos\/"},{"@type":"ListItem","position":3,"name":"Cart Book"}]},{"@type":"WebSite","@id":"https:\/\/albunorte.pt\/#website","url":"https:\/\/albunorte.pt\/","name":"Albunorte","description":"Albuns Digitais","potentialAction":[{"@type":"SearchAction","target":{"@type":"EntryPoint","urlTemplate":"https:\/\/albunorte.pt\/?s={search_term_string}"},"query-input":{"@type":"PropertyValueSpecification","valueRequired":true,"valueName":"search_term_string"}}],"inLanguage":"en-GB"}]}},"_links":{"self":[{"href":"https:\/\/albunorte.pt\/en\/wp-json\/wp\/v2\/product\/17586","targetHints":{"allow":["GET"]}}],"collection":[{"href":"https:\/\/albunorte.pt\/en\/wp-json\/wp\/v2\/product"}],"about":[{"href":"https:\/\/albunorte.pt\/en\/wp-json\/wp\/v2\/types\/product"}],"wp:featuredmedia":[{"embeddable":true,"href":"https:\/\/albunorte.pt\/en\/wp-json\/wp\/v2\/media\/17588"}],"wp:attachment":[{"href":"https:\/\/albunorte.pt\/en\/wp-json\/wp\/v2\/media?parent=17586"}],"wp:term":[{"taxonomy":"product_brand","embeddable":true,"href":"https:\/\/albunorte.pt\/en\/wp-json\/wp\/v2\/product_brand?post=17586"},{"taxonomy":"product_cat","embeddable":true,"href":"https:\/\/albunorte.pt\/en\/wp-json\/wp\/v2\/product_cat?post=17586"},{"taxonomy":"product_tag","embeddable":true,"href":"https:\/\/albunorte.pt\/en\/wp-json\/wp\/v2\/product_tag?post=17586"}],"curies":[{"name":"wp","href":"https:\/\/api.w.org\/{rel}","templated":true}]}}