{"id":18926,"date":"2019-04-04T11:34:14","date_gmt":"2019-04-04T11:34:14","guid":{"rendered":"https:\/\/albunorte.pt\/?post_type=product&#038;p=18926"},"modified":"2022-07-27T17:23:04","modified_gmt":"2022-07-27T17:23:04","slug":"moldura-acrilico","status":"publish","type":"product","link":"https:\/\/albunorte.pt\/en\/catalogo\/uncategorized\/moldura-acrilico\/","title":{"rendered":"Moldura Acr\u00edlico"},"content":{"rendered":"<p>Material: Acr\u00edlico<\/p>\n<p>N\u00e3o inclui foto<\/p>\n<p>Tamanho para foto: 10x15cm<\/p>","protected":false},"excerpt":{"rendered":"<p>Material: Acr\u00edlico N\u00e3o inclui foto Tamanho para foto: 10x15cm<\/p>","protected":false},"featured_media":23426,"template":"","meta":[],"product_brand":[],"product_cat":[15],"product_tag":[],"class_list":{"0":"post-18926","1":"product","2":"type-product","3":"status-publish","4":"has-post-thumbnail","6":"product_cat-uncategorized","8":"first","9":"instock","10":"shipping-taxable","11":"purchasable","12":"product-type-simple"},"yoast_head":"<!-- This site is optimized with the Yoast SEO plugin v27.3 - https:\/\/yoast.com\/product\/yoast-seo-wordpress\/ -->\n<title>Moldura Acr\u00edlico - Albunorte<\/title>\n<meta name=\"robots\" content=\"index, follow, max-snippet:-1, max-image-preview:large, max-video-preview:-1\" \/>\n<link rel=\"canonical\" href=\"https:\/\/albunorte.pt\/en\/catalogo\/molduras\/molduras-acrilicas\/moldura-acrilico\/\" \/>\n<meta property=\"og:locale\" content=\"en_GB\" \/>\n<meta property=\"og:type\" content=\"article\" \/>\n<meta property=\"og:title\" content=\"Moldura Acr\u00edlico - Albunorte\" \/>\n<meta property=\"og:description\" content=\"Material: Acr\u00edlico N\u00e3o inclui foto Tamanho para foto: 10x15cm\" \/>\n<meta property=\"og:url\" content=\"https:\/\/albunorte.pt\/en\/catalogo\/molduras\/molduras-acrilicas\/moldura-acrilico\/\" \/>\n<meta property=\"og:site_name\" content=\"Albunorte\" \/>\n<meta property=\"article:modified_time\" content=\"2022-07-27T17:23:04+00:00\" \/>\n<meta property=\"og:image\" content=\"https:\/\/albunorte.pt\/wp-content\/uploads\/2019\/04\/molduraMae.png\" \/>\n\t<meta property=\"og:image:width\" content=\"600\" \/>\n\t<meta property=\"og:image:height\" content=\"720\" \/>\n\t<meta property=\"og:image:type\" content=\"image\/png\" \/>\n<meta name=\"twitter:card\" content=\"summary_large_image\" \/>\n<script type=\"application\/ld+json\" class=\"yoast-schema-graph\">{\"@context\":\"https:\\\/\\\/schema.org\",\"@graph\":[{\"@type\":\"WebPage\",\"@id\":\"https:\\\/\\\/albunorte.pt\\\/catalogo\\\/molduras\\\/molduras-acrilicas\\\/moldura-acrilico\\\/\",\"url\":\"https:\\\/\\\/albunorte.pt\\\/catalogo\\\/molduras\\\/molduras-acrilicas\\\/moldura-acrilico\\\/\",\"name\":\"Moldura Acr\u00edlico - Albunorte\",\"isPartOf\":{\"@id\":\"https:\\\/\\\/albunorte.pt\\\/#website\"},\"primaryImageOfPage\":{\"@id\":\"https:\\\/\\\/albunorte.pt\\\/catalogo\\\/molduras\\\/molduras-acrilicas\\\/moldura-acrilico\\\/#primaryimage\"},\"image\":{\"@id\":\"https:\\\/\\\/albunorte.pt\\\/catalogo\\\/molduras\\\/molduras-acrilicas\\\/moldura-acrilico\\\/#primaryimage\"},\"thumbnailUrl\":\"https:\\\/\\\/albunorte.pt\\\/wp-content\\\/uploads\\\/2019\\\/04\\\/molduraMae.png\",\"datePublished\":\"2019-04-04T11:34:14+00:00\",\"dateModified\":\"2022-07-27T17:23:04+00:00\",\"breadcrumb\":{\"@id\":\"https:\\\/\\\/albunorte.pt\\\/catalogo\\\/molduras\\\/molduras-acrilicas\\\/moldura-acrilico\\\/#breadcrumb\"},\"inLanguage\":\"en-GB\",\"potentialAction\":[{\"@type\":\"ReadAction\",\"target\":[\"https:\\\/\\\/albunorte.pt\\\/catalogo\\\/molduras\\\/molduras-acrilicas\\\/moldura-acrilico\\\/\"]}]},{\"@type\":\"ImageObject\",\"inLanguage\":\"en-GB\",\"@id\":\"https:\\\/\\\/albunorte.pt\\\/catalogo\\\/molduras\\\/molduras-acrilicas\\\/moldura-acrilico\\\/#primaryimage\",\"url\":\"https:\\\/\\\/albunorte.pt\\\/wp-content\\\/uploads\\\/2019\\\/04\\\/molduraMae.png\",\"contentUrl\":\"https:\\\/\\\/albunorte.pt\\\/wp-content\\\/uploads\\\/2019\\\/04\\\/molduraMae.png\",\"width\":600,\"height\":720},{\"@type\":\"BreadcrumbList\",\"@id\":\"https:\\\/\\\/albunorte.pt\\\/catalogo\\\/molduras\\\/molduras-acrilicas\\\/moldura-acrilico\\\/#breadcrumb\",\"itemListElement\":[{\"@type\":\"ListItem\",\"position\":1,\"name\":\"In\u00edcio\",\"item\":\"https:\\\/\\\/albunorte.pt\\\/\"},{\"@type\":\"ListItem\",\"position\":2,\"name\":\"Produtos\",\"item\":\"https:\\\/\\\/albunorte.pt\\\/produtos\\\/\"},{\"@type\":\"ListItem\",\"position\":3,\"name\":\"Moldura Acr\u00edlico\"}]},{\"@type\":\"WebSite\",\"@id\":\"https:\\\/\\\/albunorte.pt\\\/#website\",\"url\":\"https:\\\/\\\/albunorte.pt\\\/\",\"name\":\"Albunorte\",\"description\":\"Albuns Digitais\",\"potentialAction\":[{\"@type\":\"SearchAction\",\"target\":{\"@type\":\"EntryPoint\",\"urlTemplate\":\"https:\\\/\\\/albunorte.pt\\\/?s={search_term_string}\"},\"query-input\":{\"@type\":\"PropertyValueSpecification\",\"valueRequired\":true,\"valueName\":\"search_term_string\"}}],\"inLanguage\":\"en-GB\"}]}<\/script>\n<!-- \/ Yoast SEO plugin. -->","yoast_head_json":{"title":"Moldura Acr\u00edlico - Albunorte","robots":{"index":"index","follow":"follow","max-snippet":"max-snippet:-1","max-image-preview":"max-image-preview:large","max-video-preview":"max-video-preview:-1"},"canonical":"https:\/\/albunorte.pt\/en\/catalogo\/molduras\/molduras-acrilicas\/moldura-acrilico\/","og_locale":"en_GB","og_type":"article","og_title":"Moldura Acr\u00edlico - Albunorte","og_description":"Material: Acr\u00edlico N\u00e3o inclui foto Tamanho para foto: 10x15cm","og_url":"https:\/\/albunorte.pt\/en\/catalogo\/molduras\/molduras-acrilicas\/moldura-acrilico\/","og_site_name":"Albunorte","article_modified_time":"2022-07-27T17:23:04+00:00","og_image":[{"width":600,"height":720,"url":"https:\/\/albunorte.pt\/wp-content\/uploads\/2019\/04\/molduraMae.png","type":"image\/png"}],"twitter_card":"summary_large_image","schema":{"@context":"https:\/\/schema.org","@graph":[{"@type":"WebPage","@id":"https:\/\/albunorte.pt\/catalogo\/molduras\/molduras-acrilicas\/moldura-acrilico\/","url":"https:\/\/albunorte.pt\/catalogo\/molduras\/molduras-acrilicas\/moldura-acrilico\/","name":"Moldura Acr\u00edlico - Albunorte","isPartOf":{"@id":"https:\/\/albunorte.pt\/#website"},"primaryImageOfPage":{"@id":"https:\/\/albunorte.pt\/catalogo\/molduras\/molduras-acrilicas\/moldura-acrilico\/#primaryimage"},"image":{"@id":"https:\/\/albunorte.pt\/catalogo\/molduras\/molduras-acrilicas\/moldura-acrilico\/#primaryimage"},"thumbnailUrl":"https:\/\/albunorte.pt\/wp-content\/uploads\/2019\/04\/molduraMae.png","datePublished":"2019-04-04T11:34:14+00:00","dateModified":"2022-07-27T17:23:04+00:00","breadcrumb":{"@id":"https:\/\/albunorte.pt\/catalogo\/molduras\/molduras-acrilicas\/moldura-acrilico\/#breadcrumb"},"inLanguage":"en-GB","potentialAction":[{"@type":"ReadAction","target":["https:\/\/albunorte.pt\/catalogo\/molduras\/molduras-acrilicas\/moldura-acrilico\/"]}]},{"@type":"ImageObject","inLanguage":"en-GB","@id":"https:\/\/albunorte.pt\/catalogo\/molduras\/molduras-acrilicas\/moldura-acrilico\/#primaryimage","url":"https:\/\/albunorte.pt\/wp-content\/uploads\/2019\/04\/molduraMae.png","contentUrl":"https:\/\/albunorte.pt\/wp-content\/uploads\/2019\/04\/molduraMae.png","width":600,"height":720},{"@type":"BreadcrumbList","@id":"https:\/\/albunorte.pt\/catalogo\/molduras\/molduras-acrilicas\/moldura-acrilico\/#breadcrumb","itemListElement":[{"@type":"ListItem","position":1,"name":"In\u00edcio","item":"https:\/\/albunorte.pt\/"},{"@type":"ListItem","position":2,"name":"Produtos","item":"https:\/\/albunorte.pt\/produtos\/"},{"@type":"ListItem","position":3,"name":"Moldura Acr\u00edlico"}]},{"@type":"WebSite","@id":"https:\/\/albunorte.pt\/#website","url":"https:\/\/albunorte.pt\/","name":"Albunorte","description":"Albuns Digitais","potentialAction":[{"@type":"SearchAction","target":{"@type":"EntryPoint","urlTemplate":"https:\/\/albunorte.pt\/?s={search_term_string}"},"query-input":{"@type":"PropertyValueSpecification","valueRequired":true,"valueName":"search_term_string"}}],"inLanguage":"en-GB"}]}},"_links":{"self":[{"href":"https:\/\/albunorte.pt\/en\/wp-json\/wp\/v2\/product\/18926","targetHints":{"allow":["GET"]}}],"collection":[{"href":"https:\/\/albunorte.pt\/en\/wp-json\/wp\/v2\/product"}],"about":[{"href":"https:\/\/albunorte.pt\/en\/wp-json\/wp\/v2\/types\/product"}],"wp:featuredmedia":[{"embeddable":true,"href":"https:\/\/albunorte.pt\/en\/wp-json\/wp\/v2\/media\/23426"}],"wp:attachment":[{"href":"https:\/\/albunorte.pt\/en\/wp-json\/wp\/v2\/media?parent=18926"}],"wp:term":[{"taxonomy":"product_brand","embeddable":true,"href":"https:\/\/albunorte.pt\/en\/wp-json\/wp\/v2\/product_brand?post=18926"},{"taxonomy":"product_cat","embeddable":true,"href":"https:\/\/albunorte.pt\/en\/wp-json\/wp\/v2\/product_cat?post=18926"},{"taxonomy":"product_tag","embeddable":true,"href":"https:\/\/albunorte.pt\/en\/wp-json\/wp\/v2\/product_tag?post=18926"}],"curies":[{"name":"wp","href":"https:\/\/api.w.org\/{rel}","templated":true}]}}