{"id":20746,"date":"2020-06-01T15:18:32","date_gmt":"2020-06-01T15:18:32","guid":{"rendered":"https:\/\/albunorte.pt\/?post_type=product&#038;p=20746"},"modified":"2021-11-05T11:16:01","modified_gmt":"2021-11-05T11:16:01","slug":"encomenda-produtos-digitais","status":"publish","type":"product","link":"https:\/\/albunorte.pt\/en\/catalogo\/encomenda-albuns-digitais\/encomenda-produtos-digitais\/","title":{"rendered":"Encomenda Produtos Digitais"},"content":{"rendered":"","protected":false},"excerpt":{"rendered":"<ol>\n<li>\u00a0Escolha o modelo que mais se adequa \u00e0s suas prefer\u00eancias<\/li>\n<li>\u00a0Fa\u00e7a o <strong>upload das suas imagens (Adicione as imagens e depois carregar imagens)<\/strong><\/li>\n<li>\u00a0<strong>Adicionar<\/strong> (Fa\u00e7a o pedido de encomenda)<\/li>\n<\/ol>\n<p>Nota Importante:<\/p>\n<h1><strong>Os \u00e1lbuns off-set devem ser enviados p\u00e1gina a p\u00e1gina. A folha deve vir cortada a meio. (P\u00e1ginas pares)<\/strong><\/h1>\n<p>IGNORAR O PRE\u00c7O INDICADO<\/p>","protected":false},"featured_media":0,"template":"","meta":[],"product_brand":[],"product_cat":[665],"product_tag":[],"class_list":{"0":"post-20746","1":"product","2":"type-product","3":"status-publish","5":"product_cat-encomenda-albuns-digitais","7":"first","8":"instock","9":"shipping-taxable","10":"purchasable","11":"product-type-simple"},"yoast_head":"<!-- This site is optimized with the Yoast SEO plugin v27.3 - https:\/\/yoast.com\/product\/yoast-seo-wordpress\/ -->\n<title>Encomenda Produtos Digitais - Albunorte<\/title>\n<meta name=\"robots\" content=\"index, follow, max-snippet:-1, max-image-preview:large, max-video-preview:-1\" \/>\n<link rel=\"canonical\" href=\"https:\/\/albunorte.pt\/en\/catalogo\/encomenda-albuns-digitais\/encomenda-produtos-digitais\/\" \/>\n<meta property=\"og:locale\" content=\"en_GB\" \/>\n<meta property=\"og:type\" content=\"article\" \/>\n<meta property=\"og:title\" content=\"Encomenda Produtos Digitais - Albunorte\" \/>\n<meta property=\"og:description\" content=\"\u00a0Escolha o modelo que mais se adequa \u00e0s suas prefer\u00eancias  \u00a0Fa\u00e7a o upload das suas imagens (Adicione as imagens e depois carregar imagens)  \u00a0Adicionar (Fa\u00e7a o pedido de encomenda)  Nota Importante: Os \u00e1lbuns off-set devem ser enviados p\u00e1gina a p\u00e1gina. A folha deve vir cortada a meio. (P\u00e1ginas pares) IGNORAR O PRE\u00c7O INDICADO\" \/>\n<meta property=\"og:url\" content=\"https:\/\/albunorte.pt\/en\/catalogo\/encomenda-albuns-digitais\/encomenda-produtos-digitais\/\" \/>\n<meta property=\"og:site_name\" content=\"Albunorte\" \/>\n<meta property=\"article:modified_time\" content=\"2021-11-05T11:16:01+00:00\" \/>\n<meta name=\"twitter:card\" content=\"summary_large_image\" \/>\n<script type=\"application\/ld+json\" class=\"yoast-schema-graph\">{\"@context\":\"https:\\\/\\\/schema.org\",\"@graph\":[{\"@type\":\"WebPage\",\"@id\":\"https:\\\/\\\/albunorte.pt\\\/catalogo\\\/encomenda-albuns-digitais\\\/encomenda-produtos-digitais\\\/\",\"url\":\"https:\\\/\\\/albunorte.pt\\\/catalogo\\\/encomenda-albuns-digitais\\\/encomenda-produtos-digitais\\\/\",\"name\":\"Encomenda Produtos Digitais - Albunorte\",\"isPartOf\":{\"@id\":\"https:\\\/\\\/albunorte.pt\\\/#website\"},\"datePublished\":\"2020-06-01T15:18:32+00:00\",\"dateModified\":\"2021-11-05T11:16:01+00:00\",\"breadcrumb\":{\"@id\":\"https:\\\/\\\/albunorte.pt\\\/catalogo\\\/encomenda-albuns-digitais\\\/encomenda-produtos-digitais\\\/#breadcrumb\"},\"inLanguage\":\"en-GB\",\"potentialAction\":[{\"@type\":\"ReadAction\",\"target\":[\"https:\\\/\\\/albunorte.pt\\\/catalogo\\\/encomenda-albuns-digitais\\\/encomenda-produtos-digitais\\\/\"]}]},{\"@type\":\"BreadcrumbList\",\"@id\":\"https:\\\/\\\/albunorte.pt\\\/catalogo\\\/encomenda-albuns-digitais\\\/encomenda-produtos-digitais\\\/#breadcrumb\",\"itemListElement\":[{\"@type\":\"ListItem\",\"position\":1,\"name\":\"In\u00edcio\",\"item\":\"https:\\\/\\\/albunorte.pt\\\/\"},{\"@type\":\"ListItem\",\"position\":2,\"name\":\"Produtos\",\"item\":\"https:\\\/\\\/albunorte.pt\\\/produtos\\\/\"},{\"@type\":\"ListItem\",\"position\":3,\"name\":\"Encomenda Produtos Digitais\"}]},{\"@type\":\"WebSite\",\"@id\":\"https:\\\/\\\/albunorte.pt\\\/#website\",\"url\":\"https:\\\/\\\/albunorte.pt\\\/\",\"name\":\"Albunorte\",\"description\":\"Albuns Digitais\",\"potentialAction\":[{\"@type\":\"SearchAction\",\"target\":{\"@type\":\"EntryPoint\",\"urlTemplate\":\"https:\\\/\\\/albunorte.pt\\\/?s={search_term_string}\"},\"query-input\":{\"@type\":\"PropertyValueSpecification\",\"valueRequired\":true,\"valueName\":\"search_term_string\"}}],\"inLanguage\":\"en-GB\"}]}<\/script>\n<!-- \/ Yoast SEO plugin. -->","yoast_head_json":{"title":"Encomenda Produtos Digitais - Albunorte","robots":{"index":"index","follow":"follow","max-snippet":"max-snippet:-1","max-image-preview":"max-image-preview:large","max-video-preview":"max-video-preview:-1"},"canonical":"https:\/\/albunorte.pt\/en\/catalogo\/encomenda-albuns-digitais\/encomenda-produtos-digitais\/","og_locale":"en_GB","og_type":"article","og_title":"Encomenda Produtos Digitais - Albunorte","og_description":"\u00a0Escolha o modelo que mais se adequa \u00e0s suas prefer\u00eancias  \u00a0Fa\u00e7a o upload das suas imagens (Adicione as imagens e depois carregar imagens)  \u00a0Adicionar (Fa\u00e7a o pedido de encomenda)  Nota Importante: Os \u00e1lbuns off-set devem ser enviados p\u00e1gina a p\u00e1gina. A folha deve vir cortada a meio. (P\u00e1ginas pares) IGNORAR O PRE\u00c7O INDICADO","og_url":"https:\/\/albunorte.pt\/en\/catalogo\/encomenda-albuns-digitais\/encomenda-produtos-digitais\/","og_site_name":"Albunorte","article_modified_time":"2021-11-05T11:16:01+00:00","twitter_card":"summary_large_image","schema":{"@context":"https:\/\/schema.org","@graph":[{"@type":"WebPage","@id":"https:\/\/albunorte.pt\/catalogo\/encomenda-albuns-digitais\/encomenda-produtos-digitais\/","url":"https:\/\/albunorte.pt\/catalogo\/encomenda-albuns-digitais\/encomenda-produtos-digitais\/","name":"Encomenda Produtos Digitais - Albunorte","isPartOf":{"@id":"https:\/\/albunorte.pt\/#website"},"datePublished":"2020-06-01T15:18:32+00:00","dateModified":"2021-11-05T11:16:01+00:00","breadcrumb":{"@id":"https:\/\/albunorte.pt\/catalogo\/encomenda-albuns-digitais\/encomenda-produtos-digitais\/#breadcrumb"},"inLanguage":"en-GB","potentialAction":[{"@type":"ReadAction","target":["https:\/\/albunorte.pt\/catalogo\/encomenda-albuns-digitais\/encomenda-produtos-digitais\/"]}]},{"@type":"BreadcrumbList","@id":"https:\/\/albunorte.pt\/catalogo\/encomenda-albuns-digitais\/encomenda-produtos-digitais\/#breadcrumb","itemListElement":[{"@type":"ListItem","position":1,"name":"In\u00edcio","item":"https:\/\/albunorte.pt\/"},{"@type":"ListItem","position":2,"name":"Produtos","item":"https:\/\/albunorte.pt\/produtos\/"},{"@type":"ListItem","position":3,"name":"Encomenda Produtos Digitais"}]},{"@type":"WebSite","@id":"https:\/\/albunorte.pt\/#website","url":"https:\/\/albunorte.pt\/","name":"Albunorte","description":"Albuns Digitais","potentialAction":[{"@type":"SearchAction","target":{"@type":"EntryPoint","urlTemplate":"https:\/\/albunorte.pt\/?s={search_term_string}"},"query-input":{"@type":"PropertyValueSpecification","valueRequired":true,"valueName":"search_term_string"}}],"inLanguage":"en-GB"}]}},"_links":{"self":[{"href":"https:\/\/albunorte.pt\/en\/wp-json\/wp\/v2\/product\/20746","targetHints":{"allow":["GET"]}}],"collection":[{"href":"https:\/\/albunorte.pt\/en\/wp-json\/wp\/v2\/product"}],"about":[{"href":"https:\/\/albunorte.pt\/en\/wp-json\/wp\/v2\/types\/product"}],"wp:attachment":[{"href":"https:\/\/albunorte.pt\/en\/wp-json\/wp\/v2\/media?parent=20746"}],"wp:term":[{"taxonomy":"product_brand","embeddable":true,"href":"https:\/\/albunorte.pt\/en\/wp-json\/wp\/v2\/product_brand?post=20746"},{"taxonomy":"product_cat","embeddable":true,"href":"https:\/\/albunorte.pt\/en\/wp-json\/wp\/v2\/product_cat?post=20746"},{"taxonomy":"product_tag","embeddable":true,"href":"https:\/\/albunorte.pt\/en\/wp-json\/wp\/v2\/product_tag?post=20746"}],"curies":[{"name":"wp","href":"https:\/\/api.w.org\/{rel}","templated":true}]}}