{"id":25519,"date":"2021-03-12T17:53:03","date_gmt":"2021-03-12T17:53:03","guid":{"rendered":"https:\/\/albunorte.pt\/?post_type=product&#038;p=25519"},"modified":"2026-03-24T09:27:09","modified_gmt":"2026-03-24T09:27:09","slug":"semi-digital-15x20","status":"publish","type":"product","link":"https:\/\/albunorte.pt\/en\/catalogo\/convites\/semi-digital-15x20\/","title":{"rendered":"Semi-Digital 15&#215;20"},"content":{"rendered":"<p>\u00c1lbum Semi-Digital 15x20cm com 5 folhas<\/p>\n<p>Tecido Azul Brilhante<\/p>\n<p>Orienta\u00e7\u00e3o: Horizontal<\/p>","protected":false},"excerpt":{"rendered":"<p>\u00c1lbum Semi-Digital 15x20cm com 5 folhas Tecido Azul Brilhante Orienta\u00e7\u00e3o: Horizontal<\/p>","protected":false},"featured_media":25520,"template":"","meta":[],"product_brand":[],"product_cat":[23],"product_tag":[],"class_list":{"0":"post-25519","1":"product","2":"type-product","3":"status-publish","4":"has-post-thumbnail","6":"product_cat-convites","8":"first","9":"instock","10":"shipping-taxable","11":"purchasable","12":"product-type-simple"},"yoast_head":"<!-- This site is optimized with the Yoast SEO plugin v27.3 - https:\/\/yoast.com\/product\/yoast-seo-wordpress\/ -->\n<title>Semi-Digital 15x20 - Albunorte<\/title>\n<meta name=\"robots\" content=\"index, follow, max-snippet:-1, max-image-preview:large, max-video-preview:-1\" \/>\n<link rel=\"canonical\" href=\"https:\/\/albunorte.pt\/en\/catalogo\/convites\/semi-digital-15x20\/\" \/>\n<meta property=\"og:locale\" content=\"en_GB\" \/>\n<meta property=\"og:type\" content=\"article\" \/>\n<meta property=\"og:title\" content=\"Semi-Digital 15x20 - Albunorte\" \/>\n<meta property=\"og:description\" content=\"\u00c1lbum Semi-Digital 15x20cm com 5 folhas Tecido Azul Brilhante Orienta\u00e7\u00e3o: Horizontal\" \/>\n<meta property=\"og:url\" content=\"https:\/\/albunorte.pt\/en\/catalogo\/convites\/semi-digital-15x20\/\" \/>\n<meta property=\"og:site_name\" content=\"Albunorte\" \/>\n<meta property=\"article:modified_time\" content=\"2026-03-24T09:27:09+00:00\" \/>\n<meta property=\"og:image\" content=\"https:\/\/albunorte.pt\/wp-content\/uploads\/2021\/03\/album-a.png\" \/>\n\t<meta property=\"og:image:width\" content=\"600\" \/>\n\t<meta property=\"og:image:height\" content=\"720\" \/>\n\t<meta property=\"og:image:type\" content=\"image\/png\" \/>\n<meta name=\"twitter:card\" content=\"summary_large_image\" \/>\n<script type=\"application\/ld+json\" class=\"yoast-schema-graph\">{\"@context\":\"https:\\\/\\\/schema.org\",\"@graph\":[{\"@type\":\"WebPage\",\"@id\":\"https:\\\/\\\/albunorte.pt\\\/catalogo\\\/convites\\\/semi-digital-15x20\\\/\",\"url\":\"https:\\\/\\\/albunorte.pt\\\/catalogo\\\/convites\\\/semi-digital-15x20\\\/\",\"name\":\"Semi-Digital 15x20 - Albunorte\",\"isPartOf\":{\"@id\":\"https:\\\/\\\/albunorte.pt\\\/#website\"},\"primaryImageOfPage\":{\"@id\":\"https:\\\/\\\/albunorte.pt\\\/catalogo\\\/convites\\\/semi-digital-15x20\\\/#primaryimage\"},\"image\":{\"@id\":\"https:\\\/\\\/albunorte.pt\\\/catalogo\\\/convites\\\/semi-digital-15x20\\\/#primaryimage\"},\"thumbnailUrl\":\"https:\\\/\\\/albunorte.pt\\\/wp-content\\\/uploads\\\/2021\\\/03\\\/album-a.png\",\"datePublished\":\"2021-03-12T17:53:03+00:00\",\"dateModified\":\"2026-03-24T09:27:09+00:00\",\"breadcrumb\":{\"@id\":\"https:\\\/\\\/albunorte.pt\\\/catalogo\\\/convites\\\/semi-digital-15x20\\\/#breadcrumb\"},\"inLanguage\":\"en-GB\",\"potentialAction\":[{\"@type\":\"ReadAction\",\"target\":[\"https:\\\/\\\/albunorte.pt\\\/catalogo\\\/convites\\\/semi-digital-15x20\\\/\"]}]},{\"@type\":\"ImageObject\",\"inLanguage\":\"en-GB\",\"@id\":\"https:\\\/\\\/albunorte.pt\\\/catalogo\\\/convites\\\/semi-digital-15x20\\\/#primaryimage\",\"url\":\"https:\\\/\\\/albunorte.pt\\\/wp-content\\\/uploads\\\/2021\\\/03\\\/album-a.png\",\"contentUrl\":\"https:\\\/\\\/albunorte.pt\\\/wp-content\\\/uploads\\\/2021\\\/03\\\/album-a.png\",\"width\":600,\"height\":720},{\"@type\":\"BreadcrumbList\",\"@id\":\"https:\\\/\\\/albunorte.pt\\\/catalogo\\\/convites\\\/semi-digital-15x20\\\/#breadcrumb\",\"itemListElement\":[{\"@type\":\"ListItem\",\"position\":1,\"name\":\"In\u00edcio\",\"item\":\"https:\\\/\\\/albunorte.pt\\\/\"},{\"@type\":\"ListItem\",\"position\":2,\"name\":\"Produtos\",\"item\":\"https:\\\/\\\/albunorte.pt\\\/produtos\\\/\"},{\"@type\":\"ListItem\",\"position\":3,\"name\":\"Semi-Digital 15&#215;20\"}]},{\"@type\":\"WebSite\",\"@id\":\"https:\\\/\\\/albunorte.pt\\\/#website\",\"url\":\"https:\\\/\\\/albunorte.pt\\\/\",\"name\":\"Albunorte\",\"description\":\"Albuns Digitais\",\"potentialAction\":[{\"@type\":\"SearchAction\",\"target\":{\"@type\":\"EntryPoint\",\"urlTemplate\":\"https:\\\/\\\/albunorte.pt\\\/?s={search_term_string}\"},\"query-input\":{\"@type\":\"PropertyValueSpecification\",\"valueRequired\":true,\"valueName\":\"search_term_string\"}}],\"inLanguage\":\"en-GB\"}]}<\/script>\n<!-- \/ Yoast SEO plugin. -->","yoast_head_json":{"title":"Semi-Digital 15x20 - Albunorte","robots":{"index":"index","follow":"follow","max-snippet":"max-snippet:-1","max-image-preview":"max-image-preview:large","max-video-preview":"max-video-preview:-1"},"canonical":"https:\/\/albunorte.pt\/en\/catalogo\/convites\/semi-digital-15x20\/","og_locale":"en_GB","og_type":"article","og_title":"Semi-Digital 15x20 - Albunorte","og_description":"\u00c1lbum Semi-Digital 15x20cm com 5 folhas Tecido Azul Brilhante Orienta\u00e7\u00e3o: Horizontal","og_url":"https:\/\/albunorte.pt\/en\/catalogo\/convites\/semi-digital-15x20\/","og_site_name":"Albunorte","article_modified_time":"2026-03-24T09:27:09+00:00","og_image":[{"width":600,"height":720,"url":"https:\/\/albunorte.pt\/wp-content\/uploads\/2021\/03\/album-a.png","type":"image\/png"}],"twitter_card":"summary_large_image","schema":{"@context":"https:\/\/schema.org","@graph":[{"@type":"WebPage","@id":"https:\/\/albunorte.pt\/catalogo\/convites\/semi-digital-15x20\/","url":"https:\/\/albunorte.pt\/catalogo\/convites\/semi-digital-15x20\/","name":"Semi-Digital 15x20 - Albunorte","isPartOf":{"@id":"https:\/\/albunorte.pt\/#website"},"primaryImageOfPage":{"@id":"https:\/\/albunorte.pt\/catalogo\/convites\/semi-digital-15x20\/#primaryimage"},"image":{"@id":"https:\/\/albunorte.pt\/catalogo\/convites\/semi-digital-15x20\/#primaryimage"},"thumbnailUrl":"https:\/\/albunorte.pt\/wp-content\/uploads\/2021\/03\/album-a.png","datePublished":"2021-03-12T17:53:03+00:00","dateModified":"2026-03-24T09:27:09+00:00","breadcrumb":{"@id":"https:\/\/albunorte.pt\/catalogo\/convites\/semi-digital-15x20\/#breadcrumb"},"inLanguage":"en-GB","potentialAction":[{"@type":"ReadAction","target":["https:\/\/albunorte.pt\/catalogo\/convites\/semi-digital-15x20\/"]}]},{"@type":"ImageObject","inLanguage":"en-GB","@id":"https:\/\/albunorte.pt\/catalogo\/convites\/semi-digital-15x20\/#primaryimage","url":"https:\/\/albunorte.pt\/wp-content\/uploads\/2021\/03\/album-a.png","contentUrl":"https:\/\/albunorte.pt\/wp-content\/uploads\/2021\/03\/album-a.png","width":600,"height":720},{"@type":"BreadcrumbList","@id":"https:\/\/albunorte.pt\/catalogo\/convites\/semi-digital-15x20\/#breadcrumb","itemListElement":[{"@type":"ListItem","position":1,"name":"In\u00edcio","item":"https:\/\/albunorte.pt\/"},{"@type":"ListItem","position":2,"name":"Produtos","item":"https:\/\/albunorte.pt\/produtos\/"},{"@type":"ListItem","position":3,"name":"Semi-Digital 15&#215;20"}]},{"@type":"WebSite","@id":"https:\/\/albunorte.pt\/#website","url":"https:\/\/albunorte.pt\/","name":"Albunorte","description":"Albuns Digitais","potentialAction":[{"@type":"SearchAction","target":{"@type":"EntryPoint","urlTemplate":"https:\/\/albunorte.pt\/?s={search_term_string}"},"query-input":{"@type":"PropertyValueSpecification","valueRequired":true,"valueName":"search_term_string"}}],"inLanguage":"en-GB"}]}},"_links":{"self":[{"href":"https:\/\/albunorte.pt\/en\/wp-json\/wp\/v2\/product\/25519","targetHints":{"allow":["GET"]}}],"collection":[{"href":"https:\/\/albunorte.pt\/en\/wp-json\/wp\/v2\/product"}],"about":[{"href":"https:\/\/albunorte.pt\/en\/wp-json\/wp\/v2\/types\/product"}],"wp:featuredmedia":[{"embeddable":true,"href":"https:\/\/albunorte.pt\/en\/wp-json\/wp\/v2\/media\/25520"}],"wp:attachment":[{"href":"https:\/\/albunorte.pt\/en\/wp-json\/wp\/v2\/media?parent=25519"}],"wp:term":[{"taxonomy":"product_brand","embeddable":true,"href":"https:\/\/albunorte.pt\/en\/wp-json\/wp\/v2\/product_brand?post=25519"},{"taxonomy":"product_cat","embeddable":true,"href":"https:\/\/albunorte.pt\/en\/wp-json\/wp\/v2\/product_cat?post=25519"},{"taxonomy":"product_tag","embeddable":true,"href":"https:\/\/albunorte.pt\/en\/wp-json\/wp\/v2\/product_tag?post=25519"}],"curies":[{"name":"wp","href":"https:\/\/api.w.org\/{rel}","templated":true}]}}