{"id":25859,"date":"2021-04-06T14:45:37","date_gmt":"2021-04-06T14:45:37","guid":{"rendered":"https:\/\/albunorte.pt\/?post_type=product&#038;p=25859"},"modified":"2026-03-24T10:15:35","modified_gmt":"2026-03-24T10:15:35","slug":"moldura-acrilico-e-base-de-madeira","status":"publish","type":"product","link":"https:\/\/albunorte.pt\/en\/catalogo\/datas-especiais\/dia-mae\/molduras-dia-mae\/moldura-acrilico-e-base-de-madeira\/","title":{"rendered":"Moldura Acr\u00edlico e Base de Madeira"},"content":{"rendered":"<p>Moldura com acr\u00edlico e base de madeira com aplica\u00e7\u00e3o da palavra personalizada em acr\u00edlico branco<\/p>\n<p>Tamanho da foto: 15x20cm<\/p>","protected":false},"excerpt":{"rendered":"<p>Moldura com acr\u00edlico e base de madeira com aplica\u00e7\u00e3o da palavra personalizada em acr\u00edlico branco Tamanho da foto: 15x20cm<\/p>","protected":false},"featured_media":25860,"template":"","meta":[],"product_brand":[],"product_cat":[548,744],"product_tag":[],"class_list":{"0":"post-25859","1":"product","2":"type-product","3":"status-publish","4":"has-post-thumbnail","6":"product_cat-dia-mae","7":"product_cat-molduras-dia-mae","9":"first","10":"instock","11":"shipping-taxable","12":"purchasable","13":"product-type-simple"},"yoast_head":"<!-- This site is optimized with the Yoast SEO plugin v27.3 - https:\/\/yoast.com\/product\/yoast-seo-wordpress\/ -->\n<title>Moldura Acr\u00edlico e Base de Madeira - Albunorte<\/title>\n<meta name=\"robots\" content=\"index, follow, max-snippet:-1, max-image-preview:large, max-video-preview:-1\" \/>\n<link rel=\"canonical\" href=\"https:\/\/albunorte.pt\/en\/catalogo\/datas-especiais\/dia-mae\/molduras-dia-mae\/moldura-acrilico-e-base-de-madeira\/\" \/>\n<meta property=\"og:locale\" content=\"en_GB\" \/>\n<meta property=\"og:type\" content=\"article\" \/>\n<meta property=\"og:title\" content=\"Moldura Acr\u00edlico e Base de Madeira - Albunorte\" \/>\n<meta property=\"og:description\" content=\"Moldura com acr\u00edlico e base de madeira com aplica\u00e7\u00e3o da palavra personalizada em acr\u00edlico branco Tamanho da foto: 15x20cm\" \/>\n<meta property=\"og:url\" content=\"https:\/\/albunorte.pt\/en\/catalogo\/datas-especiais\/dia-mae\/molduras-dia-mae\/moldura-acrilico-e-base-de-madeira\/\" \/>\n<meta property=\"og:site_name\" content=\"Albunorte\" \/>\n<meta property=\"article:modified_time\" content=\"2026-03-24T10:15:35+00:00\" \/>\n<meta property=\"og:image\" content=\"https:\/\/albunorte.pt\/wp-content\/uploads\/2021\/04\/IMG_7943.jpg\" \/>\n\t<meta property=\"og:image:width\" content=\"600\" \/>\n\t<meta property=\"og:image:height\" content=\"720\" \/>\n\t<meta property=\"og:image:type\" content=\"image\/jpeg\" \/>\n<meta name=\"twitter:card\" content=\"summary_large_image\" \/>\n<meta name=\"twitter:label1\" content=\"Estimated reading time\" \/>\n\t<meta name=\"twitter:data1\" content=\"1 minute\" \/>\n<script type=\"application\/ld+json\" class=\"yoast-schema-graph\">{\"@context\":\"https:\\\/\\\/schema.org\",\"@graph\":[{\"@type\":\"WebPage\",\"@id\":\"https:\\\/\\\/albunorte.pt\\\/catalogo\\\/datas-especiais\\\/dia-mae\\\/molduras-dia-mae\\\/moldura-acrilico-e-base-de-madeira\\\/\",\"url\":\"https:\\\/\\\/albunorte.pt\\\/catalogo\\\/datas-especiais\\\/dia-mae\\\/molduras-dia-mae\\\/moldura-acrilico-e-base-de-madeira\\\/\",\"name\":\"Moldura Acr\u00edlico e Base de Madeira - Albunorte\",\"isPartOf\":{\"@id\":\"https:\\\/\\\/albunorte.pt\\\/#website\"},\"primaryImageOfPage\":{\"@id\":\"https:\\\/\\\/albunorte.pt\\\/catalogo\\\/datas-especiais\\\/dia-mae\\\/molduras-dia-mae\\\/moldura-acrilico-e-base-de-madeira\\\/#primaryimage\"},\"image\":{\"@id\":\"https:\\\/\\\/albunorte.pt\\\/catalogo\\\/datas-especiais\\\/dia-mae\\\/molduras-dia-mae\\\/moldura-acrilico-e-base-de-madeira\\\/#primaryimage\"},\"thumbnailUrl\":\"https:\\\/\\\/albunorte.pt\\\/wp-content\\\/uploads\\\/2021\\\/04\\\/IMG_7943.jpg\",\"datePublished\":\"2021-04-06T14:45:37+00:00\",\"dateModified\":\"2026-03-24T10:15:35+00:00\",\"breadcrumb\":{\"@id\":\"https:\\\/\\\/albunorte.pt\\\/catalogo\\\/datas-especiais\\\/dia-mae\\\/molduras-dia-mae\\\/moldura-acrilico-e-base-de-madeira\\\/#breadcrumb\"},\"inLanguage\":\"en-GB\",\"potentialAction\":[{\"@type\":\"ReadAction\",\"target\":[\"https:\\\/\\\/albunorte.pt\\\/catalogo\\\/datas-especiais\\\/dia-mae\\\/molduras-dia-mae\\\/moldura-acrilico-e-base-de-madeira\\\/\"]}]},{\"@type\":\"ImageObject\",\"inLanguage\":\"en-GB\",\"@id\":\"https:\\\/\\\/albunorte.pt\\\/catalogo\\\/datas-especiais\\\/dia-mae\\\/molduras-dia-mae\\\/moldura-acrilico-e-base-de-madeira\\\/#primaryimage\",\"url\":\"https:\\\/\\\/albunorte.pt\\\/wp-content\\\/uploads\\\/2021\\\/04\\\/IMG_7943.jpg\",\"contentUrl\":\"https:\\\/\\\/albunorte.pt\\\/wp-content\\\/uploads\\\/2021\\\/04\\\/IMG_7943.jpg\",\"width\":600,\"height\":720},{\"@type\":\"BreadcrumbList\",\"@id\":\"https:\\\/\\\/albunorte.pt\\\/catalogo\\\/datas-especiais\\\/dia-mae\\\/molduras-dia-mae\\\/moldura-acrilico-e-base-de-madeira\\\/#breadcrumb\",\"itemListElement\":[{\"@type\":\"ListItem\",\"position\":1,\"name\":\"In\u00edcio\",\"item\":\"https:\\\/\\\/albunorte.pt\\\/\"},{\"@type\":\"ListItem\",\"position\":2,\"name\":\"Produtos\",\"item\":\"https:\\\/\\\/albunorte.pt\\\/produtos\\\/\"},{\"@type\":\"ListItem\",\"position\":3,\"name\":\"Moldura Acr\u00edlico e Base de Madeira\"}]},{\"@type\":\"WebSite\",\"@id\":\"https:\\\/\\\/albunorte.pt\\\/#website\",\"url\":\"https:\\\/\\\/albunorte.pt\\\/\",\"name\":\"Albunorte\",\"description\":\"Albuns Digitais\",\"potentialAction\":[{\"@type\":\"SearchAction\",\"target\":{\"@type\":\"EntryPoint\",\"urlTemplate\":\"https:\\\/\\\/albunorte.pt\\\/?s={search_term_string}\"},\"query-input\":{\"@type\":\"PropertyValueSpecification\",\"valueRequired\":true,\"valueName\":\"search_term_string\"}}],\"inLanguage\":\"en-GB\"}]}<\/script>\n<!-- \/ Yoast SEO plugin. -->","yoast_head_json":{"title":"Moldura Acr\u00edlico e Base de Madeira - Albunorte","robots":{"index":"index","follow":"follow","max-snippet":"max-snippet:-1","max-image-preview":"max-image-preview:large","max-video-preview":"max-video-preview:-1"},"canonical":"https:\/\/albunorte.pt\/en\/catalogo\/datas-especiais\/dia-mae\/molduras-dia-mae\/moldura-acrilico-e-base-de-madeira\/","og_locale":"en_GB","og_type":"article","og_title":"Moldura Acr\u00edlico e Base de Madeira - Albunorte","og_description":"Moldura com acr\u00edlico e base de madeira com aplica\u00e7\u00e3o da palavra personalizada em acr\u00edlico branco Tamanho da foto: 15x20cm","og_url":"https:\/\/albunorte.pt\/en\/catalogo\/datas-especiais\/dia-mae\/molduras-dia-mae\/moldura-acrilico-e-base-de-madeira\/","og_site_name":"Albunorte","article_modified_time":"2026-03-24T10:15:35+00:00","og_image":[{"width":600,"height":720,"url":"https:\/\/albunorte.pt\/wp-content\/uploads\/2021\/04\/IMG_7943.jpg","type":"image\/jpeg"}],"twitter_card":"summary_large_image","twitter_misc":{"Estimated reading time":"1 minute"},"schema":{"@context":"https:\/\/schema.org","@graph":[{"@type":"WebPage","@id":"https:\/\/albunorte.pt\/catalogo\/datas-especiais\/dia-mae\/molduras-dia-mae\/moldura-acrilico-e-base-de-madeira\/","url":"https:\/\/albunorte.pt\/catalogo\/datas-especiais\/dia-mae\/molduras-dia-mae\/moldura-acrilico-e-base-de-madeira\/","name":"Moldura Acr\u00edlico e Base de Madeira - Albunorte","isPartOf":{"@id":"https:\/\/albunorte.pt\/#website"},"primaryImageOfPage":{"@id":"https:\/\/albunorte.pt\/catalogo\/datas-especiais\/dia-mae\/molduras-dia-mae\/moldura-acrilico-e-base-de-madeira\/#primaryimage"},"image":{"@id":"https:\/\/albunorte.pt\/catalogo\/datas-especiais\/dia-mae\/molduras-dia-mae\/moldura-acrilico-e-base-de-madeira\/#primaryimage"},"thumbnailUrl":"https:\/\/albunorte.pt\/wp-content\/uploads\/2021\/04\/IMG_7943.jpg","datePublished":"2021-04-06T14:45:37+00:00","dateModified":"2026-03-24T10:15:35+00:00","breadcrumb":{"@id":"https:\/\/albunorte.pt\/catalogo\/datas-especiais\/dia-mae\/molduras-dia-mae\/moldura-acrilico-e-base-de-madeira\/#breadcrumb"},"inLanguage":"en-GB","potentialAction":[{"@type":"ReadAction","target":["https:\/\/albunorte.pt\/catalogo\/datas-especiais\/dia-mae\/molduras-dia-mae\/moldura-acrilico-e-base-de-madeira\/"]}]},{"@type":"ImageObject","inLanguage":"en-GB","@id":"https:\/\/albunorte.pt\/catalogo\/datas-especiais\/dia-mae\/molduras-dia-mae\/moldura-acrilico-e-base-de-madeira\/#primaryimage","url":"https:\/\/albunorte.pt\/wp-content\/uploads\/2021\/04\/IMG_7943.jpg","contentUrl":"https:\/\/albunorte.pt\/wp-content\/uploads\/2021\/04\/IMG_7943.jpg","width":600,"height":720},{"@type":"BreadcrumbList","@id":"https:\/\/albunorte.pt\/catalogo\/datas-especiais\/dia-mae\/molduras-dia-mae\/moldura-acrilico-e-base-de-madeira\/#breadcrumb","itemListElement":[{"@type":"ListItem","position":1,"name":"In\u00edcio","item":"https:\/\/albunorte.pt\/"},{"@type":"ListItem","position":2,"name":"Produtos","item":"https:\/\/albunorte.pt\/produtos\/"},{"@type":"ListItem","position":3,"name":"Moldura Acr\u00edlico e Base de Madeira"}]},{"@type":"WebSite","@id":"https:\/\/albunorte.pt\/#website","url":"https:\/\/albunorte.pt\/","name":"Albunorte","description":"Albuns Digitais","potentialAction":[{"@type":"SearchAction","target":{"@type":"EntryPoint","urlTemplate":"https:\/\/albunorte.pt\/?s={search_term_string}"},"query-input":{"@type":"PropertyValueSpecification","valueRequired":true,"valueName":"search_term_string"}}],"inLanguage":"en-GB"}]}},"_links":{"self":[{"href":"https:\/\/albunorte.pt\/en\/wp-json\/wp\/v2\/product\/25859","targetHints":{"allow":["GET"]}}],"collection":[{"href":"https:\/\/albunorte.pt\/en\/wp-json\/wp\/v2\/product"}],"about":[{"href":"https:\/\/albunorte.pt\/en\/wp-json\/wp\/v2\/types\/product"}],"wp:featuredmedia":[{"embeddable":true,"href":"https:\/\/albunorte.pt\/en\/wp-json\/wp\/v2\/media\/25860"}],"wp:attachment":[{"href":"https:\/\/albunorte.pt\/en\/wp-json\/wp\/v2\/media?parent=25859"}],"wp:term":[{"taxonomy":"product_brand","embeddable":true,"href":"https:\/\/albunorte.pt\/en\/wp-json\/wp\/v2\/product_brand?post=25859"},{"taxonomy":"product_cat","embeddable":true,"href":"https:\/\/albunorte.pt\/en\/wp-json\/wp\/v2\/product_cat?post=25859"},{"taxonomy":"product_tag","embeddable":true,"href":"https:\/\/albunorte.pt\/en\/wp-json\/wp\/v2\/product_tag?post=25859"}],"curies":[{"name":"wp","href":"https:\/\/api.w.org\/{rel}","templated":true}]}}