{"id":27246,"date":"2021-06-25T08:28:04","date_gmt":"2021-06-25T08:28:04","guid":{"rendered":"https:\/\/albunorte.pt\/?post_type=product&#038;p=27246"},"modified":"2021-06-25T08:37:11","modified_gmt":"2021-06-25T08:37:11","slug":"cavalete-melhores-avos-do-mundo","status":"publish","type":"product","link":"https:\/\/albunorte.pt\/en\/catalogo\/datas-especiais\/dia-dos-avos\/cavalete-melhores-avos-do-mundo\/","title":{"rendered":"Cavalete Melhores Av\u00f3s do Mundo"},"content":{"rendered":"<p>Cavalete em madeira com grava\u00e7\u00e3o a laser<\/p>\n<p><strong>Medida:<\/strong> 15x15cm<\/p>\n<p>Grava\u00e7\u00e3o inclu\u00edda<\/p>","protected":false},"excerpt":{"rendered":"<p>Cavalete em madeira com grava\u00e7\u00e3o a laser Medida: 15x15cm Grava\u00e7\u00e3o inclu\u00edda<\/p>","protected":false},"featured_media":0,"template":"","meta":[],"product_brand":[],"product_cat":[732],"product_tag":[],"class_list":{"0":"post-27246","1":"product","2":"type-product","3":"status-publish","5":"product_cat-dia-dos-avos","7":"first","8":"instock","9":"shipping-taxable","10":"purchasable","11":"product-type-simple"},"yoast_head":"<!-- This site is optimized with the Yoast SEO plugin v27.3 - https:\/\/yoast.com\/product\/yoast-seo-wordpress\/ -->\n<title>Cavalete Melhores Av\u00f3s do Mundo - Albunorte<\/title>\n<meta name=\"robots\" content=\"index, follow, max-snippet:-1, max-image-preview:large, max-video-preview:-1\" \/>\n<link rel=\"canonical\" href=\"https:\/\/albunorte.pt\/en\/catalogo\/datas-especiais\/dia-dos-avos\/cavalete-melhores-avos-do-mundo\/\" \/>\n<meta property=\"og:locale\" content=\"en_GB\" \/>\n<meta property=\"og:type\" content=\"article\" \/>\n<meta property=\"og:title\" content=\"Cavalete Melhores Av\u00f3s do Mundo - Albunorte\" \/>\n<meta property=\"og:description\" content=\"Cavalete em madeira com grava\u00e7\u00e3o a laser Medida: 15x15cm Grava\u00e7\u00e3o inclu\u00edda\" \/>\n<meta property=\"og:url\" content=\"https:\/\/albunorte.pt\/en\/catalogo\/datas-especiais\/dia-dos-avos\/cavalete-melhores-avos-do-mundo\/\" \/>\n<meta property=\"og:site_name\" content=\"Albunorte\" \/>\n<meta property=\"article:modified_time\" content=\"2021-06-25T08:37:11+00:00\" \/>\n<meta property=\"og:image\" content=\"https:\/\/albunorte.pt\/wp-content\/uploads\/2021\/06\/002.png\" \/>\n\t<meta property=\"og:image:width\" content=\"600\" \/>\n\t<meta property=\"og:image:height\" content=\"720\" \/>\n\t<meta property=\"og:image:type\" content=\"image\/png\" \/>\n<meta name=\"twitter:card\" content=\"summary_large_image\" \/>\n<script type=\"application\/ld+json\" class=\"yoast-schema-graph\">{\"@context\":\"https:\\\/\\\/schema.org\",\"@graph\":[{\"@type\":\"WebPage\",\"@id\":\"https:\\\/\\\/albunorte.pt\\\/catalogo\\\/datas-especiais\\\/dia-dos-avos\\\/cavalete-melhores-avos-do-mundo\\\/\",\"url\":\"https:\\\/\\\/albunorte.pt\\\/catalogo\\\/datas-especiais\\\/dia-dos-avos\\\/cavalete-melhores-avos-do-mundo\\\/\",\"name\":\"Cavalete Melhores Av\u00f3s do Mundo - Albunorte\",\"isPartOf\":{\"@id\":\"https:\\\/\\\/albunorte.pt\\\/#website\"},\"datePublished\":\"2021-06-25T08:28:04+00:00\",\"dateModified\":\"2021-06-25T08:37:11+00:00\",\"breadcrumb\":{\"@id\":\"https:\\\/\\\/albunorte.pt\\\/catalogo\\\/datas-especiais\\\/dia-dos-avos\\\/cavalete-melhores-avos-do-mundo\\\/#breadcrumb\"},\"inLanguage\":\"en-GB\",\"potentialAction\":[{\"@type\":\"ReadAction\",\"target\":[\"https:\\\/\\\/albunorte.pt\\\/catalogo\\\/datas-especiais\\\/dia-dos-avos\\\/cavalete-melhores-avos-do-mundo\\\/\"]}]},{\"@type\":\"BreadcrumbList\",\"@id\":\"https:\\\/\\\/albunorte.pt\\\/catalogo\\\/datas-especiais\\\/dia-dos-avos\\\/cavalete-melhores-avos-do-mundo\\\/#breadcrumb\",\"itemListElement\":[{\"@type\":\"ListItem\",\"position\":1,\"name\":\"In\u00edcio\",\"item\":\"https:\\\/\\\/albunorte.pt\\\/\"},{\"@type\":\"ListItem\",\"position\":2,\"name\":\"Produtos\",\"item\":\"https:\\\/\\\/albunorte.pt\\\/produtos\\\/\"},{\"@type\":\"ListItem\",\"position\":3,\"name\":\"Cavalete Melhores Av\u00f3s do Mundo\"}]},{\"@type\":\"WebSite\",\"@id\":\"https:\\\/\\\/albunorte.pt\\\/#website\",\"url\":\"https:\\\/\\\/albunorte.pt\\\/\",\"name\":\"Albunorte\",\"description\":\"Albuns Digitais\",\"potentialAction\":[{\"@type\":\"SearchAction\",\"target\":{\"@type\":\"EntryPoint\",\"urlTemplate\":\"https:\\\/\\\/albunorte.pt\\\/?s={search_term_string}\"},\"query-input\":{\"@type\":\"PropertyValueSpecification\",\"valueRequired\":true,\"valueName\":\"search_term_string\"}}],\"inLanguage\":\"en-GB\"}]}<\/script>\n<!-- \/ Yoast SEO plugin. -->","yoast_head_json":{"title":"Cavalete Melhores Av\u00f3s do Mundo - Albunorte","robots":{"index":"index","follow":"follow","max-snippet":"max-snippet:-1","max-image-preview":"max-image-preview:large","max-video-preview":"max-video-preview:-1"},"canonical":"https:\/\/albunorte.pt\/en\/catalogo\/datas-especiais\/dia-dos-avos\/cavalete-melhores-avos-do-mundo\/","og_locale":"en_GB","og_type":"article","og_title":"Cavalete Melhores Av\u00f3s do Mundo - Albunorte","og_description":"Cavalete em madeira com grava\u00e7\u00e3o a laser Medida: 15x15cm Grava\u00e7\u00e3o inclu\u00edda","og_url":"https:\/\/albunorte.pt\/en\/catalogo\/datas-especiais\/dia-dos-avos\/cavalete-melhores-avos-do-mundo\/","og_site_name":"Albunorte","article_modified_time":"2021-06-25T08:37:11+00:00","og_image":[{"width":600,"height":720,"url":"https:\/\/albunorte.pt\/wp-content\/uploads\/2021\/06\/002.png","type":"image\/png"}],"twitter_card":"summary_large_image","schema":{"@context":"https:\/\/schema.org","@graph":[{"@type":"WebPage","@id":"https:\/\/albunorte.pt\/catalogo\/datas-especiais\/dia-dos-avos\/cavalete-melhores-avos-do-mundo\/","url":"https:\/\/albunorte.pt\/catalogo\/datas-especiais\/dia-dos-avos\/cavalete-melhores-avos-do-mundo\/","name":"Cavalete Melhores Av\u00f3s do Mundo - Albunorte","isPartOf":{"@id":"https:\/\/albunorte.pt\/#website"},"datePublished":"2021-06-25T08:28:04+00:00","dateModified":"2021-06-25T08:37:11+00:00","breadcrumb":{"@id":"https:\/\/albunorte.pt\/catalogo\/datas-especiais\/dia-dos-avos\/cavalete-melhores-avos-do-mundo\/#breadcrumb"},"inLanguage":"en-GB","potentialAction":[{"@type":"ReadAction","target":["https:\/\/albunorte.pt\/catalogo\/datas-especiais\/dia-dos-avos\/cavalete-melhores-avos-do-mundo\/"]}]},{"@type":"BreadcrumbList","@id":"https:\/\/albunorte.pt\/catalogo\/datas-especiais\/dia-dos-avos\/cavalete-melhores-avos-do-mundo\/#breadcrumb","itemListElement":[{"@type":"ListItem","position":1,"name":"In\u00edcio","item":"https:\/\/albunorte.pt\/"},{"@type":"ListItem","position":2,"name":"Produtos","item":"https:\/\/albunorte.pt\/produtos\/"},{"@type":"ListItem","position":3,"name":"Cavalete Melhores Av\u00f3s do Mundo"}]},{"@type":"WebSite","@id":"https:\/\/albunorte.pt\/#website","url":"https:\/\/albunorte.pt\/","name":"Albunorte","description":"Albuns Digitais","potentialAction":[{"@type":"SearchAction","target":{"@type":"EntryPoint","urlTemplate":"https:\/\/albunorte.pt\/?s={search_term_string}"},"query-input":{"@type":"PropertyValueSpecification","valueRequired":true,"valueName":"search_term_string"}}],"inLanguage":"en-GB"}]}},"_links":{"self":[{"href":"https:\/\/albunorte.pt\/en\/wp-json\/wp\/v2\/product\/27246","targetHints":{"allow":["GET"]}}],"collection":[{"href":"https:\/\/albunorte.pt\/en\/wp-json\/wp\/v2\/product"}],"about":[{"href":"https:\/\/albunorte.pt\/en\/wp-json\/wp\/v2\/types\/product"}],"wp:attachment":[{"href":"https:\/\/albunorte.pt\/en\/wp-json\/wp\/v2\/media?parent=27246"}],"wp:term":[{"taxonomy":"product_brand","embeddable":true,"href":"https:\/\/albunorte.pt\/en\/wp-json\/wp\/v2\/product_brand?post=27246"},{"taxonomy":"product_cat","embeddable":true,"href":"https:\/\/albunorte.pt\/en\/wp-json\/wp\/v2\/product_cat?post=27246"},{"taxonomy":"product_tag","embeddable":true,"href":"https:\/\/albunorte.pt\/en\/wp-json\/wp\/v2\/product_tag?post=27246"}],"curies":[{"name":"wp","href":"https:\/\/api.w.org\/{rel}","templated":true}]}}