{"id":28231,"date":"2021-10-15T14:16:36","date_gmt":"2021-10-15T14:16:36","guid":{"rendered":"https:\/\/albunorte.pt\/?post_type=product&#038;p=28231"},"modified":"2026-03-24T09:34:07","modified_gmt":"2026-03-24T09:34:07","slug":"harmonica-c-chapa","status":"publish","type":"product","link":"https:\/\/albunorte.pt\/en\/catalogo\/datas-especiais\/produtos-natal\/harmonica-c-chapa\/","title":{"rendered":"Harm\u00f3nica c\/chapa"},"content":{"rendered":"<div class=\"woocommerce-tabs wc-tabs-wrapper container tabbed-content\">\n<div class=\"tab-panels\">\n<div id=\"tab-description\" class=\"woocommerce-Tabs-panel woocommerce-Tabs-panel--description panel entry-content active\" role=\"tabpanel\" aria-labelledby=\"tab-title-description\">\n<p>Harm\u00f3nica para 10 fotos 10\u00d715 e 15\u00d720.<\/p>\n<p>Inclui chapa.<\/p>\n<p>N\u00e3o inclui fotos.<\/p>\n<p>&nbsp;<\/p>\n<p>Encomenda com a quantidade igual ou superior a 20 unidades 10% de desconto-\u00a0<strong>encomende por via email para obter o desconto.<\/strong><\/p>\n<\/div>\n<\/div>\n<\/div>\n<div class=\"related related-products-wrapper product-section\"><\/div>","protected":false},"excerpt":{"rendered":"<p>Harm\u00f3nica para 10 fotos 10\u00d715 e 15\u00d720. Inclui chapa. N\u00e3o inclui fotos. &nbsp; Encomenda com a quantidade igual ou superior a 20 unidades 10% de desconto-\u00a0encomende por via email para obter o desconto.<\/p>","protected":false},"featured_media":28232,"template":"","meta":[],"product_brand":[],"product_cat":[781,31],"product_tag":[],"class_list":{"0":"post-28231","1":"product","2":"type-product","3":"status-publish","4":"has-post-thumbnail","6":"product_cat-folios-harmonicas-produtos-natal","7":"product_cat-produtos-natal","9":"first","10":"instock","11":"featured","12":"shipping-taxable","13":"purchasable","14":"product-type-simple"},"yoast_head":"<!-- This site is optimized with the Yoast SEO plugin v27.3 - https:\/\/yoast.com\/product\/yoast-seo-wordpress\/ -->\n<title>Harm\u00f3nica c\/chapa - Albunorte<\/title>\n<meta name=\"robots\" content=\"index, follow, max-snippet:-1, max-image-preview:large, max-video-preview:-1\" \/>\n<link rel=\"canonical\" href=\"https:\/\/albunorte.pt\/en\/catalogo\/datas-especiais\/produtos-natal\/harmonica-c-chapa\/\" \/>\n<meta property=\"og:locale\" content=\"en_GB\" \/>\n<meta property=\"og:type\" content=\"article\" \/>\n<meta property=\"og:title\" content=\"Harm\u00f3nica c\/chapa - Albunorte\" \/>\n<meta property=\"og:description\" content=\"Harm\u00f3nica para 10 fotos 10\u00d715 e 15\u00d720. Inclui chapa. N\u00e3o inclui fotos. &nbsp; Encomenda com a quantidade igual ou superior a 20 unidades 10% de desconto-\u00a0encomende por via email para obter o desconto.\" \/>\n<meta property=\"og:url\" content=\"https:\/\/albunorte.pt\/en\/catalogo\/datas-especiais\/produtos-natal\/harmonica-c-chapa\/\" \/>\n<meta property=\"og:site_name\" content=\"Albunorte\" \/>\n<meta property=\"article:modified_time\" content=\"2026-03-24T09:34:07+00:00\" \/>\n<meta property=\"og:image\" content=\"https:\/\/albunorte.pt\/wp-content\/uploads\/2021\/10\/IMG_9643.png\" \/>\n\t<meta property=\"og:image:width\" content=\"600\" \/>\n\t<meta property=\"og:image:height\" content=\"720\" \/>\n\t<meta property=\"og:image:type\" content=\"image\/png\" \/>\n<meta name=\"twitter:card\" content=\"summary_large_image\" \/>\n<script type=\"application\/ld+json\" class=\"yoast-schema-graph\">{\"@context\":\"https:\\\/\\\/schema.org\",\"@graph\":[{\"@type\":\"WebPage\",\"@id\":\"https:\\\/\\\/albunorte.pt\\\/catalogo\\\/datas-especiais\\\/produtos-natal\\\/harmonica-c-chapa\\\/\",\"url\":\"https:\\\/\\\/albunorte.pt\\\/catalogo\\\/datas-especiais\\\/produtos-natal\\\/harmonica-c-chapa\\\/\",\"name\":\"Harm\u00f3nica c\\\/chapa - Albunorte\",\"isPartOf\":{\"@id\":\"https:\\\/\\\/albunorte.pt\\\/#website\"},\"primaryImageOfPage\":{\"@id\":\"https:\\\/\\\/albunorte.pt\\\/catalogo\\\/datas-especiais\\\/produtos-natal\\\/harmonica-c-chapa\\\/#primaryimage\"},\"image\":{\"@id\":\"https:\\\/\\\/albunorte.pt\\\/catalogo\\\/datas-especiais\\\/produtos-natal\\\/harmonica-c-chapa\\\/#primaryimage\"},\"thumbnailUrl\":\"https:\\\/\\\/albunorte.pt\\\/wp-content\\\/uploads\\\/2021\\\/10\\\/IMG_9643.png\",\"datePublished\":\"2021-10-15T14:16:36+00:00\",\"dateModified\":\"2026-03-24T09:34:07+00:00\",\"breadcrumb\":{\"@id\":\"https:\\\/\\\/albunorte.pt\\\/catalogo\\\/datas-especiais\\\/produtos-natal\\\/harmonica-c-chapa\\\/#breadcrumb\"},\"inLanguage\":\"en-GB\",\"potentialAction\":[{\"@type\":\"ReadAction\",\"target\":[\"https:\\\/\\\/albunorte.pt\\\/catalogo\\\/datas-especiais\\\/produtos-natal\\\/harmonica-c-chapa\\\/\"]}]},{\"@type\":\"ImageObject\",\"inLanguage\":\"en-GB\",\"@id\":\"https:\\\/\\\/albunorte.pt\\\/catalogo\\\/datas-especiais\\\/produtos-natal\\\/harmonica-c-chapa\\\/#primaryimage\",\"url\":\"https:\\\/\\\/albunorte.pt\\\/wp-content\\\/uploads\\\/2021\\\/10\\\/IMG_9643.png\",\"contentUrl\":\"https:\\\/\\\/albunorte.pt\\\/wp-content\\\/uploads\\\/2021\\\/10\\\/IMG_9643.png\",\"width\":600,\"height\":720},{\"@type\":\"BreadcrumbList\",\"@id\":\"https:\\\/\\\/albunorte.pt\\\/catalogo\\\/datas-especiais\\\/produtos-natal\\\/harmonica-c-chapa\\\/#breadcrumb\",\"itemListElement\":[{\"@type\":\"ListItem\",\"position\":1,\"name\":\"In\u00edcio\",\"item\":\"https:\\\/\\\/albunorte.pt\\\/\"},{\"@type\":\"ListItem\",\"position\":2,\"name\":\"Produtos\",\"item\":\"https:\\\/\\\/albunorte.pt\\\/produtos\\\/\"},{\"@type\":\"ListItem\",\"position\":3,\"name\":\"Harm\u00f3nica c\\\/chapa\"}]},{\"@type\":\"WebSite\",\"@id\":\"https:\\\/\\\/albunorte.pt\\\/#website\",\"url\":\"https:\\\/\\\/albunorte.pt\\\/\",\"name\":\"Albunorte\",\"description\":\"Albuns Digitais\",\"potentialAction\":[{\"@type\":\"SearchAction\",\"target\":{\"@type\":\"EntryPoint\",\"urlTemplate\":\"https:\\\/\\\/albunorte.pt\\\/?s={search_term_string}\"},\"query-input\":{\"@type\":\"PropertyValueSpecification\",\"valueRequired\":true,\"valueName\":\"search_term_string\"}}],\"inLanguage\":\"en-GB\"}]}<\/script>\n<!-- \/ Yoast SEO plugin. -->","yoast_head_json":{"title":"Harm\u00f3nica c\/chapa - Albunorte","robots":{"index":"index","follow":"follow","max-snippet":"max-snippet:-1","max-image-preview":"max-image-preview:large","max-video-preview":"max-video-preview:-1"},"canonical":"https:\/\/albunorte.pt\/en\/catalogo\/datas-especiais\/produtos-natal\/harmonica-c-chapa\/","og_locale":"en_GB","og_type":"article","og_title":"Harm\u00f3nica c\/chapa - Albunorte","og_description":"Harm\u00f3nica para 10 fotos 10\u00d715 e 15\u00d720. Inclui chapa. N\u00e3o inclui fotos. &nbsp; Encomenda com a quantidade igual ou superior a 20 unidades 10% de desconto-\u00a0encomende por via email para obter o desconto.","og_url":"https:\/\/albunorte.pt\/en\/catalogo\/datas-especiais\/produtos-natal\/harmonica-c-chapa\/","og_site_name":"Albunorte","article_modified_time":"2026-03-24T09:34:07+00:00","og_image":[{"width":600,"height":720,"url":"https:\/\/albunorte.pt\/wp-content\/uploads\/2021\/10\/IMG_9643.png","type":"image\/png"}],"twitter_card":"summary_large_image","schema":{"@context":"https:\/\/schema.org","@graph":[{"@type":"WebPage","@id":"https:\/\/albunorte.pt\/catalogo\/datas-especiais\/produtos-natal\/harmonica-c-chapa\/","url":"https:\/\/albunorte.pt\/catalogo\/datas-especiais\/produtos-natal\/harmonica-c-chapa\/","name":"Harm\u00f3nica c\/chapa - Albunorte","isPartOf":{"@id":"https:\/\/albunorte.pt\/#website"},"primaryImageOfPage":{"@id":"https:\/\/albunorte.pt\/catalogo\/datas-especiais\/produtos-natal\/harmonica-c-chapa\/#primaryimage"},"image":{"@id":"https:\/\/albunorte.pt\/catalogo\/datas-especiais\/produtos-natal\/harmonica-c-chapa\/#primaryimage"},"thumbnailUrl":"https:\/\/albunorte.pt\/wp-content\/uploads\/2021\/10\/IMG_9643.png","datePublished":"2021-10-15T14:16:36+00:00","dateModified":"2026-03-24T09:34:07+00:00","breadcrumb":{"@id":"https:\/\/albunorte.pt\/catalogo\/datas-especiais\/produtos-natal\/harmonica-c-chapa\/#breadcrumb"},"inLanguage":"en-GB","potentialAction":[{"@type":"ReadAction","target":["https:\/\/albunorte.pt\/catalogo\/datas-especiais\/produtos-natal\/harmonica-c-chapa\/"]}]},{"@type":"ImageObject","inLanguage":"en-GB","@id":"https:\/\/albunorte.pt\/catalogo\/datas-especiais\/produtos-natal\/harmonica-c-chapa\/#primaryimage","url":"https:\/\/albunorte.pt\/wp-content\/uploads\/2021\/10\/IMG_9643.png","contentUrl":"https:\/\/albunorte.pt\/wp-content\/uploads\/2021\/10\/IMG_9643.png","width":600,"height":720},{"@type":"BreadcrumbList","@id":"https:\/\/albunorte.pt\/catalogo\/datas-especiais\/produtos-natal\/harmonica-c-chapa\/#breadcrumb","itemListElement":[{"@type":"ListItem","position":1,"name":"In\u00edcio","item":"https:\/\/albunorte.pt\/"},{"@type":"ListItem","position":2,"name":"Produtos","item":"https:\/\/albunorte.pt\/produtos\/"},{"@type":"ListItem","position":3,"name":"Harm\u00f3nica c\/chapa"}]},{"@type":"WebSite","@id":"https:\/\/albunorte.pt\/#website","url":"https:\/\/albunorte.pt\/","name":"Albunorte","description":"Albuns Digitais","potentialAction":[{"@type":"SearchAction","target":{"@type":"EntryPoint","urlTemplate":"https:\/\/albunorte.pt\/?s={search_term_string}"},"query-input":{"@type":"PropertyValueSpecification","valueRequired":true,"valueName":"search_term_string"}}],"inLanguage":"en-GB"}]}},"_links":{"self":[{"href":"https:\/\/albunorte.pt\/en\/wp-json\/wp\/v2\/product\/28231","targetHints":{"allow":["GET"]}}],"collection":[{"href":"https:\/\/albunorte.pt\/en\/wp-json\/wp\/v2\/product"}],"about":[{"href":"https:\/\/albunorte.pt\/en\/wp-json\/wp\/v2\/types\/product"}],"wp:featuredmedia":[{"embeddable":true,"href":"https:\/\/albunorte.pt\/en\/wp-json\/wp\/v2\/media\/28232"}],"wp:attachment":[{"href":"https:\/\/albunorte.pt\/en\/wp-json\/wp\/v2\/media?parent=28231"}],"wp:term":[{"taxonomy":"product_brand","embeddable":true,"href":"https:\/\/albunorte.pt\/en\/wp-json\/wp\/v2\/product_brand?post=28231"},{"taxonomy":"product_cat","embeddable":true,"href":"https:\/\/albunorte.pt\/en\/wp-json\/wp\/v2\/product_cat?post=28231"},{"taxonomy":"product_tag","embeddable":true,"href":"https:\/\/albunorte.pt\/en\/wp-json\/wp\/v2\/product_tag?post=28231"}],"curies":[{"name":"wp","href":"https:\/\/api.w.org\/{rel}","templated":true}]}}