{"id":28577,"date":"2021-11-04T22:05:30","date_gmt":"2021-11-04T22:05:30","guid":{"rendered":"https:\/\/albunorte.pt\/?post_type=product&#038;p=28577"},"modified":"2023-10-09T16:22:40","modified_gmt":"2023-10-09T16:22:40","slug":"conjunto-5-acrilicos","status":"publish","type":"product","link":"https:\/\/albunorte.pt\/en\/catalogo\/datas-especiais\/produtos-natal\/conjunto-5-acrilicos\/","title":{"rendered":"Conjunto 5 acr\u00edlicos"},"content":{"rendered":"<p>Conjunto inclui:<\/p>\n<p>5 Pendentes em acr\u00edlico com formas de luva, sino, bola, estrela e \u00e1rvore<\/p>\n<p>Pode enviar fotos diferentes para cada pendente<\/p>\n<p>Acr\u00edlico inclui iman na parte tr\u00e1s para conseguir colocar no frigorifico<\/p>\n<p>&nbsp;<\/p>","protected":false},"excerpt":{"rendered":"<p>Conjunto inclui: 5 Pendentes em acr\u00edlico com formas de luva, sino, bola, estrela e \u00e1rvore Pode enviar fotos diferentes para cada pendente Acr\u00edlico inclui iman na parte tr\u00e1s para conseguir colocar no frigorifico &nbsp;<\/p>","protected":false},"featured_media":28578,"template":"","meta":[],"product_brand":[],"product_cat":[785,31,784,792],"product_tag":[],"class_list":{"0":"post-28577","1":"product","2":"type-product","3":"status-publish","4":"has-post-thumbnail","6":"product_cat-imans-produtos-natal","7":"product_cat-produtos-natal","8":"product_cat-pendurais","9":"product_cat-presentes-pequenos-produtos-natal","11":"first","12":"instock","13":"featured","14":"shipping-taxable","15":"purchasable","16":"product-type-simple"},"yoast_head":"<!-- This site is optimized with the Yoast SEO plugin v27.3 - https:\/\/yoast.com\/product\/yoast-seo-wordpress\/ -->\n<title>Conjunto 5 acr\u00edlicos - Albunorte<\/title>\n<meta name=\"robots\" content=\"index, follow, max-snippet:-1, max-image-preview:large, max-video-preview:-1\" \/>\n<link rel=\"canonical\" href=\"https:\/\/albunorte.pt\/en\/catalogo\/datas-especiais\/produtos-natal\/conjunto-5-acrilicos\/\" \/>\n<meta property=\"og:locale\" content=\"en_GB\" \/>\n<meta property=\"og:type\" content=\"article\" \/>\n<meta property=\"og:title\" content=\"Conjunto 5 acr\u00edlicos - Albunorte\" \/>\n<meta property=\"og:description\" content=\"Conjunto inclui: 5 Pendentes em acr\u00edlico com formas de luva, sino, bola, estrela e \u00e1rvore Pode enviar fotos diferentes para cada pendente Acr\u00edlico inclui iman na parte tr\u00e1s para conseguir colocar no frigorifico &nbsp;\" \/>\n<meta property=\"og:url\" content=\"https:\/\/albunorte.pt\/en\/catalogo\/datas-especiais\/produtos-natal\/conjunto-5-acrilicos\/\" \/>\n<meta property=\"og:site_name\" content=\"Albunorte\" \/>\n<meta property=\"article:modified_time\" content=\"2023-10-09T16:22:40+00:00\" \/>\n<meta property=\"og:image\" content=\"https:\/\/albunorte.pt\/wp-content\/uploads\/2021\/11\/13.png\" \/>\n\t<meta property=\"og:image:width\" content=\"600\" \/>\n\t<meta property=\"og:image:height\" content=\"720\" \/>\n\t<meta property=\"og:image:type\" content=\"image\/png\" \/>\n<meta name=\"twitter:card\" content=\"summary_large_image\" \/>\n<meta name=\"twitter:label1\" content=\"Estimated reading time\" \/>\n\t<meta name=\"twitter:data1\" content=\"1 minute\" \/>\n<script type=\"application\/ld+json\" class=\"yoast-schema-graph\">{\"@context\":\"https:\\\/\\\/schema.org\",\"@graph\":[{\"@type\":\"WebPage\",\"@id\":\"https:\\\/\\\/albunorte.pt\\\/catalogo\\\/datas-especiais\\\/produtos-natal\\\/conjunto-5-acrilicos\\\/\",\"url\":\"https:\\\/\\\/albunorte.pt\\\/catalogo\\\/datas-especiais\\\/produtos-natal\\\/conjunto-5-acrilicos\\\/\",\"name\":\"Conjunto 5 acr\u00edlicos - Albunorte\",\"isPartOf\":{\"@id\":\"https:\\\/\\\/albunorte.pt\\\/#website\"},\"primaryImageOfPage\":{\"@id\":\"https:\\\/\\\/albunorte.pt\\\/catalogo\\\/datas-especiais\\\/produtos-natal\\\/conjunto-5-acrilicos\\\/#primaryimage\"},\"image\":{\"@id\":\"https:\\\/\\\/albunorte.pt\\\/catalogo\\\/datas-especiais\\\/produtos-natal\\\/conjunto-5-acrilicos\\\/#primaryimage\"},\"thumbnailUrl\":\"https:\\\/\\\/albunorte.pt\\\/wp-content\\\/uploads\\\/2021\\\/11\\\/13.png\",\"datePublished\":\"2021-11-04T22:05:30+00:00\",\"dateModified\":\"2023-10-09T16:22:40+00:00\",\"breadcrumb\":{\"@id\":\"https:\\\/\\\/albunorte.pt\\\/catalogo\\\/datas-especiais\\\/produtos-natal\\\/conjunto-5-acrilicos\\\/#breadcrumb\"},\"inLanguage\":\"en-GB\",\"potentialAction\":[{\"@type\":\"ReadAction\",\"target\":[\"https:\\\/\\\/albunorte.pt\\\/catalogo\\\/datas-especiais\\\/produtos-natal\\\/conjunto-5-acrilicos\\\/\"]}]},{\"@type\":\"ImageObject\",\"inLanguage\":\"en-GB\",\"@id\":\"https:\\\/\\\/albunorte.pt\\\/catalogo\\\/datas-especiais\\\/produtos-natal\\\/conjunto-5-acrilicos\\\/#primaryimage\",\"url\":\"https:\\\/\\\/albunorte.pt\\\/wp-content\\\/uploads\\\/2021\\\/11\\\/13.png\",\"contentUrl\":\"https:\\\/\\\/albunorte.pt\\\/wp-content\\\/uploads\\\/2021\\\/11\\\/13.png\",\"width\":600,\"height\":720},{\"@type\":\"BreadcrumbList\",\"@id\":\"https:\\\/\\\/albunorte.pt\\\/catalogo\\\/datas-especiais\\\/produtos-natal\\\/conjunto-5-acrilicos\\\/#breadcrumb\",\"itemListElement\":[{\"@type\":\"ListItem\",\"position\":1,\"name\":\"In\u00edcio\",\"item\":\"https:\\\/\\\/albunorte.pt\\\/\"},{\"@type\":\"ListItem\",\"position\":2,\"name\":\"Produtos\",\"item\":\"https:\\\/\\\/albunorte.pt\\\/produtos\\\/\"},{\"@type\":\"ListItem\",\"position\":3,\"name\":\"Conjunto 5 acr\u00edlicos\"}]},{\"@type\":\"WebSite\",\"@id\":\"https:\\\/\\\/albunorte.pt\\\/#website\",\"url\":\"https:\\\/\\\/albunorte.pt\\\/\",\"name\":\"Albunorte\",\"description\":\"Albuns Digitais\",\"potentialAction\":[{\"@type\":\"SearchAction\",\"target\":{\"@type\":\"EntryPoint\",\"urlTemplate\":\"https:\\\/\\\/albunorte.pt\\\/?s={search_term_string}\"},\"query-input\":{\"@type\":\"PropertyValueSpecification\",\"valueRequired\":true,\"valueName\":\"search_term_string\"}}],\"inLanguage\":\"en-GB\"}]}<\/script>\n<!-- \/ Yoast SEO plugin. -->","yoast_head_json":{"title":"Conjunto 5 acr\u00edlicos - Albunorte","robots":{"index":"index","follow":"follow","max-snippet":"max-snippet:-1","max-image-preview":"max-image-preview:large","max-video-preview":"max-video-preview:-1"},"canonical":"https:\/\/albunorte.pt\/en\/catalogo\/datas-especiais\/produtos-natal\/conjunto-5-acrilicos\/","og_locale":"en_GB","og_type":"article","og_title":"Conjunto 5 acr\u00edlicos - Albunorte","og_description":"Conjunto inclui: 5 Pendentes em acr\u00edlico com formas de luva, sino, bola, estrela e \u00e1rvore Pode enviar fotos diferentes para cada pendente Acr\u00edlico inclui iman na parte tr\u00e1s para conseguir colocar no frigorifico &nbsp;","og_url":"https:\/\/albunorte.pt\/en\/catalogo\/datas-especiais\/produtos-natal\/conjunto-5-acrilicos\/","og_site_name":"Albunorte","article_modified_time":"2023-10-09T16:22:40+00:00","og_image":[{"width":600,"height":720,"url":"https:\/\/albunorte.pt\/wp-content\/uploads\/2021\/11\/13.png","type":"image\/png"}],"twitter_card":"summary_large_image","twitter_misc":{"Estimated reading time":"1 minute"},"schema":{"@context":"https:\/\/schema.org","@graph":[{"@type":"WebPage","@id":"https:\/\/albunorte.pt\/catalogo\/datas-especiais\/produtos-natal\/conjunto-5-acrilicos\/","url":"https:\/\/albunorte.pt\/catalogo\/datas-especiais\/produtos-natal\/conjunto-5-acrilicos\/","name":"Conjunto 5 acr\u00edlicos - Albunorte","isPartOf":{"@id":"https:\/\/albunorte.pt\/#website"},"primaryImageOfPage":{"@id":"https:\/\/albunorte.pt\/catalogo\/datas-especiais\/produtos-natal\/conjunto-5-acrilicos\/#primaryimage"},"image":{"@id":"https:\/\/albunorte.pt\/catalogo\/datas-especiais\/produtos-natal\/conjunto-5-acrilicos\/#primaryimage"},"thumbnailUrl":"https:\/\/albunorte.pt\/wp-content\/uploads\/2021\/11\/13.png","datePublished":"2021-11-04T22:05:30+00:00","dateModified":"2023-10-09T16:22:40+00:00","breadcrumb":{"@id":"https:\/\/albunorte.pt\/catalogo\/datas-especiais\/produtos-natal\/conjunto-5-acrilicos\/#breadcrumb"},"inLanguage":"en-GB","potentialAction":[{"@type":"ReadAction","target":["https:\/\/albunorte.pt\/catalogo\/datas-especiais\/produtos-natal\/conjunto-5-acrilicos\/"]}]},{"@type":"ImageObject","inLanguage":"en-GB","@id":"https:\/\/albunorte.pt\/catalogo\/datas-especiais\/produtos-natal\/conjunto-5-acrilicos\/#primaryimage","url":"https:\/\/albunorte.pt\/wp-content\/uploads\/2021\/11\/13.png","contentUrl":"https:\/\/albunorte.pt\/wp-content\/uploads\/2021\/11\/13.png","width":600,"height":720},{"@type":"BreadcrumbList","@id":"https:\/\/albunorte.pt\/catalogo\/datas-especiais\/produtos-natal\/conjunto-5-acrilicos\/#breadcrumb","itemListElement":[{"@type":"ListItem","position":1,"name":"In\u00edcio","item":"https:\/\/albunorte.pt\/"},{"@type":"ListItem","position":2,"name":"Produtos","item":"https:\/\/albunorte.pt\/produtos\/"},{"@type":"ListItem","position":3,"name":"Conjunto 5 acr\u00edlicos"}]},{"@type":"WebSite","@id":"https:\/\/albunorte.pt\/#website","url":"https:\/\/albunorte.pt\/","name":"Albunorte","description":"Albuns Digitais","potentialAction":[{"@type":"SearchAction","target":{"@type":"EntryPoint","urlTemplate":"https:\/\/albunorte.pt\/?s={search_term_string}"},"query-input":{"@type":"PropertyValueSpecification","valueRequired":true,"valueName":"search_term_string"}}],"inLanguage":"en-GB"}]}},"_links":{"self":[{"href":"https:\/\/albunorte.pt\/en\/wp-json\/wp\/v2\/product\/28577","targetHints":{"allow":["GET"]}}],"collection":[{"href":"https:\/\/albunorte.pt\/en\/wp-json\/wp\/v2\/product"}],"about":[{"href":"https:\/\/albunorte.pt\/en\/wp-json\/wp\/v2\/types\/product"}],"wp:featuredmedia":[{"embeddable":true,"href":"https:\/\/albunorte.pt\/en\/wp-json\/wp\/v2\/media\/28578"}],"wp:attachment":[{"href":"https:\/\/albunorte.pt\/en\/wp-json\/wp\/v2\/media?parent=28577"}],"wp:term":[{"taxonomy":"product_brand","embeddable":true,"href":"https:\/\/albunorte.pt\/en\/wp-json\/wp\/v2\/product_brand?post=28577"},{"taxonomy":"product_cat","embeddable":true,"href":"https:\/\/albunorte.pt\/en\/wp-json\/wp\/v2\/product_cat?post=28577"},{"taxonomy":"product_tag","embeddable":true,"href":"https:\/\/albunorte.pt\/en\/wp-json\/wp\/v2\/product_tag?post=28577"}],"curies":[{"name":"wp","href":"https:\/\/api.w.org\/{rel}","templated":true}]}}