{"id":28991,"date":"2021-11-22T18:13:07","date_gmt":"2021-11-22T18:13:07","guid":{"rendered":"https:\/\/albunorte.pt\/?post_type=product&#038;p=28991"},"modified":"2025-11-20T10:26:10","modified_gmt":"2025-11-20T10:26:10","slug":"folio-triplo-com-fita","status":"publish","type":"product","link":"https:\/\/albunorte.pt\/en\/catalogo\/datas-especiais\/produtos-natal\/folio-triplo-com-fita\/","title":{"rendered":"F\u00f3lio Triplo Com Fita"},"content":{"rendered":"<p>F\u00f3lio triplo em material pano cru.<\/p>\n<p>Oferta da fita.<\/p>\n<p>Sem grava\u00e7\u00e3o.<\/p>\n<p><strong>Size: <\/strong>Para colocar 3 fotos 10x15cm<\/p>\n<p><strong>Textura:\u00a0<\/strong>Cru<\/p>\n<p>&nbsp;<\/p>\n<p>&nbsp;<\/p>\n<p>Encomenda com a quantidade igual ou superior a 20 unidades 10% de desconto-\u00a0<strong>encomende por via email para obter o desconto.<\/strong><\/p>","protected":false},"excerpt":{"rendered":"<p>F\u00f3lio triplo em material pano cru. Oferta da fita. Sem grava\u00e7\u00e3o. Tamanho: Para colocar 3 fotos 10x15cm Textura:\u00a0Cru &nbsp; &nbsp; Encomenda com a quantidade igual ou superior a 20 unidades 10% de desconto-\u00a0encomende por via email para obter o desconto.<\/p>","protected":false},"featured_media":26608,"template":"","meta":[],"product_brand":[],"product_cat":[781,31],"product_tag":[],"class_list":{"0":"post-28991","1":"product","2":"type-product","3":"status-publish","4":"has-post-thumbnail","6":"product_cat-folios-harmonicas-produtos-natal","7":"product_cat-produtos-natal","9":"first","10":"instock","11":"shipping-taxable","12":"purchasable","13":"product-type-simple"},"yoast_head":"<!-- This site is optimized with the Yoast SEO plugin v27.3 - https:\/\/yoast.com\/product\/yoast-seo-wordpress\/ -->\n<title>F\u00f3lio Triplo Com Fita - Albunorte<\/title>\n<meta name=\"robots\" content=\"index, follow, max-snippet:-1, max-image-preview:large, max-video-preview:-1\" \/>\n<link rel=\"canonical\" href=\"https:\/\/albunorte.pt\/en\/catalogo\/datas-especiais\/produtos-natal\/folio-triplo-com-fita\/\" \/>\n<meta property=\"og:locale\" content=\"en_GB\" \/>\n<meta property=\"og:type\" content=\"article\" \/>\n<meta property=\"og:title\" content=\"F\u00f3lio Triplo Com Fita - Albunorte\" \/>\n<meta property=\"og:description\" content=\"F\u00f3lio triplo em material pano cru. Oferta da fita. Sem grava\u00e7\u00e3o. Tamanho: Para colocar 3 fotos 10x15cm Textura:\u00a0Cru &nbsp; &nbsp; Encomenda com a quantidade igual ou superior a 20 unidades 10% de desconto-\u00a0encomende por via email para obter o desconto.\" \/>\n<meta property=\"og:url\" content=\"https:\/\/albunorte.pt\/en\/catalogo\/datas-especiais\/produtos-natal\/folio-triplo-com-fita\/\" \/>\n<meta property=\"og:site_name\" content=\"Albunorte\" \/>\n<meta property=\"article:modified_time\" content=\"2025-11-20T10:26:10+00:00\" \/>\n<meta property=\"og:image\" content=\"https:\/\/albunorte.pt\/wp-content\/uploads\/2021\/04\/album-analogico-008.png\" \/>\n\t<meta property=\"og:image:width\" content=\"600\" \/>\n\t<meta property=\"og:image:height\" content=\"720\" \/>\n\t<meta property=\"og:image:type\" content=\"image\/png\" \/>\n<meta name=\"twitter:card\" content=\"summary_large_image\" \/>\n<meta name=\"twitter:label1\" content=\"Estimated reading time\" \/>\n\t<meta name=\"twitter:data1\" content=\"1 minute\" \/>\n<script type=\"application\/ld+json\" class=\"yoast-schema-graph\">{\"@context\":\"https:\\\/\\\/schema.org\",\"@graph\":[{\"@type\":\"WebPage\",\"@id\":\"https:\\\/\\\/albunorte.pt\\\/catalogo\\\/datas-especiais\\\/produtos-natal\\\/folio-triplo-com-fita\\\/\",\"url\":\"https:\\\/\\\/albunorte.pt\\\/catalogo\\\/datas-especiais\\\/produtos-natal\\\/folio-triplo-com-fita\\\/\",\"name\":\"F\u00f3lio Triplo Com Fita - Albunorte\",\"isPartOf\":{\"@id\":\"https:\\\/\\\/albunorte.pt\\\/#website\"},\"primaryImageOfPage\":{\"@id\":\"https:\\\/\\\/albunorte.pt\\\/catalogo\\\/datas-especiais\\\/produtos-natal\\\/folio-triplo-com-fita\\\/#primaryimage\"},\"image\":{\"@id\":\"https:\\\/\\\/albunorte.pt\\\/catalogo\\\/datas-especiais\\\/produtos-natal\\\/folio-triplo-com-fita\\\/#primaryimage\"},\"thumbnailUrl\":\"https:\\\/\\\/albunorte.pt\\\/wp-content\\\/uploads\\\/2021\\\/04\\\/album-analogico-008.png\",\"datePublished\":\"2021-11-22T18:13:07+00:00\",\"dateModified\":\"2025-11-20T10:26:10+00:00\",\"breadcrumb\":{\"@id\":\"https:\\\/\\\/albunorte.pt\\\/catalogo\\\/datas-especiais\\\/produtos-natal\\\/folio-triplo-com-fita\\\/#breadcrumb\"},\"inLanguage\":\"en-GB\",\"potentialAction\":[{\"@type\":\"ReadAction\",\"target\":[\"https:\\\/\\\/albunorte.pt\\\/catalogo\\\/datas-especiais\\\/produtos-natal\\\/folio-triplo-com-fita\\\/\"]}]},{\"@type\":\"ImageObject\",\"inLanguage\":\"en-GB\",\"@id\":\"https:\\\/\\\/albunorte.pt\\\/catalogo\\\/datas-especiais\\\/produtos-natal\\\/folio-triplo-com-fita\\\/#primaryimage\",\"url\":\"https:\\\/\\\/albunorte.pt\\\/wp-content\\\/uploads\\\/2021\\\/04\\\/album-analogico-008.png\",\"contentUrl\":\"https:\\\/\\\/albunorte.pt\\\/wp-content\\\/uploads\\\/2021\\\/04\\\/album-analogico-008.png\",\"width\":600,\"height\":720},{\"@type\":\"BreadcrumbList\",\"@id\":\"https:\\\/\\\/albunorte.pt\\\/catalogo\\\/datas-especiais\\\/produtos-natal\\\/folio-triplo-com-fita\\\/#breadcrumb\",\"itemListElement\":[{\"@type\":\"ListItem\",\"position\":1,\"name\":\"In\u00edcio\",\"item\":\"https:\\\/\\\/albunorte.pt\\\/\"},{\"@type\":\"ListItem\",\"position\":2,\"name\":\"Produtos\",\"item\":\"https:\\\/\\\/albunorte.pt\\\/produtos\\\/\"},{\"@type\":\"ListItem\",\"position\":3,\"name\":\"F\u00f3lio Triplo Com Fita\"}]},{\"@type\":\"WebSite\",\"@id\":\"https:\\\/\\\/albunorte.pt\\\/#website\",\"url\":\"https:\\\/\\\/albunorte.pt\\\/\",\"name\":\"Albunorte\",\"description\":\"Albuns Digitais\",\"potentialAction\":[{\"@type\":\"SearchAction\",\"target\":{\"@type\":\"EntryPoint\",\"urlTemplate\":\"https:\\\/\\\/albunorte.pt\\\/?s={search_term_string}\"},\"query-input\":{\"@type\":\"PropertyValueSpecification\",\"valueRequired\":true,\"valueName\":\"search_term_string\"}}],\"inLanguage\":\"en-GB\"}]}<\/script>\n<!-- \/ Yoast SEO plugin. -->","yoast_head_json":{"title":"F\u00f3lio Triplo Com Fita - Albunorte","robots":{"index":"index","follow":"follow","max-snippet":"max-snippet:-1","max-image-preview":"max-image-preview:large","max-video-preview":"max-video-preview:-1"},"canonical":"https:\/\/albunorte.pt\/en\/catalogo\/datas-especiais\/produtos-natal\/folio-triplo-com-fita\/","og_locale":"en_GB","og_type":"article","og_title":"F\u00f3lio Triplo Com Fita - Albunorte","og_description":"F\u00f3lio triplo em material pano cru. Oferta da fita. Sem grava\u00e7\u00e3o. Tamanho: Para colocar 3 fotos 10x15cm Textura:\u00a0Cru &nbsp; &nbsp; Encomenda com a quantidade igual ou superior a 20 unidades 10% de desconto-\u00a0encomende por via email para obter o desconto.","og_url":"https:\/\/albunorte.pt\/en\/catalogo\/datas-especiais\/produtos-natal\/folio-triplo-com-fita\/","og_site_name":"Albunorte","article_modified_time":"2025-11-20T10:26:10+00:00","og_image":[{"width":600,"height":720,"url":"https:\/\/albunorte.pt\/wp-content\/uploads\/2021\/04\/album-analogico-008.png","type":"image\/png"}],"twitter_card":"summary_large_image","twitter_misc":{"Estimated reading time":"1 minute"},"schema":{"@context":"https:\/\/schema.org","@graph":[{"@type":"WebPage","@id":"https:\/\/albunorte.pt\/catalogo\/datas-especiais\/produtos-natal\/folio-triplo-com-fita\/","url":"https:\/\/albunorte.pt\/catalogo\/datas-especiais\/produtos-natal\/folio-triplo-com-fita\/","name":"F\u00f3lio Triplo Com Fita - Albunorte","isPartOf":{"@id":"https:\/\/albunorte.pt\/#website"},"primaryImageOfPage":{"@id":"https:\/\/albunorte.pt\/catalogo\/datas-especiais\/produtos-natal\/folio-triplo-com-fita\/#primaryimage"},"image":{"@id":"https:\/\/albunorte.pt\/catalogo\/datas-especiais\/produtos-natal\/folio-triplo-com-fita\/#primaryimage"},"thumbnailUrl":"https:\/\/albunorte.pt\/wp-content\/uploads\/2021\/04\/album-analogico-008.png","datePublished":"2021-11-22T18:13:07+00:00","dateModified":"2025-11-20T10:26:10+00:00","breadcrumb":{"@id":"https:\/\/albunorte.pt\/catalogo\/datas-especiais\/produtos-natal\/folio-triplo-com-fita\/#breadcrumb"},"inLanguage":"en-GB","potentialAction":[{"@type":"ReadAction","target":["https:\/\/albunorte.pt\/catalogo\/datas-especiais\/produtos-natal\/folio-triplo-com-fita\/"]}]},{"@type":"ImageObject","inLanguage":"en-GB","@id":"https:\/\/albunorte.pt\/catalogo\/datas-especiais\/produtos-natal\/folio-triplo-com-fita\/#primaryimage","url":"https:\/\/albunorte.pt\/wp-content\/uploads\/2021\/04\/album-analogico-008.png","contentUrl":"https:\/\/albunorte.pt\/wp-content\/uploads\/2021\/04\/album-analogico-008.png","width":600,"height":720},{"@type":"BreadcrumbList","@id":"https:\/\/albunorte.pt\/catalogo\/datas-especiais\/produtos-natal\/folio-triplo-com-fita\/#breadcrumb","itemListElement":[{"@type":"ListItem","position":1,"name":"In\u00edcio","item":"https:\/\/albunorte.pt\/"},{"@type":"ListItem","position":2,"name":"Produtos","item":"https:\/\/albunorte.pt\/produtos\/"},{"@type":"ListItem","position":3,"name":"F\u00f3lio Triplo Com Fita"}]},{"@type":"WebSite","@id":"https:\/\/albunorte.pt\/#website","url":"https:\/\/albunorte.pt\/","name":"Albunorte","description":"Albuns Digitais","potentialAction":[{"@type":"SearchAction","target":{"@type":"EntryPoint","urlTemplate":"https:\/\/albunorte.pt\/?s={search_term_string}"},"query-input":{"@type":"PropertyValueSpecification","valueRequired":true,"valueName":"search_term_string"}}],"inLanguage":"en-GB"}]}},"_links":{"self":[{"href":"https:\/\/albunorte.pt\/en\/wp-json\/wp\/v2\/product\/28991","targetHints":{"allow":["GET"]}}],"collection":[{"href":"https:\/\/albunorte.pt\/en\/wp-json\/wp\/v2\/product"}],"about":[{"href":"https:\/\/albunorte.pt\/en\/wp-json\/wp\/v2\/types\/product"}],"wp:featuredmedia":[{"embeddable":true,"href":"https:\/\/albunorte.pt\/en\/wp-json\/wp\/v2\/media\/26608"}],"wp:attachment":[{"href":"https:\/\/albunorte.pt\/en\/wp-json\/wp\/v2\/media?parent=28991"}],"wp:term":[{"taxonomy":"product_brand","embeddable":true,"href":"https:\/\/albunorte.pt\/en\/wp-json\/wp\/v2\/product_brand?post=28991"},{"taxonomy":"product_cat","embeddable":true,"href":"https:\/\/albunorte.pt\/en\/wp-json\/wp\/v2\/product_cat?post=28991"},{"taxonomy":"product_tag","embeddable":true,"href":"https:\/\/albunorte.pt\/en\/wp-json\/wp\/v2\/product_tag?post=28991"}],"curies":[{"name":"wp","href":"https:\/\/api.w.org\/{rel}","templated":true}]}}