{"id":31088,"date":"2022-05-10T14:40:21","date_gmt":"2022-05-10T14:40:21","guid":{"rendered":"https:\/\/albunorte.pt\/?post_type=product&#038;p=31088"},"modified":"2026-03-24T09:24:05","modified_gmt":"2026-03-24T09:24:05","slug":"semi-digital-comunhao-5","status":"publish","type":"product","link":"https:\/\/albunorte.pt\/en\/catalogo\/convites\/lh\/semi-digital-comunhao-5\/","title":{"rendered":"Semi-Digital Comunh\u00e3o"},"content":{"rendered":"<p>\u00c1lbum semi-digital com grava\u00e7\u00e3o uv<\/p>\n<p><strong>Size:<\/strong> 10x15cm e 15x20cm<\/p>\n<p><strong>N\u00ba de folhas:<\/strong> 5 ou 10<\/p>\n<p>Folha Branca<\/p>","protected":false},"excerpt":{"rendered":"<p>\u00c1lbum semi-digital com grava\u00e7\u00e3o uv Tamanho: 10x15cm e 15x20cm N\u00ba de folhas: 5 ou 10 Folha Branca<\/p>","protected":false},"featured_media":31045,"template":"","meta":[],"product_brand":[],"product_cat":[819],"product_tag":[],"class_list":{"0":"post-31088","1":"product","2":"type-product","3":"status-publish","4":"has-post-thumbnail","6":"product_cat-lh","8":"first","9":"instock","10":"shipping-taxable","11":"purchasable","12":"product-type-simple"},"yoast_head":"<!-- This site is optimized with the Yoast SEO plugin v27.3 - https:\/\/yoast.com\/product\/yoast-seo-wordpress\/ -->\n<title>Semi-Digital Comunh\u00e3o - Albunorte<\/title>\n<meta name=\"robots\" content=\"index, follow, max-snippet:-1, max-image-preview:large, max-video-preview:-1\" \/>\n<link rel=\"canonical\" href=\"https:\/\/albunorte.pt\/en\/catalogo\/convites\/lh\/semi-digital-comunhao-5\/\" \/>\n<meta property=\"og:locale\" content=\"en_GB\" \/>\n<meta property=\"og:type\" content=\"article\" \/>\n<meta property=\"og:title\" content=\"Semi-Digital Comunh\u00e3o - Albunorte\" \/>\n<meta property=\"og:description\" content=\"\u00c1lbum semi-digital com grava\u00e7\u00e3o uv Tamanho: 10x15cm e 15x20cm N\u00ba de folhas: 5 ou 10 Folha Branca\" \/>\n<meta property=\"og:url\" content=\"https:\/\/albunorte.pt\/en\/catalogo\/convites\/lh\/semi-digital-comunhao-5\/\" \/>\n<meta property=\"og:site_name\" content=\"Albunorte\" \/>\n<meta property=\"article:modified_time\" content=\"2026-03-24T09:24:05+00:00\" \/>\n<meta property=\"og:image\" content=\"https:\/\/albunorte.pt\/wp-content\/uploads\/2022\/05\/46.jpg\" \/>\n\t<meta property=\"og:image:width\" content=\"600\" \/>\n\t<meta property=\"og:image:height\" content=\"720\" \/>\n\t<meta property=\"og:image:type\" content=\"image\/jpeg\" \/>\n<meta name=\"twitter:card\" content=\"summary_large_image\" \/>\n<meta name=\"twitter:label1\" content=\"Estimated reading time\" \/>\n\t<meta name=\"twitter:data1\" content=\"1 minute\" \/>\n<script type=\"application\/ld+json\" class=\"yoast-schema-graph\">{\"@context\":\"https:\\\/\\\/schema.org\",\"@graph\":[{\"@type\":\"WebPage\",\"@id\":\"https:\\\/\\\/albunorte.pt\\\/catalogo\\\/convites\\\/lh\\\/semi-digital-comunhao-5\\\/\",\"url\":\"https:\\\/\\\/albunorte.pt\\\/catalogo\\\/convites\\\/lh\\\/semi-digital-comunhao-5\\\/\",\"name\":\"Semi-Digital Comunh\u00e3o - Albunorte\",\"isPartOf\":{\"@id\":\"https:\\\/\\\/albunorte.pt\\\/#website\"},\"primaryImageOfPage\":{\"@id\":\"https:\\\/\\\/albunorte.pt\\\/catalogo\\\/convites\\\/lh\\\/semi-digital-comunhao-5\\\/#primaryimage\"},\"image\":{\"@id\":\"https:\\\/\\\/albunorte.pt\\\/catalogo\\\/convites\\\/lh\\\/semi-digital-comunhao-5\\\/#primaryimage\"},\"thumbnailUrl\":\"https:\\\/\\\/albunorte.pt\\\/wp-content\\\/uploads\\\/2022\\\/05\\\/46.jpg\",\"datePublished\":\"2022-05-10T14:40:21+00:00\",\"dateModified\":\"2026-03-24T09:24:05+00:00\",\"breadcrumb\":{\"@id\":\"https:\\\/\\\/albunorte.pt\\\/catalogo\\\/convites\\\/lh\\\/semi-digital-comunhao-5\\\/#breadcrumb\"},\"inLanguage\":\"en-GB\",\"potentialAction\":[{\"@type\":\"ReadAction\",\"target\":[\"https:\\\/\\\/albunorte.pt\\\/catalogo\\\/convites\\\/lh\\\/semi-digital-comunhao-5\\\/\"]}]},{\"@type\":\"ImageObject\",\"inLanguage\":\"en-GB\",\"@id\":\"https:\\\/\\\/albunorte.pt\\\/catalogo\\\/convites\\\/lh\\\/semi-digital-comunhao-5\\\/#primaryimage\",\"url\":\"https:\\\/\\\/albunorte.pt\\\/wp-content\\\/uploads\\\/2022\\\/05\\\/46.jpg\",\"contentUrl\":\"https:\\\/\\\/albunorte.pt\\\/wp-content\\\/uploads\\\/2022\\\/05\\\/46.jpg\",\"width\":600,\"height\":720},{\"@type\":\"BreadcrumbList\",\"@id\":\"https:\\\/\\\/albunorte.pt\\\/catalogo\\\/convites\\\/lh\\\/semi-digital-comunhao-5\\\/#breadcrumb\",\"itemListElement\":[{\"@type\":\"ListItem\",\"position\":1,\"name\":\"In\u00edcio\",\"item\":\"https:\\\/\\\/albunorte.pt\\\/\"},{\"@type\":\"ListItem\",\"position\":2,\"name\":\"Produtos\",\"item\":\"https:\\\/\\\/albunorte.pt\\\/produtos\\\/\"},{\"@type\":\"ListItem\",\"position\":3,\"name\":\"Semi-Digital Comunh\u00e3o\"}]},{\"@type\":\"WebSite\",\"@id\":\"https:\\\/\\\/albunorte.pt\\\/#website\",\"url\":\"https:\\\/\\\/albunorte.pt\\\/\",\"name\":\"Albunorte\",\"description\":\"Albuns Digitais\",\"potentialAction\":[{\"@type\":\"SearchAction\",\"target\":{\"@type\":\"EntryPoint\",\"urlTemplate\":\"https:\\\/\\\/albunorte.pt\\\/?s={search_term_string}\"},\"query-input\":{\"@type\":\"PropertyValueSpecification\",\"valueRequired\":true,\"valueName\":\"search_term_string\"}}],\"inLanguage\":\"en-GB\"}]}<\/script>\n<!-- \/ Yoast SEO plugin. -->","yoast_head_json":{"title":"Semi-Digital Comunh\u00e3o - Albunorte","robots":{"index":"index","follow":"follow","max-snippet":"max-snippet:-1","max-image-preview":"max-image-preview:large","max-video-preview":"max-video-preview:-1"},"canonical":"https:\/\/albunorte.pt\/en\/catalogo\/convites\/lh\/semi-digital-comunhao-5\/","og_locale":"en_GB","og_type":"article","og_title":"Semi-Digital Comunh\u00e3o - Albunorte","og_description":"\u00c1lbum semi-digital com grava\u00e7\u00e3o uv Tamanho: 10x15cm e 15x20cm N\u00ba de folhas: 5 ou 10 Folha Branca","og_url":"https:\/\/albunorte.pt\/en\/catalogo\/convites\/lh\/semi-digital-comunhao-5\/","og_site_name":"Albunorte","article_modified_time":"2026-03-24T09:24:05+00:00","og_image":[{"width":600,"height":720,"url":"https:\/\/albunorte.pt\/wp-content\/uploads\/2022\/05\/46.jpg","type":"image\/jpeg"}],"twitter_card":"summary_large_image","twitter_misc":{"Estimated reading time":"1 minute"},"schema":{"@context":"https:\/\/schema.org","@graph":[{"@type":"WebPage","@id":"https:\/\/albunorte.pt\/catalogo\/convites\/lh\/semi-digital-comunhao-5\/","url":"https:\/\/albunorte.pt\/catalogo\/convites\/lh\/semi-digital-comunhao-5\/","name":"Semi-Digital Comunh\u00e3o - Albunorte","isPartOf":{"@id":"https:\/\/albunorte.pt\/#website"},"primaryImageOfPage":{"@id":"https:\/\/albunorte.pt\/catalogo\/convites\/lh\/semi-digital-comunhao-5\/#primaryimage"},"image":{"@id":"https:\/\/albunorte.pt\/catalogo\/convites\/lh\/semi-digital-comunhao-5\/#primaryimage"},"thumbnailUrl":"https:\/\/albunorte.pt\/wp-content\/uploads\/2022\/05\/46.jpg","datePublished":"2022-05-10T14:40:21+00:00","dateModified":"2026-03-24T09:24:05+00:00","breadcrumb":{"@id":"https:\/\/albunorte.pt\/catalogo\/convites\/lh\/semi-digital-comunhao-5\/#breadcrumb"},"inLanguage":"en-GB","potentialAction":[{"@type":"ReadAction","target":["https:\/\/albunorte.pt\/catalogo\/convites\/lh\/semi-digital-comunhao-5\/"]}]},{"@type":"ImageObject","inLanguage":"en-GB","@id":"https:\/\/albunorte.pt\/catalogo\/convites\/lh\/semi-digital-comunhao-5\/#primaryimage","url":"https:\/\/albunorte.pt\/wp-content\/uploads\/2022\/05\/46.jpg","contentUrl":"https:\/\/albunorte.pt\/wp-content\/uploads\/2022\/05\/46.jpg","width":600,"height":720},{"@type":"BreadcrumbList","@id":"https:\/\/albunorte.pt\/catalogo\/convites\/lh\/semi-digital-comunhao-5\/#breadcrumb","itemListElement":[{"@type":"ListItem","position":1,"name":"In\u00edcio","item":"https:\/\/albunorte.pt\/"},{"@type":"ListItem","position":2,"name":"Produtos","item":"https:\/\/albunorte.pt\/produtos\/"},{"@type":"ListItem","position":3,"name":"Semi-Digital Comunh\u00e3o"}]},{"@type":"WebSite","@id":"https:\/\/albunorte.pt\/#website","url":"https:\/\/albunorte.pt\/","name":"Albunorte","description":"Albuns Digitais","potentialAction":[{"@type":"SearchAction","target":{"@type":"EntryPoint","urlTemplate":"https:\/\/albunorte.pt\/?s={search_term_string}"},"query-input":{"@type":"PropertyValueSpecification","valueRequired":true,"valueName":"search_term_string"}}],"inLanguage":"en-GB"}]}},"_links":{"self":[{"href":"https:\/\/albunorte.pt\/en\/wp-json\/wp\/v2\/product\/31088","targetHints":{"allow":["GET"]}}],"collection":[{"href":"https:\/\/albunorte.pt\/en\/wp-json\/wp\/v2\/product"}],"about":[{"href":"https:\/\/albunorte.pt\/en\/wp-json\/wp\/v2\/types\/product"}],"wp:featuredmedia":[{"embeddable":true,"href":"https:\/\/albunorte.pt\/en\/wp-json\/wp\/v2\/media\/31045"}],"wp:attachment":[{"href":"https:\/\/albunorte.pt\/en\/wp-json\/wp\/v2\/media?parent=31088"}],"wp:term":[{"taxonomy":"product_brand","embeddable":true,"href":"https:\/\/albunorte.pt\/en\/wp-json\/wp\/v2\/product_brand?post=31088"},{"taxonomy":"product_cat","embeddable":true,"href":"https:\/\/albunorte.pt\/en\/wp-json\/wp\/v2\/product_cat?post=31088"},{"taxonomy":"product_tag","embeddable":true,"href":"https:\/\/albunorte.pt\/en\/wp-json\/wp\/v2\/product_tag?post=31088"}],"curies":[{"name":"wp","href":"https:\/\/api.w.org\/{rel}","templated":true}]}}