{"id":31783,"date":"2022-07-06T10:39:00","date_gmt":"2022-07-06T10:39:00","guid":{"rendered":"https:\/\/albunorte.pt\/?post_type=product&#038;p=31783"},"modified":"2022-07-07T09:48:38","modified_gmt":"2022-07-07T09:48:38","slug":"album-pomba-e-calice","status":"publish","type":"product","link":"https:\/\/albunorte.pt\/en\/catalogo\/convites\/album-pomba-e-calice\/","title":{"rendered":"\u00c1lbum Pomba e C\u00e1lice"},"content":{"rendered":"<p><strong>Cor da folha<\/strong>: Branco<\/p>\n<p><strong>Quantidade de folhas<\/strong>: 25<\/p>\n<p><strong>Econ\u00f3mico normal<\/strong> \u2013 \u00c1lbum para colocar fotos 15x20cm ao alto e\/ou deitadas (Capa em foto plastificada e contra-capa em textura branca) \u2013 26.5\u00d724.5cm<\/p>","protected":false},"excerpt":{"rendered":"<p>Cor da folha: Branco Quantidade de folhas: 25 Econ\u00f3mico normal \u2013 \u00c1lbum para colocar fotos 15x20cm ao alto e\/ou deitadas (Capa em foto plastificada e contra-capa em textura branca) \u2013 26.5\u00d724.5cm<\/p>","protected":false},"featured_media":31798,"template":"","meta":[],"product_brand":[],"product_cat":[23],"product_tag":[],"class_list":{"0":"post-31783","1":"product","2":"type-product","3":"status-publish","4":"has-post-thumbnail","6":"product_cat-convites","8":"first","9":"instock","10":"shipping-taxable","11":"purchasable","12":"product-type-simple"},"yoast_head":"<!-- This site is optimized with the Yoast SEO plugin v27.3 - https:\/\/yoast.com\/product\/yoast-seo-wordpress\/ -->\n<title>\u00c1lbum Pomba e C\u00e1lice - Albunorte<\/title>\n<meta name=\"robots\" content=\"index, follow, max-snippet:-1, max-image-preview:large, max-video-preview:-1\" \/>\n<link rel=\"canonical\" href=\"https:\/\/albunorte.pt\/en\/catalogo\/albuns-analogicos\/albuns-economicos-comunhao\/album-pomba-e-calice\/\" \/>\n<meta property=\"og:locale\" content=\"en_GB\" \/>\n<meta property=\"og:type\" content=\"article\" \/>\n<meta property=\"og:title\" content=\"\u00c1lbum Pomba e C\u00e1lice - Albunorte\" \/>\n<meta property=\"og:description\" content=\"Cor da folha: Branco Quantidade de folhas: 25 Econ\u00f3mico normal \u2013 \u00c1lbum para colocar fotos 15x20cm ao alto e\/ou deitadas (Capa em foto plastificada e contra-capa em textura branca) \u2013 26.5\u00d724.5cm\" \/>\n<meta property=\"og:url\" content=\"https:\/\/albunorte.pt\/en\/catalogo\/albuns-analogicos\/albuns-economicos-comunhao\/album-pomba-e-calice\/\" \/>\n<meta property=\"og:site_name\" content=\"Albunorte\" \/>\n<meta property=\"article:modified_time\" content=\"2022-07-07T09:48:38+00:00\" \/>\n<meta property=\"og:image\" content=\"https:\/\/albunorte.pt\/wp-content\/uploads\/2022\/07\/EC2202-Azul.jpg\" \/>\n\t<meta property=\"og:image:width\" content=\"600\" \/>\n\t<meta property=\"og:image:height\" content=\"720\" \/>\n\t<meta property=\"og:image:type\" content=\"image\/jpeg\" \/>\n<meta name=\"twitter:card\" content=\"summary_large_image\" \/>\n<script type=\"application\/ld+json\" class=\"yoast-schema-graph\">{\"@context\":\"https:\\\/\\\/schema.org\",\"@graph\":[{\"@type\":\"WebPage\",\"@id\":\"https:\\\/\\\/albunorte.pt\\\/catalogo\\\/albuns-analogicos\\\/albuns-economicos-comunhao\\\/album-pomba-e-calice\\\/\",\"url\":\"https:\\\/\\\/albunorte.pt\\\/catalogo\\\/albuns-analogicos\\\/albuns-economicos-comunhao\\\/album-pomba-e-calice\\\/\",\"name\":\"\u00c1lbum Pomba e C\u00e1lice - Albunorte\",\"isPartOf\":{\"@id\":\"https:\\\/\\\/albunorte.pt\\\/#website\"},\"primaryImageOfPage\":{\"@id\":\"https:\\\/\\\/albunorte.pt\\\/catalogo\\\/albuns-analogicos\\\/albuns-economicos-comunhao\\\/album-pomba-e-calice\\\/#primaryimage\"},\"image\":{\"@id\":\"https:\\\/\\\/albunorte.pt\\\/catalogo\\\/albuns-analogicos\\\/albuns-economicos-comunhao\\\/album-pomba-e-calice\\\/#primaryimage\"},\"thumbnailUrl\":\"https:\\\/\\\/albunorte.pt\\\/wp-content\\\/uploads\\\/2022\\\/07\\\/EC2202-Azul.jpg\",\"datePublished\":\"2022-07-06T10:39:00+00:00\",\"dateModified\":\"2022-07-07T09:48:38+00:00\",\"breadcrumb\":{\"@id\":\"https:\\\/\\\/albunorte.pt\\\/catalogo\\\/albuns-analogicos\\\/albuns-economicos-comunhao\\\/album-pomba-e-calice\\\/#breadcrumb\"},\"inLanguage\":\"en-GB\",\"potentialAction\":[{\"@type\":\"ReadAction\",\"target\":[\"https:\\\/\\\/albunorte.pt\\\/catalogo\\\/albuns-analogicos\\\/albuns-economicos-comunhao\\\/album-pomba-e-calice\\\/\"]}]},{\"@type\":\"ImageObject\",\"inLanguage\":\"en-GB\",\"@id\":\"https:\\\/\\\/albunorte.pt\\\/catalogo\\\/albuns-analogicos\\\/albuns-economicos-comunhao\\\/album-pomba-e-calice\\\/#primaryimage\",\"url\":\"https:\\\/\\\/albunorte.pt\\\/wp-content\\\/uploads\\\/2022\\\/07\\\/EC2202-Azul.jpg\",\"contentUrl\":\"https:\\\/\\\/albunorte.pt\\\/wp-content\\\/uploads\\\/2022\\\/07\\\/EC2202-Azul.jpg\",\"width\":600,\"height\":720},{\"@type\":\"BreadcrumbList\",\"@id\":\"https:\\\/\\\/albunorte.pt\\\/catalogo\\\/albuns-analogicos\\\/albuns-economicos-comunhao\\\/album-pomba-e-calice\\\/#breadcrumb\",\"itemListElement\":[{\"@type\":\"ListItem\",\"position\":1,\"name\":\"In\u00edcio\",\"item\":\"https:\\\/\\\/albunorte.pt\\\/\"},{\"@type\":\"ListItem\",\"position\":2,\"name\":\"Produtos\",\"item\":\"https:\\\/\\\/albunorte.pt\\\/produtos\\\/\"},{\"@type\":\"ListItem\",\"position\":3,\"name\":\"\u00c1lbum Pomba e C\u00e1lice\"}]},{\"@type\":\"WebSite\",\"@id\":\"https:\\\/\\\/albunorte.pt\\\/#website\",\"url\":\"https:\\\/\\\/albunorte.pt\\\/\",\"name\":\"Albunorte\",\"description\":\"Albuns Digitais\",\"potentialAction\":[{\"@type\":\"SearchAction\",\"target\":{\"@type\":\"EntryPoint\",\"urlTemplate\":\"https:\\\/\\\/albunorte.pt\\\/?s={search_term_string}\"},\"query-input\":{\"@type\":\"PropertyValueSpecification\",\"valueRequired\":true,\"valueName\":\"search_term_string\"}}],\"inLanguage\":\"en-GB\"}]}<\/script>\n<!-- \/ Yoast SEO plugin. -->","yoast_head_json":{"title":"\u00c1lbum Pomba e C\u00e1lice - Albunorte","robots":{"index":"index","follow":"follow","max-snippet":"max-snippet:-1","max-image-preview":"max-image-preview:large","max-video-preview":"max-video-preview:-1"},"canonical":"https:\/\/albunorte.pt\/en\/catalogo\/albuns-analogicos\/albuns-economicos-comunhao\/album-pomba-e-calice\/","og_locale":"en_GB","og_type":"article","og_title":"\u00c1lbum Pomba e C\u00e1lice - Albunorte","og_description":"Cor da folha: Branco Quantidade de folhas: 25 Econ\u00f3mico normal \u2013 \u00c1lbum para colocar fotos 15x20cm ao alto e\/ou deitadas (Capa em foto plastificada e contra-capa em textura branca) \u2013 26.5\u00d724.5cm","og_url":"https:\/\/albunorte.pt\/en\/catalogo\/albuns-analogicos\/albuns-economicos-comunhao\/album-pomba-e-calice\/","og_site_name":"Albunorte","article_modified_time":"2022-07-07T09:48:38+00:00","og_image":[{"width":600,"height":720,"url":"https:\/\/albunorte.pt\/wp-content\/uploads\/2022\/07\/EC2202-Azul.jpg","type":"image\/jpeg"}],"twitter_card":"summary_large_image","schema":{"@context":"https:\/\/schema.org","@graph":[{"@type":"WebPage","@id":"https:\/\/albunorte.pt\/catalogo\/albuns-analogicos\/albuns-economicos-comunhao\/album-pomba-e-calice\/","url":"https:\/\/albunorte.pt\/catalogo\/albuns-analogicos\/albuns-economicos-comunhao\/album-pomba-e-calice\/","name":"\u00c1lbum Pomba e C\u00e1lice - Albunorte","isPartOf":{"@id":"https:\/\/albunorte.pt\/#website"},"primaryImageOfPage":{"@id":"https:\/\/albunorte.pt\/catalogo\/albuns-analogicos\/albuns-economicos-comunhao\/album-pomba-e-calice\/#primaryimage"},"image":{"@id":"https:\/\/albunorte.pt\/catalogo\/albuns-analogicos\/albuns-economicos-comunhao\/album-pomba-e-calice\/#primaryimage"},"thumbnailUrl":"https:\/\/albunorte.pt\/wp-content\/uploads\/2022\/07\/EC2202-Azul.jpg","datePublished":"2022-07-06T10:39:00+00:00","dateModified":"2022-07-07T09:48:38+00:00","breadcrumb":{"@id":"https:\/\/albunorte.pt\/catalogo\/albuns-analogicos\/albuns-economicos-comunhao\/album-pomba-e-calice\/#breadcrumb"},"inLanguage":"en-GB","potentialAction":[{"@type":"ReadAction","target":["https:\/\/albunorte.pt\/catalogo\/albuns-analogicos\/albuns-economicos-comunhao\/album-pomba-e-calice\/"]}]},{"@type":"ImageObject","inLanguage":"en-GB","@id":"https:\/\/albunorte.pt\/catalogo\/albuns-analogicos\/albuns-economicos-comunhao\/album-pomba-e-calice\/#primaryimage","url":"https:\/\/albunorte.pt\/wp-content\/uploads\/2022\/07\/EC2202-Azul.jpg","contentUrl":"https:\/\/albunorte.pt\/wp-content\/uploads\/2022\/07\/EC2202-Azul.jpg","width":600,"height":720},{"@type":"BreadcrumbList","@id":"https:\/\/albunorte.pt\/catalogo\/albuns-analogicos\/albuns-economicos-comunhao\/album-pomba-e-calice\/#breadcrumb","itemListElement":[{"@type":"ListItem","position":1,"name":"In\u00edcio","item":"https:\/\/albunorte.pt\/"},{"@type":"ListItem","position":2,"name":"Produtos","item":"https:\/\/albunorte.pt\/produtos\/"},{"@type":"ListItem","position":3,"name":"\u00c1lbum Pomba e C\u00e1lice"}]},{"@type":"WebSite","@id":"https:\/\/albunorte.pt\/#website","url":"https:\/\/albunorte.pt\/","name":"Albunorte","description":"Albuns Digitais","potentialAction":[{"@type":"SearchAction","target":{"@type":"EntryPoint","urlTemplate":"https:\/\/albunorte.pt\/?s={search_term_string}"},"query-input":{"@type":"PropertyValueSpecification","valueRequired":true,"valueName":"search_term_string"}}],"inLanguage":"en-GB"}]}},"_links":{"self":[{"href":"https:\/\/albunorte.pt\/en\/wp-json\/wp\/v2\/product\/31783","targetHints":{"allow":["GET"]}}],"collection":[{"href":"https:\/\/albunorte.pt\/en\/wp-json\/wp\/v2\/product"}],"about":[{"href":"https:\/\/albunorte.pt\/en\/wp-json\/wp\/v2\/types\/product"}],"wp:featuredmedia":[{"embeddable":true,"href":"https:\/\/albunorte.pt\/en\/wp-json\/wp\/v2\/media\/31798"}],"wp:attachment":[{"href":"https:\/\/albunorte.pt\/en\/wp-json\/wp\/v2\/media?parent=31783"}],"wp:term":[{"taxonomy":"product_brand","embeddable":true,"href":"https:\/\/albunorte.pt\/en\/wp-json\/wp\/v2\/product_brand?post=31783"},{"taxonomy":"product_cat","embeddable":true,"href":"https:\/\/albunorte.pt\/en\/wp-json\/wp\/v2\/product_cat?post=31783"},{"taxonomy":"product_tag","embeddable":true,"href":"https:\/\/albunorte.pt\/en\/wp-json\/wp\/v2\/product_tag?post=31783"}],"curies":[{"name":"wp","href":"https:\/\/api.w.org\/{rel}","templated":true}]}}