{"id":33655,"date":"2023-10-09T09:50:36","date_gmt":"2023-10-09T09:50:36","guid":{"rendered":"https:\/\/albunorte.pt\/?post_type=product&#038;p=33655"},"modified":"2023-10-10T08:00:23","modified_gmt":"2023-10-10T08:00:23","slug":"moldura-baloico","status":"publish","type":"product","link":"https:\/\/albunorte.pt\/en\/catalogo\/datas-especiais\/produtos-natal\/moldura-baloico\/","title":{"rendered":"Moldura baloi\u00e7o"},"content":{"rendered":"<p>Moldura baloi\u00e7o que possui um PVC 10X10 com pelicula autocolante.<\/p>\n<p>Foto n\u00e3o inclu\u00edda.<\/p>\n<p>&nbsp;<\/p>\n<p>Encomenda com a quantidade igual ou superior a 20 unidades 10% de desconto-\u00a0<strong>encomende por via email para obter o desconto.<\/strong><\/p>","protected":false},"excerpt":{"rendered":"<p>Moldura baloi\u00e7o que possui um PVC 10X10 com pelicula autocolante. Foto n\u00e3o inclu\u00edda. &nbsp; Encomenda com a quantidade igual ou superior a 20 unidades 10% de desconto-\u00a0encomende por via email para obter o desconto.<\/p>","protected":false},"featured_media":33509,"template":"","meta":[],"product_brand":[],"product_cat":[782,31,792],"product_tag":[],"class_list":{"0":"post-33655","1":"product","2":"type-product","3":"status-publish","4":"has-post-thumbnail","6":"product_cat-molduras-produtos-natal","7":"product_cat-produtos-natal","8":"product_cat-presentes-pequenos-produtos-natal","10":"first","11":"instock","12":"shipping-taxable","13":"purchasable","14":"product-type-simple"},"yoast_head":"<!-- This site is optimized with the Yoast SEO plugin v27.3 - https:\/\/yoast.com\/product\/yoast-seo-wordpress\/ -->\n<title>Moldura baloi\u00e7o - Albunorte<\/title>\n<meta name=\"robots\" content=\"index, follow, max-snippet:-1, max-image-preview:large, max-video-preview:-1\" \/>\n<link rel=\"canonical\" href=\"https:\/\/albunorte.pt\/en\/catalogo\/datas-especiais\/produtos-natal\/moldura-baloico\/\" \/>\n<meta property=\"og:locale\" content=\"en_GB\" \/>\n<meta property=\"og:type\" content=\"article\" \/>\n<meta property=\"og:title\" content=\"Moldura baloi\u00e7o - Albunorte\" \/>\n<meta property=\"og:description\" content=\"Moldura baloi\u00e7o que possui um PVC 10X10 com pelicula autocolante. Foto n\u00e3o inclu\u00edda. &nbsp; Encomenda com a quantidade igual ou superior a 20 unidades 10% de desconto-\u00a0encomende por via email para obter o desconto.\" \/>\n<meta property=\"og:url\" content=\"https:\/\/albunorte.pt\/en\/catalogo\/datas-especiais\/produtos-natal\/moldura-baloico\/\" \/>\n<meta property=\"og:site_name\" content=\"Albunorte\" \/>\n<meta property=\"article:modified_time\" content=\"2023-10-10T08:00:23+00:00\" \/>\n<meta property=\"og:image\" content=\"https:\/\/albunorte.pt\/wp-content\/uploads\/2023\/10\/IMG_3430.jpg\" \/>\n\t<meta property=\"og:image:width\" content=\"600\" \/>\n\t<meta property=\"og:image:height\" content=\"720\" \/>\n\t<meta property=\"og:image:type\" content=\"image\/jpeg\" \/>\n<meta name=\"twitter:card\" content=\"summary_large_image\" \/>\n<script type=\"application\/ld+json\" class=\"yoast-schema-graph\">{\"@context\":\"https:\\\/\\\/schema.org\",\"@graph\":[{\"@type\":\"WebPage\",\"@id\":\"https:\\\/\\\/albunorte.pt\\\/en\\\/catalogo\\\/datas-especiais\\\/produtos-natal\\\/moldura-baloico\\\/\",\"url\":\"https:\\\/\\\/albunorte.pt\\\/en\\\/catalogo\\\/datas-especiais\\\/produtos-natal\\\/moldura-baloico\\\/\",\"name\":\"Moldura baloi\u00e7o - Albunorte\",\"isPartOf\":{\"@id\":\"https:\\\/\\\/albunorte.pt\\\/#website\"},\"primaryImageOfPage\":{\"@id\":\"https:\\\/\\\/albunorte.pt\\\/en\\\/catalogo\\\/datas-especiais\\\/produtos-natal\\\/moldura-baloico\\\/#primaryimage\"},\"image\":{\"@id\":\"https:\\\/\\\/albunorte.pt\\\/en\\\/catalogo\\\/datas-especiais\\\/produtos-natal\\\/moldura-baloico\\\/#primaryimage\"},\"thumbnailUrl\":\"https:\\\/\\\/albunorte.pt\\\/wp-content\\\/uploads\\\/2023\\\/10\\\/IMG_3430.jpg\",\"datePublished\":\"2023-10-09T09:50:36+00:00\",\"dateModified\":\"2023-10-10T08:00:23+00:00\",\"breadcrumb\":{\"@id\":\"https:\\\/\\\/albunorte.pt\\\/en\\\/catalogo\\\/datas-especiais\\\/produtos-natal\\\/moldura-baloico\\\/#breadcrumb\"},\"inLanguage\":\"en-GB\",\"potentialAction\":[{\"@type\":\"ReadAction\",\"target\":[\"https:\\\/\\\/albunorte.pt\\\/en\\\/catalogo\\\/datas-especiais\\\/produtos-natal\\\/moldura-baloico\\\/\"]}]},{\"@type\":\"ImageObject\",\"inLanguage\":\"en-GB\",\"@id\":\"https:\\\/\\\/albunorte.pt\\\/en\\\/catalogo\\\/datas-especiais\\\/produtos-natal\\\/moldura-baloico\\\/#primaryimage\",\"url\":\"https:\\\/\\\/albunorte.pt\\\/wp-content\\\/uploads\\\/2023\\\/10\\\/IMG_3430.jpg\",\"contentUrl\":\"https:\\\/\\\/albunorte.pt\\\/wp-content\\\/uploads\\\/2023\\\/10\\\/IMG_3430.jpg\",\"width\":600,\"height\":720},{\"@type\":\"BreadcrumbList\",\"@id\":\"https:\\\/\\\/albunorte.pt\\\/en\\\/catalogo\\\/datas-especiais\\\/produtos-natal\\\/moldura-baloico\\\/#breadcrumb\",\"itemListElement\":[{\"@type\":\"ListItem\",\"position\":1,\"name\":\"In\u00edcio\",\"item\":\"https:\\\/\\\/albunorte.pt\\\/\"},{\"@type\":\"ListItem\",\"position\":2,\"name\":\"Produtos\",\"item\":\"https:\\\/\\\/albunorte.pt\\\/produtos\\\/\"},{\"@type\":\"ListItem\",\"position\":3,\"name\":\"Moldura baloi\u00e7o\"}]},{\"@type\":\"WebSite\",\"@id\":\"https:\\\/\\\/albunorte.pt\\\/#website\",\"url\":\"https:\\\/\\\/albunorte.pt\\\/\",\"name\":\"Albunorte\",\"description\":\"Albuns Digitais\",\"potentialAction\":[{\"@type\":\"SearchAction\",\"target\":{\"@type\":\"EntryPoint\",\"urlTemplate\":\"https:\\\/\\\/albunorte.pt\\\/?s={search_term_string}\"},\"query-input\":{\"@type\":\"PropertyValueSpecification\",\"valueRequired\":true,\"valueName\":\"search_term_string\"}}],\"inLanguage\":\"en-GB\"}]}<\/script>\n<!-- \/ Yoast SEO plugin. -->","yoast_head_json":{"title":"Moldura baloi\u00e7o - Albunorte","robots":{"index":"index","follow":"follow","max-snippet":"max-snippet:-1","max-image-preview":"max-image-preview:large","max-video-preview":"max-video-preview:-1"},"canonical":"https:\/\/albunorte.pt\/en\/catalogo\/datas-especiais\/produtos-natal\/moldura-baloico\/","og_locale":"en_GB","og_type":"article","og_title":"Moldura baloi\u00e7o - Albunorte","og_description":"Moldura baloi\u00e7o que possui um PVC 10X10 com pelicula autocolante. Foto n\u00e3o inclu\u00edda. &nbsp; Encomenda com a quantidade igual ou superior a 20 unidades 10% de desconto-\u00a0encomende por via email para obter o desconto.","og_url":"https:\/\/albunorte.pt\/en\/catalogo\/datas-especiais\/produtos-natal\/moldura-baloico\/","og_site_name":"Albunorte","article_modified_time":"2023-10-10T08:00:23+00:00","og_image":[{"width":600,"height":720,"url":"https:\/\/albunorte.pt\/wp-content\/uploads\/2023\/10\/IMG_3430.jpg","type":"image\/jpeg"}],"twitter_card":"summary_large_image","schema":{"@context":"https:\/\/schema.org","@graph":[{"@type":"WebPage","@id":"https:\/\/albunorte.pt\/en\/catalogo\/datas-especiais\/produtos-natal\/moldura-baloico\/","url":"https:\/\/albunorte.pt\/en\/catalogo\/datas-especiais\/produtos-natal\/moldura-baloico\/","name":"Moldura baloi\u00e7o - Albunorte","isPartOf":{"@id":"https:\/\/albunorte.pt\/#website"},"primaryImageOfPage":{"@id":"https:\/\/albunorte.pt\/en\/catalogo\/datas-especiais\/produtos-natal\/moldura-baloico\/#primaryimage"},"image":{"@id":"https:\/\/albunorte.pt\/en\/catalogo\/datas-especiais\/produtos-natal\/moldura-baloico\/#primaryimage"},"thumbnailUrl":"https:\/\/albunorte.pt\/wp-content\/uploads\/2023\/10\/IMG_3430.jpg","datePublished":"2023-10-09T09:50:36+00:00","dateModified":"2023-10-10T08:00:23+00:00","breadcrumb":{"@id":"https:\/\/albunorte.pt\/en\/catalogo\/datas-especiais\/produtos-natal\/moldura-baloico\/#breadcrumb"},"inLanguage":"en-GB","potentialAction":[{"@type":"ReadAction","target":["https:\/\/albunorte.pt\/en\/catalogo\/datas-especiais\/produtos-natal\/moldura-baloico\/"]}]},{"@type":"ImageObject","inLanguage":"en-GB","@id":"https:\/\/albunorte.pt\/en\/catalogo\/datas-especiais\/produtos-natal\/moldura-baloico\/#primaryimage","url":"https:\/\/albunorte.pt\/wp-content\/uploads\/2023\/10\/IMG_3430.jpg","contentUrl":"https:\/\/albunorte.pt\/wp-content\/uploads\/2023\/10\/IMG_3430.jpg","width":600,"height":720},{"@type":"BreadcrumbList","@id":"https:\/\/albunorte.pt\/en\/catalogo\/datas-especiais\/produtos-natal\/moldura-baloico\/#breadcrumb","itemListElement":[{"@type":"ListItem","position":1,"name":"In\u00edcio","item":"https:\/\/albunorte.pt\/"},{"@type":"ListItem","position":2,"name":"Produtos","item":"https:\/\/albunorte.pt\/produtos\/"},{"@type":"ListItem","position":3,"name":"Moldura baloi\u00e7o"}]},{"@type":"WebSite","@id":"https:\/\/albunorte.pt\/#website","url":"https:\/\/albunorte.pt\/","name":"Albunorte","description":"Albuns Digitais","potentialAction":[{"@type":"SearchAction","target":{"@type":"EntryPoint","urlTemplate":"https:\/\/albunorte.pt\/?s={search_term_string}"},"query-input":{"@type":"PropertyValueSpecification","valueRequired":true,"valueName":"search_term_string"}}],"inLanguage":"en-GB"}]}},"_links":{"self":[{"href":"https:\/\/albunorte.pt\/en\/wp-json\/wp\/v2\/product\/33655","targetHints":{"allow":["GET"]}}],"collection":[{"href":"https:\/\/albunorte.pt\/en\/wp-json\/wp\/v2\/product"}],"about":[{"href":"https:\/\/albunorte.pt\/en\/wp-json\/wp\/v2\/types\/product"}],"wp:featuredmedia":[{"embeddable":true,"href":"https:\/\/albunorte.pt\/en\/wp-json\/wp\/v2\/media\/33509"}],"wp:attachment":[{"href":"https:\/\/albunorte.pt\/en\/wp-json\/wp\/v2\/media?parent=33655"}],"wp:term":[{"taxonomy":"product_brand","embeddable":true,"href":"https:\/\/albunorte.pt\/en\/wp-json\/wp\/v2\/product_brand?post=33655"},{"taxonomy":"product_cat","embeddable":true,"href":"https:\/\/albunorte.pt\/en\/wp-json\/wp\/v2\/product_cat?post=33655"},{"taxonomy":"product_tag","embeddable":true,"href":"https:\/\/albunorte.pt\/en\/wp-json\/wp\/v2\/product_tag?post=33655"}],"curies":[{"name":"wp","href":"https:\/\/api.w.org\/{rel}","templated":true}]}}