{"id":33994,"date":"2024-02-20T09:53:02","date_gmt":"2024-02-20T09:53:02","guid":{"rendered":"https:\/\/albunorte.pt\/?post_type=product&#038;p=33994"},"modified":"2024-04-04T17:02:22","modified_gmt":"2024-04-04T17:02:22","slug":"moldura-camara-fotografica-copia-2","status":"publish","type":"product","link":"https:\/\/albunorte.pt\/en\/catalogo\/datas-especiais\/dia-pai\/molduras-dia-pai\/moldura-camara-fotografica-copia-2\/","title":{"rendered":"Moldura duas fotos"},"content":{"rendered":"<p>Moldura para fotografias 9&#215;9 com frase personaliz\u00e1vel.<\/p>\n<p>Fotografias n\u00e3o inclu\u00edda.<\/p>\n<p>&nbsp;<\/p>","protected":false},"excerpt":{"rendered":"<p>Moldura para fotografias 9&#215;9 com frase personaliz\u00e1vel. Fotografias n\u00e3o inclu\u00edda. &nbsp;<\/p>","protected":false},"featured_media":33956,"template":"","meta":[],"product_brand":[],"product_cat":[546,754],"product_tag":[],"class_list":{"0":"post-33994","1":"product","2":"type-product","3":"status-publish","4":"has-post-thumbnail","6":"product_cat-dia-pai","7":"product_cat-molduras-dia-pai","9":"first","10":"outofstock","11":"shipping-taxable","12":"purchasable","13":"product-type-simple"},"yoast_head":"<!-- This site is optimized with the Yoast SEO plugin v27.3 - https:\/\/yoast.com\/product\/yoast-seo-wordpress\/ -->\n<title>Moldura duas fotos - Albunorte<\/title>\n<meta name=\"robots\" content=\"index, follow, max-snippet:-1, max-image-preview:large, max-video-preview:-1\" \/>\n<link rel=\"canonical\" href=\"https:\/\/albunorte.pt\/en\/catalogo\/datas-especiais\/dia-pai\/molduras-dia-pai\/moldura-camara-fotografica-copia-2\/\" \/>\n<meta property=\"og:locale\" content=\"en_GB\" \/>\n<meta property=\"og:type\" content=\"article\" \/>\n<meta property=\"og:title\" content=\"Moldura duas fotos - Albunorte\" \/>\n<meta property=\"og:description\" content=\"Moldura para fotografias 9&#215;9 com frase personaliz\u00e1vel. Fotografias n\u00e3o inclu\u00edda. &nbsp;\" \/>\n<meta property=\"og:url\" content=\"https:\/\/albunorte.pt\/en\/catalogo\/datas-especiais\/dia-pai\/molduras-dia-pai\/moldura-camara-fotografica-copia-2\/\" \/>\n<meta property=\"og:site_name\" content=\"Albunorte\" \/>\n<meta property=\"article:modified_time\" content=\"2024-04-04T17:02:22+00:00\" \/>\n<meta property=\"og:image\" content=\"https:\/\/albunorte.pt\/wp-content\/uploads\/2024\/02\/Imagem-WhatsApp-2024-02-19-as-17.55.09_b50d5b79.jpg\" \/>\n\t<meta property=\"og:image:width\" content=\"600\" \/>\n\t<meta property=\"og:image:height\" content=\"720\" \/>\n\t<meta property=\"og:image:type\" content=\"image\/jpeg\" \/>\n<meta name=\"twitter:card\" content=\"summary_large_image\" \/>\n<meta name=\"twitter:label1\" content=\"Estimated reading time\" \/>\n\t<meta name=\"twitter:data1\" content=\"1 minute\" \/>\n<script type=\"application\/ld+json\" class=\"yoast-schema-graph\">{\"@context\":\"https:\\\/\\\/schema.org\",\"@graph\":[{\"@type\":\"WebPage\",\"@id\":\"https:\\\/\\\/albunorte.pt\\\/catalogo\\\/datas-especiais\\\/dia-pai\\\/molduras-dia-pai\\\/moldura-camara-fotografica-copia-2\\\/\",\"url\":\"https:\\\/\\\/albunorte.pt\\\/catalogo\\\/datas-especiais\\\/dia-pai\\\/molduras-dia-pai\\\/moldura-camara-fotografica-copia-2\\\/\",\"name\":\"Moldura duas fotos - Albunorte\",\"isPartOf\":{\"@id\":\"https:\\\/\\\/albunorte.pt\\\/#website\"},\"primaryImageOfPage\":{\"@id\":\"https:\\\/\\\/albunorte.pt\\\/catalogo\\\/datas-especiais\\\/dia-pai\\\/molduras-dia-pai\\\/moldura-camara-fotografica-copia-2\\\/#primaryimage\"},\"image\":{\"@id\":\"https:\\\/\\\/albunorte.pt\\\/catalogo\\\/datas-especiais\\\/dia-pai\\\/molduras-dia-pai\\\/moldura-camara-fotografica-copia-2\\\/#primaryimage\"},\"thumbnailUrl\":\"https:\\\/\\\/albunorte.pt\\\/wp-content\\\/uploads\\\/2024\\\/02\\\/Imagem-WhatsApp-2024-02-19-as-17.55.09_b50d5b79.jpg\",\"datePublished\":\"2024-02-20T09:53:02+00:00\",\"dateModified\":\"2024-04-04T17:02:22+00:00\",\"breadcrumb\":{\"@id\":\"https:\\\/\\\/albunorte.pt\\\/catalogo\\\/datas-especiais\\\/dia-pai\\\/molduras-dia-pai\\\/moldura-camara-fotografica-copia-2\\\/#breadcrumb\"},\"inLanguage\":\"en-GB\",\"potentialAction\":[{\"@type\":\"ReadAction\",\"target\":[\"https:\\\/\\\/albunorte.pt\\\/catalogo\\\/datas-especiais\\\/dia-pai\\\/molduras-dia-pai\\\/moldura-camara-fotografica-copia-2\\\/\"]}]},{\"@type\":\"ImageObject\",\"inLanguage\":\"en-GB\",\"@id\":\"https:\\\/\\\/albunorte.pt\\\/catalogo\\\/datas-especiais\\\/dia-pai\\\/molduras-dia-pai\\\/moldura-camara-fotografica-copia-2\\\/#primaryimage\",\"url\":\"https:\\\/\\\/albunorte.pt\\\/wp-content\\\/uploads\\\/2024\\\/02\\\/Imagem-WhatsApp-2024-02-19-as-17.55.09_b50d5b79.jpg\",\"contentUrl\":\"https:\\\/\\\/albunorte.pt\\\/wp-content\\\/uploads\\\/2024\\\/02\\\/Imagem-WhatsApp-2024-02-19-as-17.55.09_b50d5b79.jpg\",\"width\":600,\"height\":720},{\"@type\":\"BreadcrumbList\",\"@id\":\"https:\\\/\\\/albunorte.pt\\\/catalogo\\\/datas-especiais\\\/dia-pai\\\/molduras-dia-pai\\\/moldura-camara-fotografica-copia-2\\\/#breadcrumb\",\"itemListElement\":[{\"@type\":\"ListItem\",\"position\":1,\"name\":\"In\u00edcio\",\"item\":\"https:\\\/\\\/albunorte.pt\\\/\"},{\"@type\":\"ListItem\",\"position\":2,\"name\":\"Produtos\",\"item\":\"https:\\\/\\\/albunorte.pt\\\/produtos\\\/\"},{\"@type\":\"ListItem\",\"position\":3,\"name\":\"Moldura duas fotos\"}]},{\"@type\":\"WebSite\",\"@id\":\"https:\\\/\\\/albunorte.pt\\\/#website\",\"url\":\"https:\\\/\\\/albunorte.pt\\\/\",\"name\":\"Albunorte\",\"description\":\"Albuns Digitais\",\"potentialAction\":[{\"@type\":\"SearchAction\",\"target\":{\"@type\":\"EntryPoint\",\"urlTemplate\":\"https:\\\/\\\/albunorte.pt\\\/?s={search_term_string}\"},\"query-input\":{\"@type\":\"PropertyValueSpecification\",\"valueRequired\":true,\"valueName\":\"search_term_string\"}}],\"inLanguage\":\"en-GB\"}]}<\/script>\n<!-- \/ Yoast SEO plugin. -->","yoast_head_json":{"title":"Moldura duas fotos - Albunorte","robots":{"index":"index","follow":"follow","max-snippet":"max-snippet:-1","max-image-preview":"max-image-preview:large","max-video-preview":"max-video-preview:-1"},"canonical":"https:\/\/albunorte.pt\/en\/catalogo\/datas-especiais\/dia-pai\/molduras-dia-pai\/moldura-camara-fotografica-copia-2\/","og_locale":"en_GB","og_type":"article","og_title":"Moldura duas fotos - Albunorte","og_description":"Moldura para fotografias 9&#215;9 com frase personaliz\u00e1vel. Fotografias n\u00e3o inclu\u00edda. &nbsp;","og_url":"https:\/\/albunorte.pt\/en\/catalogo\/datas-especiais\/dia-pai\/molduras-dia-pai\/moldura-camara-fotografica-copia-2\/","og_site_name":"Albunorte","article_modified_time":"2024-04-04T17:02:22+00:00","og_image":[{"width":600,"height":720,"url":"https:\/\/albunorte.pt\/wp-content\/uploads\/2024\/02\/Imagem-WhatsApp-2024-02-19-as-17.55.09_b50d5b79.jpg","type":"image\/jpeg"}],"twitter_card":"summary_large_image","twitter_misc":{"Estimated reading time":"1 minute"},"schema":{"@context":"https:\/\/schema.org","@graph":[{"@type":"WebPage","@id":"https:\/\/albunorte.pt\/catalogo\/datas-especiais\/dia-pai\/molduras-dia-pai\/moldura-camara-fotografica-copia-2\/","url":"https:\/\/albunorte.pt\/catalogo\/datas-especiais\/dia-pai\/molduras-dia-pai\/moldura-camara-fotografica-copia-2\/","name":"Moldura duas fotos - Albunorte","isPartOf":{"@id":"https:\/\/albunorte.pt\/#website"},"primaryImageOfPage":{"@id":"https:\/\/albunorte.pt\/catalogo\/datas-especiais\/dia-pai\/molduras-dia-pai\/moldura-camara-fotografica-copia-2\/#primaryimage"},"image":{"@id":"https:\/\/albunorte.pt\/catalogo\/datas-especiais\/dia-pai\/molduras-dia-pai\/moldura-camara-fotografica-copia-2\/#primaryimage"},"thumbnailUrl":"https:\/\/albunorte.pt\/wp-content\/uploads\/2024\/02\/Imagem-WhatsApp-2024-02-19-as-17.55.09_b50d5b79.jpg","datePublished":"2024-02-20T09:53:02+00:00","dateModified":"2024-04-04T17:02:22+00:00","breadcrumb":{"@id":"https:\/\/albunorte.pt\/catalogo\/datas-especiais\/dia-pai\/molduras-dia-pai\/moldura-camara-fotografica-copia-2\/#breadcrumb"},"inLanguage":"en-GB","potentialAction":[{"@type":"ReadAction","target":["https:\/\/albunorte.pt\/catalogo\/datas-especiais\/dia-pai\/molduras-dia-pai\/moldura-camara-fotografica-copia-2\/"]}]},{"@type":"ImageObject","inLanguage":"en-GB","@id":"https:\/\/albunorte.pt\/catalogo\/datas-especiais\/dia-pai\/molduras-dia-pai\/moldura-camara-fotografica-copia-2\/#primaryimage","url":"https:\/\/albunorte.pt\/wp-content\/uploads\/2024\/02\/Imagem-WhatsApp-2024-02-19-as-17.55.09_b50d5b79.jpg","contentUrl":"https:\/\/albunorte.pt\/wp-content\/uploads\/2024\/02\/Imagem-WhatsApp-2024-02-19-as-17.55.09_b50d5b79.jpg","width":600,"height":720},{"@type":"BreadcrumbList","@id":"https:\/\/albunorte.pt\/catalogo\/datas-especiais\/dia-pai\/molduras-dia-pai\/moldura-camara-fotografica-copia-2\/#breadcrumb","itemListElement":[{"@type":"ListItem","position":1,"name":"In\u00edcio","item":"https:\/\/albunorte.pt\/"},{"@type":"ListItem","position":2,"name":"Produtos","item":"https:\/\/albunorte.pt\/produtos\/"},{"@type":"ListItem","position":3,"name":"Moldura duas fotos"}]},{"@type":"WebSite","@id":"https:\/\/albunorte.pt\/#website","url":"https:\/\/albunorte.pt\/","name":"Albunorte","description":"Albuns Digitais","potentialAction":[{"@type":"SearchAction","target":{"@type":"EntryPoint","urlTemplate":"https:\/\/albunorte.pt\/?s={search_term_string}"},"query-input":{"@type":"PropertyValueSpecification","valueRequired":true,"valueName":"search_term_string"}}],"inLanguage":"en-GB"}]}},"_links":{"self":[{"href":"https:\/\/albunorte.pt\/en\/wp-json\/wp\/v2\/product\/33994","targetHints":{"allow":["GET"]}}],"collection":[{"href":"https:\/\/albunorte.pt\/en\/wp-json\/wp\/v2\/product"}],"about":[{"href":"https:\/\/albunorte.pt\/en\/wp-json\/wp\/v2\/types\/product"}],"wp:featuredmedia":[{"embeddable":true,"href":"https:\/\/albunorte.pt\/en\/wp-json\/wp\/v2\/media\/33956"}],"wp:attachment":[{"href":"https:\/\/albunorte.pt\/en\/wp-json\/wp\/v2\/media?parent=33994"}],"wp:term":[{"taxonomy":"product_brand","embeddable":true,"href":"https:\/\/albunorte.pt\/en\/wp-json\/wp\/v2\/product_brand?post=33994"},{"taxonomy":"product_cat","embeddable":true,"href":"https:\/\/albunorte.pt\/en\/wp-json\/wp\/v2\/product_cat?post=33994"},{"taxonomy":"product_tag","embeddable":true,"href":"https:\/\/albunorte.pt\/en\/wp-json\/wp\/v2\/product_tag?post=33994"}],"curies":[{"name":"wp","href":"https:\/\/api.w.org\/{rel}","templated":true}]}}