{"id":34240,"date":"2024-03-07T17:09:35","date_gmt":"2024-03-07T17:09:35","guid":{"rendered":"https:\/\/albunorte.pt\/?post_type=product&#038;p=34240"},"modified":"2024-03-07T17:14:55","modified_gmt":"2024-03-07T17:14:55","slug":"moldura-harmoflor","status":"publish","type":"product","link":"https:\/\/albunorte.pt\/en\/catalogo\/datas-especiais\/padrinhos\/molduras-padrinhos\/moldura-harmoflor\/","title":{"rendered":"Moldura Harmoflor"},"content":{"rendered":"<p>Harmonica para 10 fotos 15&#215;20<br \/>\nFrase personaliz\u00e1vel na base.<\/p>\n<p>Decora\u00e7\u00e3o varia consoante stock existente.<\/p>\n<p>Fotografias n\u00e3o inclu\u00eddas.<\/p>\n<p>&nbsp;<\/p>\n<p>&nbsp;<\/p>","protected":false},"excerpt":{"rendered":"<p>Harmonica para 10 fotos 15&#215;20 Frase personaliz\u00e1vel na base. Decora\u00e7\u00e3o varia consoante stock existente. Fotografias n\u00e3o inclu\u00eddas. &nbsp; &nbsp;<\/p>","protected":false},"featured_media":34151,"template":"","meta":[],"product_brand":[],"product_cat":[736,735,547],"product_tag":[],"class_list":{"0":"post-34240","1":"product","2":"type-product","3":"status-publish","4":"has-post-thumbnail","6":"product_cat-conjuntos","7":"product_cat-molduras-padrinhos","8":"product_cat-padrinhos","10":"first","11":"instock","12":"shipping-taxable","13":"purchasable","14":"product-type-simple"},"yoast_head":"<!-- This site is optimized with the Yoast SEO plugin v27.3 - https:\/\/yoast.com\/product\/yoast-seo-wordpress\/ -->\n<title>Moldura Harmoflor - Albunorte<\/title>\n<meta name=\"robots\" content=\"index, follow, max-snippet:-1, max-image-preview:large, max-video-preview:-1\" \/>\n<link rel=\"canonical\" href=\"https:\/\/albunorte.pt\/en\/catalogo\/datas-especiais\/padrinhos\/molduras-padrinhos\/moldura-harmoflor\/\" \/>\n<meta property=\"og:locale\" content=\"en_GB\" \/>\n<meta property=\"og:type\" content=\"article\" \/>\n<meta property=\"og:title\" content=\"Moldura Harmoflor - Albunorte\" \/>\n<meta property=\"og:description\" content=\"Harmonica para 10 fotos 15&#215;20 Frase personaliz\u00e1vel na base. Decora\u00e7\u00e3o varia consoante stock existente. Fotografias n\u00e3o inclu\u00eddas. &nbsp; &nbsp;\" \/>\n<meta property=\"og:url\" content=\"https:\/\/albunorte.pt\/en\/catalogo\/datas-especiais\/padrinhos\/molduras-padrinhos\/moldura-harmoflor\/\" \/>\n<meta property=\"og:site_name\" content=\"Albunorte\" \/>\n<meta property=\"article:modified_time\" content=\"2024-03-07T17:14:55+00:00\" \/>\n<meta property=\"og:image\" content=\"https:\/\/albunorte.pt\/wp-content\/uploads\/2024\/03\/IMG-20240307-WA0033.jpg\" \/>\n\t<meta property=\"og:image:width\" content=\"600\" \/>\n\t<meta property=\"og:image:height\" content=\"720\" \/>\n\t<meta property=\"og:image:type\" content=\"image\/jpeg\" \/>\n<meta name=\"twitter:card\" content=\"summary_large_image\" \/>\n<meta name=\"twitter:label1\" content=\"Estimated reading time\" \/>\n\t<meta name=\"twitter:data1\" content=\"1 minute\" \/>\n<script type=\"application\/ld+json\" class=\"yoast-schema-graph\">{\"@context\":\"https:\\\/\\\/schema.org\",\"@graph\":[{\"@type\":\"WebPage\",\"@id\":\"https:\\\/\\\/albunorte.pt\\\/catalogo\\\/datas-especiais\\\/padrinhos\\\/molduras-padrinhos\\\/moldura-harmoflor\\\/\",\"url\":\"https:\\\/\\\/albunorte.pt\\\/catalogo\\\/datas-especiais\\\/padrinhos\\\/molduras-padrinhos\\\/moldura-harmoflor\\\/\",\"name\":\"Moldura Harmoflor - Albunorte\",\"isPartOf\":{\"@id\":\"https:\\\/\\\/albunorte.pt\\\/#website\"},\"primaryImageOfPage\":{\"@id\":\"https:\\\/\\\/albunorte.pt\\\/catalogo\\\/datas-especiais\\\/padrinhos\\\/molduras-padrinhos\\\/moldura-harmoflor\\\/#primaryimage\"},\"image\":{\"@id\":\"https:\\\/\\\/albunorte.pt\\\/catalogo\\\/datas-especiais\\\/padrinhos\\\/molduras-padrinhos\\\/moldura-harmoflor\\\/#primaryimage\"},\"thumbnailUrl\":\"https:\\\/\\\/albunorte.pt\\\/wp-content\\\/uploads\\\/2024\\\/03\\\/IMG-20240307-WA0033.jpg\",\"datePublished\":\"2024-03-07T17:09:35+00:00\",\"dateModified\":\"2024-03-07T17:14:55+00:00\",\"breadcrumb\":{\"@id\":\"https:\\\/\\\/albunorte.pt\\\/catalogo\\\/datas-especiais\\\/padrinhos\\\/molduras-padrinhos\\\/moldura-harmoflor\\\/#breadcrumb\"},\"inLanguage\":\"en-GB\",\"potentialAction\":[{\"@type\":\"ReadAction\",\"target\":[\"https:\\\/\\\/albunorte.pt\\\/catalogo\\\/datas-especiais\\\/padrinhos\\\/molduras-padrinhos\\\/moldura-harmoflor\\\/\"]}]},{\"@type\":\"ImageObject\",\"inLanguage\":\"en-GB\",\"@id\":\"https:\\\/\\\/albunorte.pt\\\/catalogo\\\/datas-especiais\\\/padrinhos\\\/molduras-padrinhos\\\/moldura-harmoflor\\\/#primaryimage\",\"url\":\"https:\\\/\\\/albunorte.pt\\\/wp-content\\\/uploads\\\/2024\\\/03\\\/IMG-20240307-WA0033.jpg\",\"contentUrl\":\"https:\\\/\\\/albunorte.pt\\\/wp-content\\\/uploads\\\/2024\\\/03\\\/IMG-20240307-WA0033.jpg\",\"width\":600,\"height\":720},{\"@type\":\"BreadcrumbList\",\"@id\":\"https:\\\/\\\/albunorte.pt\\\/catalogo\\\/datas-especiais\\\/padrinhos\\\/molduras-padrinhos\\\/moldura-harmoflor\\\/#breadcrumb\",\"itemListElement\":[{\"@type\":\"ListItem\",\"position\":1,\"name\":\"In\u00edcio\",\"item\":\"https:\\\/\\\/albunorte.pt\\\/\"},{\"@type\":\"ListItem\",\"position\":2,\"name\":\"Produtos\",\"item\":\"https:\\\/\\\/albunorte.pt\\\/produtos\\\/\"},{\"@type\":\"ListItem\",\"position\":3,\"name\":\"Moldura Harmoflor\"}]},{\"@type\":\"WebSite\",\"@id\":\"https:\\\/\\\/albunorte.pt\\\/#website\",\"url\":\"https:\\\/\\\/albunorte.pt\\\/\",\"name\":\"Albunorte\",\"description\":\"Albuns Digitais\",\"potentialAction\":[{\"@type\":\"SearchAction\",\"target\":{\"@type\":\"EntryPoint\",\"urlTemplate\":\"https:\\\/\\\/albunorte.pt\\\/?s={search_term_string}\"},\"query-input\":{\"@type\":\"PropertyValueSpecification\",\"valueRequired\":true,\"valueName\":\"search_term_string\"}}],\"inLanguage\":\"en-GB\"}]}<\/script>\n<!-- \/ Yoast SEO plugin. -->","yoast_head_json":{"title":"Moldura Harmoflor - Albunorte","robots":{"index":"index","follow":"follow","max-snippet":"max-snippet:-1","max-image-preview":"max-image-preview:large","max-video-preview":"max-video-preview:-1"},"canonical":"https:\/\/albunorte.pt\/en\/catalogo\/datas-especiais\/padrinhos\/molduras-padrinhos\/moldura-harmoflor\/","og_locale":"en_GB","og_type":"article","og_title":"Moldura Harmoflor - Albunorte","og_description":"Harmonica para 10 fotos 15&#215;20 Frase personaliz\u00e1vel na base. Decora\u00e7\u00e3o varia consoante stock existente. Fotografias n\u00e3o inclu\u00eddas. &nbsp; &nbsp;","og_url":"https:\/\/albunorte.pt\/en\/catalogo\/datas-especiais\/padrinhos\/molduras-padrinhos\/moldura-harmoflor\/","og_site_name":"Albunorte","article_modified_time":"2024-03-07T17:14:55+00:00","og_image":[{"width":600,"height":720,"url":"https:\/\/albunorte.pt\/wp-content\/uploads\/2024\/03\/IMG-20240307-WA0033.jpg","type":"image\/jpeg"}],"twitter_card":"summary_large_image","twitter_misc":{"Estimated reading time":"1 minute"},"schema":{"@context":"https:\/\/schema.org","@graph":[{"@type":"WebPage","@id":"https:\/\/albunorte.pt\/catalogo\/datas-especiais\/padrinhos\/molduras-padrinhos\/moldura-harmoflor\/","url":"https:\/\/albunorte.pt\/catalogo\/datas-especiais\/padrinhos\/molduras-padrinhos\/moldura-harmoflor\/","name":"Moldura Harmoflor - Albunorte","isPartOf":{"@id":"https:\/\/albunorte.pt\/#website"},"primaryImageOfPage":{"@id":"https:\/\/albunorte.pt\/catalogo\/datas-especiais\/padrinhos\/molduras-padrinhos\/moldura-harmoflor\/#primaryimage"},"image":{"@id":"https:\/\/albunorte.pt\/catalogo\/datas-especiais\/padrinhos\/molduras-padrinhos\/moldura-harmoflor\/#primaryimage"},"thumbnailUrl":"https:\/\/albunorte.pt\/wp-content\/uploads\/2024\/03\/IMG-20240307-WA0033.jpg","datePublished":"2024-03-07T17:09:35+00:00","dateModified":"2024-03-07T17:14:55+00:00","breadcrumb":{"@id":"https:\/\/albunorte.pt\/catalogo\/datas-especiais\/padrinhos\/molduras-padrinhos\/moldura-harmoflor\/#breadcrumb"},"inLanguage":"en-GB","potentialAction":[{"@type":"ReadAction","target":["https:\/\/albunorte.pt\/catalogo\/datas-especiais\/padrinhos\/molduras-padrinhos\/moldura-harmoflor\/"]}]},{"@type":"ImageObject","inLanguage":"en-GB","@id":"https:\/\/albunorte.pt\/catalogo\/datas-especiais\/padrinhos\/molduras-padrinhos\/moldura-harmoflor\/#primaryimage","url":"https:\/\/albunorte.pt\/wp-content\/uploads\/2024\/03\/IMG-20240307-WA0033.jpg","contentUrl":"https:\/\/albunorte.pt\/wp-content\/uploads\/2024\/03\/IMG-20240307-WA0033.jpg","width":600,"height":720},{"@type":"BreadcrumbList","@id":"https:\/\/albunorte.pt\/catalogo\/datas-especiais\/padrinhos\/molduras-padrinhos\/moldura-harmoflor\/#breadcrumb","itemListElement":[{"@type":"ListItem","position":1,"name":"In\u00edcio","item":"https:\/\/albunorte.pt\/"},{"@type":"ListItem","position":2,"name":"Produtos","item":"https:\/\/albunorte.pt\/produtos\/"},{"@type":"ListItem","position":3,"name":"Moldura Harmoflor"}]},{"@type":"WebSite","@id":"https:\/\/albunorte.pt\/#website","url":"https:\/\/albunorte.pt\/","name":"Albunorte","description":"Albuns Digitais","potentialAction":[{"@type":"SearchAction","target":{"@type":"EntryPoint","urlTemplate":"https:\/\/albunorte.pt\/?s={search_term_string}"},"query-input":{"@type":"PropertyValueSpecification","valueRequired":true,"valueName":"search_term_string"}}],"inLanguage":"en-GB"}]}},"_links":{"self":[{"href":"https:\/\/albunorte.pt\/en\/wp-json\/wp\/v2\/product\/34240","targetHints":{"allow":["GET"]}}],"collection":[{"href":"https:\/\/albunorte.pt\/en\/wp-json\/wp\/v2\/product"}],"about":[{"href":"https:\/\/albunorte.pt\/en\/wp-json\/wp\/v2\/types\/product"}],"wp:featuredmedia":[{"embeddable":true,"href":"https:\/\/albunorte.pt\/en\/wp-json\/wp\/v2\/media\/34151"}],"wp:attachment":[{"href":"https:\/\/albunorte.pt\/en\/wp-json\/wp\/v2\/media?parent=34240"}],"wp:term":[{"taxonomy":"product_brand","embeddable":true,"href":"https:\/\/albunorte.pt\/en\/wp-json\/wp\/v2\/product_brand?post=34240"},{"taxonomy":"product_cat","embeddable":true,"href":"https:\/\/albunorte.pt\/en\/wp-json\/wp\/v2\/product_cat?post=34240"},{"taxonomy":"product_tag","embeddable":true,"href":"https:\/\/albunorte.pt\/en\/wp-json\/wp\/v2\/product_tag?post=34240"}],"curies":[{"name":"wp","href":"https:\/\/api.w.org\/{rel}","templated":true}]}}