{"id":34787,"date":"2024-04-19T13:26:34","date_gmt":"2024-04-19T13:26:34","guid":{"rendered":"https:\/\/albunorte.pt\/?post_type=product&#038;p=34787"},"modified":"2024-04-22T16:27:06","modified_gmt":"2024-04-22T16:27:06","slug":"lembranca-24-07","status":"publish","type":"product","link":"https:\/\/albunorte.pt\/en\/catalogo\/albuns-analogicos\/l\/lembranca-24-07\/","title":{"rendered":"Lembran\u00e7a 24.07"},"content":{"rendered":"<p style=\"text-align: left;\">Lata decorativa com 7cm de di\u00e2metro e 4.4 cm de altura.<br \/>\nLatinha com ter\u00e7o branco inclu\u00eddo por dentro.<br \/>\nOp\u00e7\u00e3o em cor-de-rosa ou em azul.<br \/>\nEtiqueta personalizada inclu\u00edda.<\/p>\n<p>&nbsp;<\/p>\n<p><strong>Limitado ao stock existente.<\/strong><\/p>\n<p>&nbsp;<\/p>\n<p>*<em>N\u00e3o produzimos em quantidades inferiores a 10 unidades.<\/em><\/p>","protected":false},"excerpt":{"rendered":"<p>Lata decorativa com 7cm de di\u00e2metro e 4.4 cm de altura. Latinha com ter\u00e7o branco inclu\u00eddo por dentro. Op\u00e7\u00e3o em cor-de-rosa ou em azul. Etiqueta personalizada inclu\u00edda. &nbsp; Limitado ao stock existente. &nbsp; *N\u00e3o produzimos em quantidades inferiores a 10 unidades.<\/p>","protected":false},"featured_media":34723,"template":"","meta":[],"product_brand":[],"product_cat":[35,814],"product_tag":[],"class_list":{"0":"post-34787","1":"product","2":"type-product","3":"status-publish","4":"has-post-thumbnail","6":"product_cat-albuns-analogicos","7":"product_cat-l","9":"first","10":"instock","11":"shipping-taxable","12":"purchasable","13":"product-type-simple"},"yoast_head":"<!-- This site is optimized with the Yoast SEO plugin v27.3 - https:\/\/yoast.com\/product\/yoast-seo-wordpress\/ -->\n<title>Lembran\u00e7a 24.07 - Albunorte<\/title>\n<meta name=\"robots\" content=\"index, follow, max-snippet:-1, max-image-preview:large, max-video-preview:-1\" \/>\n<link rel=\"canonical\" href=\"https:\/\/albunorte.pt\/en\/catalogo\/albuns-analogicos\/l\/lembranca-24-07\/\" \/>\n<meta property=\"og:locale\" content=\"en_GB\" \/>\n<meta property=\"og:type\" content=\"article\" \/>\n<meta property=\"og:title\" content=\"Lembran\u00e7a 24.07 - Albunorte\" \/>\n<meta property=\"og:description\" content=\"Lata decorativa com 7cm de di\u00e2metro e 4.4 cm de altura. Latinha com ter\u00e7o branco inclu\u00eddo por dentro. Op\u00e7\u00e3o em cor-de-rosa ou em azul. Etiqueta personalizada inclu\u00edda. &nbsp; Limitado ao stock existente. &nbsp; *N\u00e3o produzimos em quantidades inferiores a 10 unidades.\" \/>\n<meta property=\"og:url\" content=\"https:\/\/albunorte.pt\/en\/catalogo\/albuns-analogicos\/l\/lembranca-24-07\/\" \/>\n<meta property=\"og:site_name\" content=\"Albunorte\" \/>\n<meta property=\"article:modified_time\" content=\"2024-04-22T16:27:06+00:00\" \/>\n<meta property=\"og:image\" content=\"https:\/\/albunorte.pt\/wp-content\/uploads\/2024\/04\/IMG-20240418-WA0094.jpg\" \/>\n\t<meta property=\"og:image:width\" content=\"600\" \/>\n\t<meta property=\"og:image:height\" content=\"720\" \/>\n\t<meta property=\"og:image:type\" content=\"image\/jpeg\" \/>\n<meta name=\"twitter:card\" content=\"summary_large_image\" \/>\n<meta name=\"twitter:label1\" content=\"Estimated reading time\" \/>\n\t<meta name=\"twitter:data1\" content=\"1 minute\" \/>\n<script type=\"application\/ld+json\" class=\"yoast-schema-graph\">{\"@context\":\"https:\\\/\\\/schema.org\",\"@graph\":[{\"@type\":\"WebPage\",\"@id\":\"https:\\\/\\\/albunorte.pt\\\/catalogo\\\/albuns-analogicos\\\/l\\\/lembranca-24-07\\\/\",\"url\":\"https:\\\/\\\/albunorte.pt\\\/catalogo\\\/albuns-analogicos\\\/l\\\/lembranca-24-07\\\/\",\"name\":\"Lembran\u00e7a 24.07 - Albunorte\",\"isPartOf\":{\"@id\":\"https:\\\/\\\/albunorte.pt\\\/#website\"},\"primaryImageOfPage\":{\"@id\":\"https:\\\/\\\/albunorte.pt\\\/catalogo\\\/albuns-analogicos\\\/l\\\/lembranca-24-07\\\/#primaryimage\"},\"image\":{\"@id\":\"https:\\\/\\\/albunorte.pt\\\/catalogo\\\/albuns-analogicos\\\/l\\\/lembranca-24-07\\\/#primaryimage\"},\"thumbnailUrl\":\"https:\\\/\\\/albunorte.pt\\\/wp-content\\\/uploads\\\/2024\\\/04\\\/IMG-20240418-WA0094.jpg\",\"datePublished\":\"2024-04-19T13:26:34+00:00\",\"dateModified\":\"2024-04-22T16:27:06+00:00\",\"breadcrumb\":{\"@id\":\"https:\\\/\\\/albunorte.pt\\\/catalogo\\\/albuns-analogicos\\\/l\\\/lembranca-24-07\\\/#breadcrumb\"},\"inLanguage\":\"en-GB\",\"potentialAction\":[{\"@type\":\"ReadAction\",\"target\":[\"https:\\\/\\\/albunorte.pt\\\/catalogo\\\/albuns-analogicos\\\/l\\\/lembranca-24-07\\\/\"]}]},{\"@type\":\"ImageObject\",\"inLanguage\":\"en-GB\",\"@id\":\"https:\\\/\\\/albunorte.pt\\\/catalogo\\\/albuns-analogicos\\\/l\\\/lembranca-24-07\\\/#primaryimage\",\"url\":\"https:\\\/\\\/albunorte.pt\\\/wp-content\\\/uploads\\\/2024\\\/04\\\/IMG-20240418-WA0094.jpg\",\"contentUrl\":\"https:\\\/\\\/albunorte.pt\\\/wp-content\\\/uploads\\\/2024\\\/04\\\/IMG-20240418-WA0094.jpg\",\"width\":600,\"height\":720},{\"@type\":\"BreadcrumbList\",\"@id\":\"https:\\\/\\\/albunorte.pt\\\/catalogo\\\/albuns-analogicos\\\/l\\\/lembranca-24-07\\\/#breadcrumb\",\"itemListElement\":[{\"@type\":\"ListItem\",\"position\":1,\"name\":\"In\u00edcio\",\"item\":\"https:\\\/\\\/albunorte.pt\\\/\"},{\"@type\":\"ListItem\",\"position\":2,\"name\":\"Produtos\",\"item\":\"https:\\\/\\\/albunorte.pt\\\/produtos\\\/\"},{\"@type\":\"ListItem\",\"position\":3,\"name\":\"Lembran\u00e7a 24.07\"}]},{\"@type\":\"WebSite\",\"@id\":\"https:\\\/\\\/albunorte.pt\\\/#website\",\"url\":\"https:\\\/\\\/albunorte.pt\\\/\",\"name\":\"Albunorte\",\"description\":\"Albuns Digitais\",\"potentialAction\":[{\"@type\":\"SearchAction\",\"target\":{\"@type\":\"EntryPoint\",\"urlTemplate\":\"https:\\\/\\\/albunorte.pt\\\/?s={search_term_string}\"},\"query-input\":{\"@type\":\"PropertyValueSpecification\",\"valueRequired\":true,\"valueName\":\"search_term_string\"}}],\"inLanguage\":\"en-GB\"}]}<\/script>\n<!-- \/ Yoast SEO plugin. -->","yoast_head_json":{"title":"Lembran\u00e7a 24.07 - Albunorte","robots":{"index":"index","follow":"follow","max-snippet":"max-snippet:-1","max-image-preview":"max-image-preview:large","max-video-preview":"max-video-preview:-1"},"canonical":"https:\/\/albunorte.pt\/en\/catalogo\/albuns-analogicos\/l\/lembranca-24-07\/","og_locale":"en_GB","og_type":"article","og_title":"Lembran\u00e7a 24.07 - Albunorte","og_description":"Lata decorativa com 7cm de di\u00e2metro e 4.4 cm de altura. Latinha com ter\u00e7o branco inclu\u00eddo por dentro. Op\u00e7\u00e3o em cor-de-rosa ou em azul. Etiqueta personalizada inclu\u00edda. &nbsp; Limitado ao stock existente. &nbsp; *N\u00e3o produzimos em quantidades inferiores a 10 unidades.","og_url":"https:\/\/albunorte.pt\/en\/catalogo\/albuns-analogicos\/l\/lembranca-24-07\/","og_site_name":"Albunorte","article_modified_time":"2024-04-22T16:27:06+00:00","og_image":[{"width":600,"height":720,"url":"https:\/\/albunorte.pt\/wp-content\/uploads\/2024\/04\/IMG-20240418-WA0094.jpg","type":"image\/jpeg"}],"twitter_card":"summary_large_image","twitter_misc":{"Estimated reading time":"1 minute"},"schema":{"@context":"https:\/\/schema.org","@graph":[{"@type":"WebPage","@id":"https:\/\/albunorte.pt\/catalogo\/albuns-analogicos\/l\/lembranca-24-07\/","url":"https:\/\/albunorte.pt\/catalogo\/albuns-analogicos\/l\/lembranca-24-07\/","name":"Lembran\u00e7a 24.07 - Albunorte","isPartOf":{"@id":"https:\/\/albunorte.pt\/#website"},"primaryImageOfPage":{"@id":"https:\/\/albunorte.pt\/catalogo\/albuns-analogicos\/l\/lembranca-24-07\/#primaryimage"},"image":{"@id":"https:\/\/albunorte.pt\/catalogo\/albuns-analogicos\/l\/lembranca-24-07\/#primaryimage"},"thumbnailUrl":"https:\/\/albunorte.pt\/wp-content\/uploads\/2024\/04\/IMG-20240418-WA0094.jpg","datePublished":"2024-04-19T13:26:34+00:00","dateModified":"2024-04-22T16:27:06+00:00","breadcrumb":{"@id":"https:\/\/albunorte.pt\/catalogo\/albuns-analogicos\/l\/lembranca-24-07\/#breadcrumb"},"inLanguage":"en-GB","potentialAction":[{"@type":"ReadAction","target":["https:\/\/albunorte.pt\/catalogo\/albuns-analogicos\/l\/lembranca-24-07\/"]}]},{"@type":"ImageObject","inLanguage":"en-GB","@id":"https:\/\/albunorte.pt\/catalogo\/albuns-analogicos\/l\/lembranca-24-07\/#primaryimage","url":"https:\/\/albunorte.pt\/wp-content\/uploads\/2024\/04\/IMG-20240418-WA0094.jpg","contentUrl":"https:\/\/albunorte.pt\/wp-content\/uploads\/2024\/04\/IMG-20240418-WA0094.jpg","width":600,"height":720},{"@type":"BreadcrumbList","@id":"https:\/\/albunorte.pt\/catalogo\/albuns-analogicos\/l\/lembranca-24-07\/#breadcrumb","itemListElement":[{"@type":"ListItem","position":1,"name":"In\u00edcio","item":"https:\/\/albunorte.pt\/"},{"@type":"ListItem","position":2,"name":"Produtos","item":"https:\/\/albunorte.pt\/produtos\/"},{"@type":"ListItem","position":3,"name":"Lembran\u00e7a 24.07"}]},{"@type":"WebSite","@id":"https:\/\/albunorte.pt\/#website","url":"https:\/\/albunorte.pt\/","name":"Albunorte","description":"Albuns Digitais","potentialAction":[{"@type":"SearchAction","target":{"@type":"EntryPoint","urlTemplate":"https:\/\/albunorte.pt\/?s={search_term_string}"},"query-input":{"@type":"PropertyValueSpecification","valueRequired":true,"valueName":"search_term_string"}}],"inLanguage":"en-GB"}]}},"_links":{"self":[{"href":"https:\/\/albunorte.pt\/en\/wp-json\/wp\/v2\/product\/34787","targetHints":{"allow":["GET"]}}],"collection":[{"href":"https:\/\/albunorte.pt\/en\/wp-json\/wp\/v2\/product"}],"about":[{"href":"https:\/\/albunorte.pt\/en\/wp-json\/wp\/v2\/types\/product"}],"wp:featuredmedia":[{"embeddable":true,"href":"https:\/\/albunorte.pt\/en\/wp-json\/wp\/v2\/media\/34723"}],"wp:attachment":[{"href":"https:\/\/albunorte.pt\/en\/wp-json\/wp\/v2\/media?parent=34787"}],"wp:term":[{"taxonomy":"product_brand","embeddable":true,"href":"https:\/\/albunorte.pt\/en\/wp-json\/wp\/v2\/product_brand?post=34787"},{"taxonomy":"product_cat","embeddable":true,"href":"https:\/\/albunorte.pt\/en\/wp-json\/wp\/v2\/product_cat?post=34787"},{"taxonomy":"product_tag","embeddable":true,"href":"https:\/\/albunorte.pt\/en\/wp-json\/wp\/v2\/product_tag?post=34787"}],"curies":[{"name":"wp","href":"https:\/\/api.w.org\/{rel}","templated":true}]}}