{"id":35301,"date":"2025-03-21T09:45:00","date_gmt":"2025-03-21T09:45:00","guid":{"rendered":"https:\/\/albunorte.pt\/?post_type=product&#038;p=35301"},"modified":"2026-03-24T10:12:20","modified_gmt":"2026-03-24T10:12:20","slug":"moldura-elegancia-15x20","status":"publish","type":"product","link":"https:\/\/albunorte.pt\/en\/catalogo\/datas-especiais\/dia-pai\/molduras-dia-pai\/moldura-elegancia-15x20\/","title":{"rendered":"Moldura Eleg\u00e2ncia 15&#215;20"},"content":{"rendered":"<p>Moldura em madeira com acr\u00edlico para fotografia 15x20cm com aplica\u00e7\u00e3o da roda de madeira com grava\u00e7\u00e3o.<\/p>\n<p>Roda de madeira personaliz\u00e1vel.<\/p>\n<p>Fotografia n\u00e3o inclu\u00edda.<\/p>\n<p>&nbsp;<\/p>","protected":false},"excerpt":{"rendered":"<p>Moldura em madeira com acr\u00edlico para fotografia 15x20cm com aplica\u00e7\u00e3o da roda de madeira com grava\u00e7\u00e3o. Roda de madeira personaliz\u00e1vel. Fotografia n\u00e3o inclu\u00edda. &nbsp;<\/p>","protected":false},"featured_media":35331,"template":"","meta":[],"product_brand":[],"product_cat":[754,547,755],"product_tag":[],"class_list":{"0":"post-35301","1":"product","2":"type-product","3":"status-publish","4":"has-post-thumbnail","6":"product_cat-molduras-dia-pai","7":"product_cat-padrinhos","8":"product_cat-presentes-pequenos-dia-pai","10":"first","11":"instock","12":"shipping-taxable","13":"purchasable","14":"product-type-simple"},"yoast_head":"<!-- This site is optimized with the Yoast SEO plugin v27.3 - https:\/\/yoast.com\/product\/yoast-seo-wordpress\/ -->\n<title>Moldura Eleg\u00e2ncia 15x20 - Albunorte<\/title>\n<meta name=\"robots\" content=\"index, follow, max-snippet:-1, max-image-preview:large, max-video-preview:-1\" \/>\n<link rel=\"canonical\" href=\"https:\/\/albunorte.pt\/en\/catalogo\/datas-especiais\/dia-pai\/molduras-dia-pai\/moldura-elegancia-15x20\/\" \/>\n<meta property=\"og:locale\" content=\"en_GB\" \/>\n<meta property=\"og:type\" content=\"article\" \/>\n<meta property=\"og:title\" content=\"Moldura Eleg\u00e2ncia 15x20 - Albunorte\" \/>\n<meta property=\"og:description\" content=\"Moldura em madeira com acr\u00edlico para fotografia 15x20cm com aplica\u00e7\u00e3o da roda de madeira com grava\u00e7\u00e3o. Roda de madeira personaliz\u00e1vel. Fotografia n\u00e3o inclu\u00edda. &nbsp;\" \/>\n<meta property=\"og:url\" content=\"https:\/\/albunorte.pt\/en\/catalogo\/datas-especiais\/dia-pai\/molduras-dia-pai\/moldura-elegancia-15x20\/\" \/>\n<meta property=\"og:site_name\" content=\"Albunorte\" \/>\n<meta property=\"article:modified_time\" content=\"2026-03-24T10:12:20+00:00\" \/>\n<meta property=\"og:image\" content=\"https:\/\/albunorte.pt\/wp-content\/uploads\/2025\/03\/IMG_4653-scaled.jpg\" \/>\n\t<meta property=\"og:image:width\" content=\"1707\" \/>\n\t<meta property=\"og:image:height\" content=\"2560\" \/>\n\t<meta property=\"og:image:type\" content=\"image\/jpeg\" \/>\n<meta name=\"twitter:card\" content=\"summary_large_image\" \/>\n<meta name=\"twitter:label1\" content=\"Estimated reading time\" \/>\n\t<meta name=\"twitter:data1\" content=\"1 minute\" \/>\n<script type=\"application\/ld+json\" class=\"yoast-schema-graph\">{\"@context\":\"https:\\\/\\\/schema.org\",\"@graph\":[{\"@type\":\"WebPage\",\"@id\":\"https:\\\/\\\/albunorte.pt\\\/catalogo\\\/datas-especiais\\\/dia-pai\\\/molduras-dia-pai\\\/moldura-elegancia-15x20\\\/\",\"url\":\"https:\\\/\\\/albunorte.pt\\\/catalogo\\\/datas-especiais\\\/dia-pai\\\/molduras-dia-pai\\\/moldura-elegancia-15x20\\\/\",\"name\":\"Moldura Eleg\u00e2ncia 15x20 - Albunorte\",\"isPartOf\":{\"@id\":\"https:\\\/\\\/albunorte.pt\\\/#website\"},\"primaryImageOfPage\":{\"@id\":\"https:\\\/\\\/albunorte.pt\\\/catalogo\\\/datas-especiais\\\/dia-pai\\\/molduras-dia-pai\\\/moldura-elegancia-15x20\\\/#primaryimage\"},\"image\":{\"@id\":\"https:\\\/\\\/albunorte.pt\\\/catalogo\\\/datas-especiais\\\/dia-pai\\\/molduras-dia-pai\\\/moldura-elegancia-15x20\\\/#primaryimage\"},\"thumbnailUrl\":\"https:\\\/\\\/albunorte.pt\\\/wp-content\\\/uploads\\\/2025\\\/03\\\/IMG_4653-scaled.jpg\",\"datePublished\":\"2025-03-21T09:45:00+00:00\",\"dateModified\":\"2026-03-24T10:12:20+00:00\",\"breadcrumb\":{\"@id\":\"https:\\\/\\\/albunorte.pt\\\/catalogo\\\/datas-especiais\\\/dia-pai\\\/molduras-dia-pai\\\/moldura-elegancia-15x20\\\/#breadcrumb\"},\"inLanguage\":\"en-GB\",\"potentialAction\":[{\"@type\":\"ReadAction\",\"target\":[\"https:\\\/\\\/albunorte.pt\\\/catalogo\\\/datas-especiais\\\/dia-pai\\\/molduras-dia-pai\\\/moldura-elegancia-15x20\\\/\"]}]},{\"@type\":\"ImageObject\",\"inLanguage\":\"en-GB\",\"@id\":\"https:\\\/\\\/albunorte.pt\\\/catalogo\\\/datas-especiais\\\/dia-pai\\\/molduras-dia-pai\\\/moldura-elegancia-15x20\\\/#primaryimage\",\"url\":\"https:\\\/\\\/albunorte.pt\\\/wp-content\\\/uploads\\\/2025\\\/03\\\/IMG_4653-scaled.jpg\",\"contentUrl\":\"https:\\\/\\\/albunorte.pt\\\/wp-content\\\/uploads\\\/2025\\\/03\\\/IMG_4653-scaled.jpg\",\"width\":1707,\"height\":2560},{\"@type\":\"BreadcrumbList\",\"@id\":\"https:\\\/\\\/albunorte.pt\\\/catalogo\\\/datas-especiais\\\/dia-pai\\\/molduras-dia-pai\\\/moldura-elegancia-15x20\\\/#breadcrumb\",\"itemListElement\":[{\"@type\":\"ListItem\",\"position\":1,\"name\":\"In\u00edcio\",\"item\":\"https:\\\/\\\/albunorte.pt\\\/\"},{\"@type\":\"ListItem\",\"position\":2,\"name\":\"Produtos\",\"item\":\"https:\\\/\\\/albunorte.pt\\\/produtos\\\/\"},{\"@type\":\"ListItem\",\"position\":3,\"name\":\"Moldura Eleg\u00e2ncia 15&#215;20\"}]},{\"@type\":\"WebSite\",\"@id\":\"https:\\\/\\\/albunorte.pt\\\/#website\",\"url\":\"https:\\\/\\\/albunorte.pt\\\/\",\"name\":\"Albunorte\",\"description\":\"Albuns Digitais\",\"potentialAction\":[{\"@type\":\"SearchAction\",\"target\":{\"@type\":\"EntryPoint\",\"urlTemplate\":\"https:\\\/\\\/albunorte.pt\\\/?s={search_term_string}\"},\"query-input\":{\"@type\":\"PropertyValueSpecification\",\"valueRequired\":true,\"valueName\":\"search_term_string\"}}],\"inLanguage\":\"en-GB\"}]}<\/script>\n<!-- \/ Yoast SEO plugin. -->","yoast_head_json":{"title":"Moldura Eleg\u00e2ncia 15x20 - Albunorte","robots":{"index":"index","follow":"follow","max-snippet":"max-snippet:-1","max-image-preview":"max-image-preview:large","max-video-preview":"max-video-preview:-1"},"canonical":"https:\/\/albunorte.pt\/en\/catalogo\/datas-especiais\/dia-pai\/molduras-dia-pai\/moldura-elegancia-15x20\/","og_locale":"en_GB","og_type":"article","og_title":"Moldura Eleg\u00e2ncia 15x20 - Albunorte","og_description":"Moldura em madeira com acr\u00edlico para fotografia 15x20cm com aplica\u00e7\u00e3o da roda de madeira com grava\u00e7\u00e3o. Roda de madeira personaliz\u00e1vel. Fotografia n\u00e3o inclu\u00edda. &nbsp;","og_url":"https:\/\/albunorte.pt\/en\/catalogo\/datas-especiais\/dia-pai\/molduras-dia-pai\/moldura-elegancia-15x20\/","og_site_name":"Albunorte","article_modified_time":"2026-03-24T10:12:20+00:00","og_image":[{"width":1707,"height":2560,"url":"https:\/\/albunorte.pt\/wp-content\/uploads\/2025\/03\/IMG_4653-scaled.jpg","type":"image\/jpeg"}],"twitter_card":"summary_large_image","twitter_misc":{"Estimated reading time":"1 minute"},"schema":{"@context":"https:\/\/schema.org","@graph":[{"@type":"WebPage","@id":"https:\/\/albunorte.pt\/catalogo\/datas-especiais\/dia-pai\/molduras-dia-pai\/moldura-elegancia-15x20\/","url":"https:\/\/albunorte.pt\/catalogo\/datas-especiais\/dia-pai\/molduras-dia-pai\/moldura-elegancia-15x20\/","name":"Moldura Eleg\u00e2ncia 15x20 - Albunorte","isPartOf":{"@id":"https:\/\/albunorte.pt\/#website"},"primaryImageOfPage":{"@id":"https:\/\/albunorte.pt\/catalogo\/datas-especiais\/dia-pai\/molduras-dia-pai\/moldura-elegancia-15x20\/#primaryimage"},"image":{"@id":"https:\/\/albunorte.pt\/catalogo\/datas-especiais\/dia-pai\/molduras-dia-pai\/moldura-elegancia-15x20\/#primaryimage"},"thumbnailUrl":"https:\/\/albunorte.pt\/wp-content\/uploads\/2025\/03\/IMG_4653-scaled.jpg","datePublished":"2025-03-21T09:45:00+00:00","dateModified":"2026-03-24T10:12:20+00:00","breadcrumb":{"@id":"https:\/\/albunorte.pt\/catalogo\/datas-especiais\/dia-pai\/molduras-dia-pai\/moldura-elegancia-15x20\/#breadcrumb"},"inLanguage":"en-GB","potentialAction":[{"@type":"ReadAction","target":["https:\/\/albunorte.pt\/catalogo\/datas-especiais\/dia-pai\/molduras-dia-pai\/moldura-elegancia-15x20\/"]}]},{"@type":"ImageObject","inLanguage":"en-GB","@id":"https:\/\/albunorte.pt\/catalogo\/datas-especiais\/dia-pai\/molduras-dia-pai\/moldura-elegancia-15x20\/#primaryimage","url":"https:\/\/albunorte.pt\/wp-content\/uploads\/2025\/03\/IMG_4653-scaled.jpg","contentUrl":"https:\/\/albunorte.pt\/wp-content\/uploads\/2025\/03\/IMG_4653-scaled.jpg","width":1707,"height":2560},{"@type":"BreadcrumbList","@id":"https:\/\/albunorte.pt\/catalogo\/datas-especiais\/dia-pai\/molduras-dia-pai\/moldura-elegancia-15x20\/#breadcrumb","itemListElement":[{"@type":"ListItem","position":1,"name":"In\u00edcio","item":"https:\/\/albunorte.pt\/"},{"@type":"ListItem","position":2,"name":"Produtos","item":"https:\/\/albunorte.pt\/produtos\/"},{"@type":"ListItem","position":3,"name":"Moldura Eleg\u00e2ncia 15&#215;20"}]},{"@type":"WebSite","@id":"https:\/\/albunorte.pt\/#website","url":"https:\/\/albunorte.pt\/","name":"Albunorte","description":"Albuns Digitais","potentialAction":[{"@type":"SearchAction","target":{"@type":"EntryPoint","urlTemplate":"https:\/\/albunorte.pt\/?s={search_term_string}"},"query-input":{"@type":"PropertyValueSpecification","valueRequired":true,"valueName":"search_term_string"}}],"inLanguage":"en-GB"}]}},"_links":{"self":[{"href":"https:\/\/albunorte.pt\/en\/wp-json\/wp\/v2\/product\/35301","targetHints":{"allow":["GET"]}}],"collection":[{"href":"https:\/\/albunorte.pt\/en\/wp-json\/wp\/v2\/product"}],"about":[{"href":"https:\/\/albunorte.pt\/en\/wp-json\/wp\/v2\/types\/product"}],"wp:featuredmedia":[{"embeddable":true,"href":"https:\/\/albunorte.pt\/en\/wp-json\/wp\/v2\/media\/35331"}],"wp:attachment":[{"href":"https:\/\/albunorte.pt\/en\/wp-json\/wp\/v2\/media?parent=35301"}],"wp:term":[{"taxonomy":"product_brand","embeddable":true,"href":"https:\/\/albunorte.pt\/en\/wp-json\/wp\/v2\/product_brand?post=35301"},{"taxonomy":"product_cat","embeddable":true,"href":"https:\/\/albunorte.pt\/en\/wp-json\/wp\/v2\/product_cat?post=35301"},{"taxonomy":"product_tag","embeddable":true,"href":"https:\/\/albunorte.pt\/en\/wp-json\/wp\/v2\/product_tag?post=35301"}],"curies":[{"name":"wp","href":"https:\/\/api.w.org\/{rel}","templated":true}]}}