{"id":35397,"date":"2025-03-24T09:32:53","date_gmt":"2025-03-24T09:32:53","guid":{"rendered":"https:\/\/albunorte.pt\/?post_type=product&#038;p=35397"},"modified":"2025-03-24T10:40:11","modified_gmt":"2025-03-24T10:40:11","slug":"moldura-eggs","status":"publish","type":"product","link":"https:\/\/albunorte.pt\/en\/catalogo\/datas-especiais\/padrinhos\/molduras-padrinhos\/moldura-eggs\/","title":{"rendered":"Moldura Eggs"},"content":{"rendered":"<p>Moldura para fotografia 15x15cm<\/p>\n<p>Decora\u00e7\u00e3o varia consoante stock existente.<\/p>\n<p>Fotografia n\u00e3o inclu\u00edda.<\/p>\n<p>&nbsp;<\/p>\n<p>&nbsp;<\/p>","protected":false},"excerpt":{"rendered":"<p>Moldura para fotografia 15x15cm Decora\u00e7\u00e3o varia consoante stock existente. Fotografia n\u00e3o inclu\u00edda. &nbsp; &nbsp;<\/p>","protected":false},"featured_media":35399,"template":"","meta":[],"product_brand":[],"product_cat":[735,547],"product_tag":[],"class_list":{"0":"post-35397","1":"product","2":"type-product","3":"status-publish","4":"has-post-thumbnail","6":"product_cat-molduras-padrinhos","7":"product_cat-padrinhos","9":"first","10":"instock","11":"shipping-taxable","12":"purchasable","13":"product-type-simple"},"yoast_head":"<!-- This site is optimized with the Yoast SEO plugin v27.3 - https:\/\/yoast.com\/product\/yoast-seo-wordpress\/ -->\n<title>Moldura Eggs - Albunorte<\/title>\n<meta name=\"robots\" content=\"index, follow, max-snippet:-1, max-image-preview:large, max-video-preview:-1\" \/>\n<link rel=\"canonical\" href=\"https:\/\/albunorte.pt\/en\/catalogo\/datas-especiais\/padrinhos\/molduras-padrinhos\/moldura-eggs\/\" \/>\n<meta property=\"og:locale\" content=\"en_GB\" \/>\n<meta property=\"og:type\" content=\"article\" \/>\n<meta property=\"og:title\" content=\"Moldura Eggs - Albunorte\" \/>\n<meta property=\"og:description\" content=\"Moldura para fotografia 15x15cm Decora\u00e7\u00e3o varia consoante stock existente. Fotografia n\u00e3o inclu\u00edda. &nbsp; &nbsp;\" \/>\n<meta property=\"og:url\" content=\"https:\/\/albunorte.pt\/en\/catalogo\/datas-especiais\/padrinhos\/molduras-padrinhos\/moldura-eggs\/\" \/>\n<meta property=\"og:site_name\" content=\"Albunorte\" \/>\n<meta property=\"article:modified_time\" content=\"2025-03-24T10:40:11+00:00\" \/>\n<meta property=\"og:image\" content=\"https:\/\/albunorte.pt\/wp-content\/uploads\/2025\/03\/IMG_4585.jpg\" \/>\n\t<meta property=\"og:image:width\" content=\"600\" \/>\n\t<meta property=\"og:image:height\" content=\"720\" \/>\n\t<meta property=\"og:image:type\" content=\"image\/jpeg\" \/>\n<meta name=\"twitter:card\" content=\"summary_large_image\" \/>\n<meta name=\"twitter:label1\" content=\"Estimated reading time\" \/>\n\t<meta name=\"twitter:data1\" content=\"1 minute\" \/>\n<script type=\"application\/ld+json\" class=\"yoast-schema-graph\">{\"@context\":\"https:\\\/\\\/schema.org\",\"@graph\":[{\"@type\":\"WebPage\",\"@id\":\"https:\\\/\\\/albunorte.pt\\\/catalogo\\\/datas-especiais\\\/padrinhos\\\/molduras-padrinhos\\\/moldura-eggs\\\/\",\"url\":\"https:\\\/\\\/albunorte.pt\\\/catalogo\\\/datas-especiais\\\/padrinhos\\\/molduras-padrinhos\\\/moldura-eggs\\\/\",\"name\":\"Moldura Eggs - Albunorte\",\"isPartOf\":{\"@id\":\"https:\\\/\\\/albunorte.pt\\\/#website\"},\"primaryImageOfPage\":{\"@id\":\"https:\\\/\\\/albunorte.pt\\\/catalogo\\\/datas-especiais\\\/padrinhos\\\/molduras-padrinhos\\\/moldura-eggs\\\/#primaryimage\"},\"image\":{\"@id\":\"https:\\\/\\\/albunorte.pt\\\/catalogo\\\/datas-especiais\\\/padrinhos\\\/molduras-padrinhos\\\/moldura-eggs\\\/#primaryimage\"},\"thumbnailUrl\":\"https:\\\/\\\/albunorte.pt\\\/wp-content\\\/uploads\\\/2025\\\/03\\\/IMG_4585.jpg\",\"datePublished\":\"2025-03-24T09:32:53+00:00\",\"dateModified\":\"2025-03-24T10:40:11+00:00\",\"breadcrumb\":{\"@id\":\"https:\\\/\\\/albunorte.pt\\\/catalogo\\\/datas-especiais\\\/padrinhos\\\/molduras-padrinhos\\\/moldura-eggs\\\/#breadcrumb\"},\"inLanguage\":\"en-GB\",\"potentialAction\":[{\"@type\":\"ReadAction\",\"target\":[\"https:\\\/\\\/albunorte.pt\\\/catalogo\\\/datas-especiais\\\/padrinhos\\\/molduras-padrinhos\\\/moldura-eggs\\\/\"]}]},{\"@type\":\"ImageObject\",\"inLanguage\":\"en-GB\",\"@id\":\"https:\\\/\\\/albunorte.pt\\\/catalogo\\\/datas-especiais\\\/padrinhos\\\/molduras-padrinhos\\\/moldura-eggs\\\/#primaryimage\",\"url\":\"https:\\\/\\\/albunorte.pt\\\/wp-content\\\/uploads\\\/2025\\\/03\\\/IMG_4585.jpg\",\"contentUrl\":\"https:\\\/\\\/albunorte.pt\\\/wp-content\\\/uploads\\\/2025\\\/03\\\/IMG_4585.jpg\",\"width\":600,\"height\":720},{\"@type\":\"BreadcrumbList\",\"@id\":\"https:\\\/\\\/albunorte.pt\\\/catalogo\\\/datas-especiais\\\/padrinhos\\\/molduras-padrinhos\\\/moldura-eggs\\\/#breadcrumb\",\"itemListElement\":[{\"@type\":\"ListItem\",\"position\":1,\"name\":\"In\u00edcio\",\"item\":\"https:\\\/\\\/albunorte.pt\\\/\"},{\"@type\":\"ListItem\",\"position\":2,\"name\":\"Produtos\",\"item\":\"https:\\\/\\\/albunorte.pt\\\/produtos\\\/\"},{\"@type\":\"ListItem\",\"position\":3,\"name\":\"Moldura Eggs\"}]},{\"@type\":\"WebSite\",\"@id\":\"https:\\\/\\\/albunorte.pt\\\/#website\",\"url\":\"https:\\\/\\\/albunorte.pt\\\/\",\"name\":\"Albunorte\",\"description\":\"Albuns Digitais\",\"potentialAction\":[{\"@type\":\"SearchAction\",\"target\":{\"@type\":\"EntryPoint\",\"urlTemplate\":\"https:\\\/\\\/albunorte.pt\\\/?s={search_term_string}\"},\"query-input\":{\"@type\":\"PropertyValueSpecification\",\"valueRequired\":true,\"valueName\":\"search_term_string\"}}],\"inLanguage\":\"en-GB\"}]}<\/script>\n<!-- \/ Yoast SEO plugin. -->","yoast_head_json":{"title":"Moldura Eggs - Albunorte","robots":{"index":"index","follow":"follow","max-snippet":"max-snippet:-1","max-image-preview":"max-image-preview:large","max-video-preview":"max-video-preview:-1"},"canonical":"https:\/\/albunorte.pt\/en\/catalogo\/datas-especiais\/padrinhos\/molduras-padrinhos\/moldura-eggs\/","og_locale":"en_GB","og_type":"article","og_title":"Moldura Eggs - Albunorte","og_description":"Moldura para fotografia 15x15cm Decora\u00e7\u00e3o varia consoante stock existente. Fotografia n\u00e3o inclu\u00edda. &nbsp; &nbsp;","og_url":"https:\/\/albunorte.pt\/en\/catalogo\/datas-especiais\/padrinhos\/molduras-padrinhos\/moldura-eggs\/","og_site_name":"Albunorte","article_modified_time":"2025-03-24T10:40:11+00:00","og_image":[{"width":600,"height":720,"url":"https:\/\/albunorte.pt\/wp-content\/uploads\/2025\/03\/IMG_4585.jpg","type":"image\/jpeg"}],"twitter_card":"summary_large_image","twitter_misc":{"Estimated reading time":"1 minute"},"schema":{"@context":"https:\/\/schema.org","@graph":[{"@type":"WebPage","@id":"https:\/\/albunorte.pt\/catalogo\/datas-especiais\/padrinhos\/molduras-padrinhos\/moldura-eggs\/","url":"https:\/\/albunorte.pt\/catalogo\/datas-especiais\/padrinhos\/molduras-padrinhos\/moldura-eggs\/","name":"Moldura Eggs - Albunorte","isPartOf":{"@id":"https:\/\/albunorte.pt\/#website"},"primaryImageOfPage":{"@id":"https:\/\/albunorte.pt\/catalogo\/datas-especiais\/padrinhos\/molduras-padrinhos\/moldura-eggs\/#primaryimage"},"image":{"@id":"https:\/\/albunorte.pt\/catalogo\/datas-especiais\/padrinhos\/molduras-padrinhos\/moldura-eggs\/#primaryimage"},"thumbnailUrl":"https:\/\/albunorte.pt\/wp-content\/uploads\/2025\/03\/IMG_4585.jpg","datePublished":"2025-03-24T09:32:53+00:00","dateModified":"2025-03-24T10:40:11+00:00","breadcrumb":{"@id":"https:\/\/albunorte.pt\/catalogo\/datas-especiais\/padrinhos\/molduras-padrinhos\/moldura-eggs\/#breadcrumb"},"inLanguage":"en-GB","potentialAction":[{"@type":"ReadAction","target":["https:\/\/albunorte.pt\/catalogo\/datas-especiais\/padrinhos\/molduras-padrinhos\/moldura-eggs\/"]}]},{"@type":"ImageObject","inLanguage":"en-GB","@id":"https:\/\/albunorte.pt\/catalogo\/datas-especiais\/padrinhos\/molduras-padrinhos\/moldura-eggs\/#primaryimage","url":"https:\/\/albunorte.pt\/wp-content\/uploads\/2025\/03\/IMG_4585.jpg","contentUrl":"https:\/\/albunorte.pt\/wp-content\/uploads\/2025\/03\/IMG_4585.jpg","width":600,"height":720},{"@type":"BreadcrumbList","@id":"https:\/\/albunorte.pt\/catalogo\/datas-especiais\/padrinhos\/molduras-padrinhos\/moldura-eggs\/#breadcrumb","itemListElement":[{"@type":"ListItem","position":1,"name":"In\u00edcio","item":"https:\/\/albunorte.pt\/"},{"@type":"ListItem","position":2,"name":"Produtos","item":"https:\/\/albunorte.pt\/produtos\/"},{"@type":"ListItem","position":3,"name":"Moldura Eggs"}]},{"@type":"WebSite","@id":"https:\/\/albunorte.pt\/#website","url":"https:\/\/albunorte.pt\/","name":"Albunorte","description":"Albuns Digitais","potentialAction":[{"@type":"SearchAction","target":{"@type":"EntryPoint","urlTemplate":"https:\/\/albunorte.pt\/?s={search_term_string}"},"query-input":{"@type":"PropertyValueSpecification","valueRequired":true,"valueName":"search_term_string"}}],"inLanguage":"en-GB"}]}},"_links":{"self":[{"href":"https:\/\/albunorte.pt\/en\/wp-json\/wp\/v2\/product\/35397","targetHints":{"allow":["GET"]}}],"collection":[{"href":"https:\/\/albunorte.pt\/en\/wp-json\/wp\/v2\/product"}],"about":[{"href":"https:\/\/albunorte.pt\/en\/wp-json\/wp\/v2\/types\/product"}],"wp:featuredmedia":[{"embeddable":true,"href":"https:\/\/albunorte.pt\/en\/wp-json\/wp\/v2\/media\/35399"}],"wp:attachment":[{"href":"https:\/\/albunorte.pt\/en\/wp-json\/wp\/v2\/media?parent=35397"}],"wp:term":[{"taxonomy":"product_brand","embeddable":true,"href":"https:\/\/albunorte.pt\/en\/wp-json\/wp\/v2\/product_brand?post=35397"},{"taxonomy":"product_cat","embeddable":true,"href":"https:\/\/albunorte.pt\/en\/wp-json\/wp\/v2\/product_cat?post=35397"},{"taxonomy":"product_tag","embeddable":true,"href":"https:\/\/albunorte.pt\/en\/wp-json\/wp\/v2\/product_tag?post=35397"}],"curies":[{"name":"wp","href":"https:\/\/api.w.org\/{rel}","templated":true}]}}